{"id":3469,"date":"2025-12-02T19:49:39","date_gmt":"2025-12-02T18:49:39","guid":{"rendered":"https:\/\/meca-remorque.com\/?post_type=product&#038;p=3469"},"modified":"2025-12-02T19:49:46","modified_gmt":"2025-12-02T18:49:46","slug":"morso-6143-apen-sokkel","status":"publish","type":"product","link":"https:\/\/vedtilventeren.com\/fr\/produit\/morso-6143-apen-sokkel\/","title":{"rendered":"Mors\u00f8 6143 \u00c5pen sokkel"},"content":{"rendered":"","protected":false},"excerpt":{"rendered":"<p>En elegant og tidl\u00f8s serie med imponerende sjel og kapasitet. Hele serien pryder stuen p\u00e5 en diskret og stilfull m\u00e5te med ovnenes karakteriske ovale utforming. 6100 har milj\u00f8merket Svanen, og oppfyller de strengeste milj\u00f8kravene.<\/p>","protected":false},"featured_media":3508,"comment_status":"open","ping_status":"closed","template":"","meta":[],"product_brand":[],"product_cat":[281,282],"product_tag":[],"class_list":{"0":"post-3469","1":"product","2":"type-product","3":"status-publish","4":"has-post-thumbnail","6":"product_cat-ovn","7":"product_cat-peisovner-og-vedovner","9":"first","10":"instock","11":"shipping-taxable","12":"purchasable","13":"product-type-simple"},"jetpack_sharing_enabled":true,"_links":{"self":[{"href":"https:\/\/vedtilventeren.com\/fr\/wp-json\/wp\/v2\/product\/3469","targetHints":{"allow":["GET"]}}],"collection":[{"href":"https:\/\/vedtilventeren.com\/fr\/wp-json\/wp\/v2\/product"}],"about":[{"href":"https:\/\/vedtilventeren.com\/fr\/wp-json\/wp\/v2\/types\/product"}],"replies":[{"embeddable":true,"href":"https:\/\/vedtilventeren.com\/fr\/wp-json\/wp\/v2\/comments?post=3469"}],"version-history":[{"count":1,"href":"https:\/\/vedtilventeren.com\/fr\/wp-json\/wp\/v2\/product\/3469\/revisions"}],"predecessor-version":[{"id":3509,"href":"https:\/\/vedtilventeren.com\/fr\/wp-json\/wp\/v2\/product\/3469\/revisions\/3509"}],"wp:featuredmedia":[{"embeddable":true,"href":"https:\/\/vedtilventeren.com\/fr\/wp-json\/wp\/v2\/media\/3508"}],"wp:attachment":[{"href":"https:\/\/vedtilventeren.com\/fr\/wp-json\/wp\/v2\/media?parent=3469"}],"wp:term":[{"taxonomy":"product_brand","embeddable":true,"href":"https:\/\/vedtilventeren.com\/fr\/wp-json\/wp\/v2\/product_brand?post=3469"},{"taxonomy":"product_cat","embeddable":true,"href":"https:\/\/vedtilventeren.com\/fr\/wp-json\/wp\/v2\/product_cat?post=3469"},{"taxonomy":"product_tag","embeddable":true,"href":"https:\/\/vedtilventeren.com\/fr\/wp-json\/wp\/v2\/product_tag?post=3469"}],"curies":[{"name":"wp","href":"https:\/\/api.w.org\/{rel}","templated":true}]}}