{"id":3476,"date":"2025-12-02T19:49:39","date_gmt":"2025-12-02T18:49:39","guid":{"rendered":"https:\/\/meca-remorque.com\/?post_type=product&#038;p=3476"},"modified":"2025-12-02T19:49:49","modified_gmt":"2025-12-02T18:49:49","slug":"lotus-h570w-black-magic-venstrehengslet","status":"publish","type":"product","link":"https:\/\/vedtilventeren.com\/fr\/produit\/lotus-h570w-black-magic-venstrehengslet\/","title":{"rendered":"Lotus H570W Black Magic \u2013 venstrehengslet"},"content":{"rendered":"<p>Storskjerm forn\u00f8yelse. Det st\u00f8rste utvalg p\u00e5 markedet av peisinnsatser og n\u00e5 ogs\u00e5 i bred-format. Bredde skaper en utrolig opplevelse av flammene p\u00e5 veggen. Det rene design av h\u00e5ndtakene gir peisinnsatsen en vakker finish. En unik opplevelse av levende ild uten problemene som f\u00f8lger med en \u00e5pen peis.<\/p>","protected":false},"excerpt":{"rendered":"<p>Storskjerm forn\u00f8yelse &#8230;les mer<\/p>","protected":false},"featured_media":3522,"comment_status":"open","ping_status":"closed","template":"","meta":[],"product_brand":[],"product_cat":[284,278,279],"product_tag":[],"class_list":{"0":"post-3476","1":"product","2":"type-product","3":"status-publish","4":"has-post-thumbnail","6":"product_cat-innsats-med-glass-pa-1-side","7":"product_cat-peis","8":"product_cat-peisinnsatser","10":"first","11":"instock","12":"shipping-taxable","13":"purchasable","14":"product-type-simple"},"jetpack_sharing_enabled":true,"_links":{"self":[{"href":"https:\/\/vedtilventeren.com\/fr\/wp-json\/wp\/v2\/product\/3476","targetHints":{"allow":["GET"]}}],"collection":[{"href":"https:\/\/vedtilventeren.com\/fr\/wp-json\/wp\/v2\/product"}],"about":[{"href":"https:\/\/vedtilventeren.com\/fr\/wp-json\/wp\/v2\/types\/product"}],"replies":[{"embeddable":true,"href":"https:\/\/vedtilventeren.com\/fr\/wp-json\/wp\/v2\/comments?post=3476"}],"version-history":[{"count":1,"href":"https:\/\/vedtilventeren.com\/fr\/wp-json\/wp\/v2\/product\/3476\/revisions"}],"predecessor-version":[{"id":3523,"href":"https:\/\/vedtilventeren.com\/fr\/wp-json\/wp\/v2\/product\/3476\/revisions\/3523"}],"wp:featuredmedia":[{"embeddable":true,"href":"https:\/\/vedtilventeren.com\/fr\/wp-json\/wp\/v2\/media\/3522"}],"wp:attachment":[{"href":"https:\/\/vedtilventeren.com\/fr\/wp-json\/wp\/v2\/media?parent=3476"}],"wp:term":[{"taxonomy":"product_brand","embeddable":true,"href":"https:\/\/vedtilventeren.com\/fr\/wp-json\/wp\/v2\/product_brand?post=3476"},{"taxonomy":"product_cat","embeddable":true,"href":"https:\/\/vedtilventeren.com\/fr\/wp-json\/wp\/v2\/product_cat?post=3476"},{"taxonomy":"product_tag","embeddable":true,"href":"https:\/\/vedtilventeren.com\/fr\/wp-json\/wp\/v2\/product_tag?post=3476"}],"curies":[{"name":"wp","href":"https:\/\/api.w.org\/{rel}","templated":true}]}}