{"id":3479,"date":"2025-12-02T19:49:39","date_gmt":"2025-12-02T18:49:39","guid":{"rendered":"https:\/\/meca-remorque.com\/?post_type=product&#038;p=3479"},"modified":"2025-12-02T19:49:50","modified_gmt":"2025-12-02T18:49:50","slug":"lotus-h700-venstrehengslet","status":"publish","type":"product","link":"https:\/\/vedtilventeren.com\/fr\/produit\/lotus-h700-venstrehengslet\/","title":{"rendered":"Lotus H700 \u2013 venstrehengslet"},"content":{"rendered":"<p>Ganske enkelt elegant. Markedets mest elegante og stilrene peisinnsats. Standardramme til peisinnsatsen er ikke inkludert i prisen. I tillegg til valg av st\u00f8rrelse p\u00e5 ovnen, er det ogs\u00e5 mulig \u00e5 spesialtilpasse rammen rundt peisinnsatsen, slik at rammen kan dekke f.eks. et st\u00f8rre innebyggingshull. Det rene designet p\u00e5 h\u00e5ndtakene gir peisinnsatsen en vakker finish og en unik opplevelse av flammene, uten problemene fra en \u00e5pen peis.<\/p>","protected":false},"excerpt":{"rendered":"<p>Ganske enkelt elegant &#8230;les mer<\/p>","protected":false},"featured_media":3528,"comment_status":"open","ping_status":"closed","template":"","meta":[],"product_brand":[],"product_cat":[284,278,279],"product_tag":[],"class_list":{"0":"post-3479","1":"product","2":"type-product","3":"status-publish","4":"has-post-thumbnail","6":"product_cat-innsats-med-glass-pa-1-side","7":"product_cat-peis","8":"product_cat-peisinnsatser","10":"first","11":"instock","12":"shipping-taxable","13":"purchasable","14":"product-type-simple"},"jetpack_sharing_enabled":true,"_links":{"self":[{"href":"https:\/\/vedtilventeren.com\/fr\/wp-json\/wp\/v2\/product\/3479","targetHints":{"allow":["GET"]}}],"collection":[{"href":"https:\/\/vedtilventeren.com\/fr\/wp-json\/wp\/v2\/product"}],"about":[{"href":"https:\/\/vedtilventeren.com\/fr\/wp-json\/wp\/v2\/types\/product"}],"replies":[{"embeddable":true,"href":"https:\/\/vedtilventeren.com\/fr\/wp-json\/wp\/v2\/comments?post=3479"}],"version-history":[{"count":1,"href":"https:\/\/vedtilventeren.com\/fr\/wp-json\/wp\/v2\/product\/3479\/revisions"}],"predecessor-version":[{"id":3529,"href":"https:\/\/vedtilventeren.com\/fr\/wp-json\/wp\/v2\/product\/3479\/revisions\/3529"}],"wp:featuredmedia":[{"embeddable":true,"href":"https:\/\/vedtilventeren.com\/fr\/wp-json\/wp\/v2\/media\/3528"}],"wp:attachment":[{"href":"https:\/\/vedtilventeren.com\/fr\/wp-json\/wp\/v2\/media?parent=3479"}],"wp:term":[{"taxonomy":"product_brand","embeddable":true,"href":"https:\/\/vedtilventeren.com\/fr\/wp-json\/wp\/v2\/product_brand?post=3479"},{"taxonomy":"product_cat","embeddable":true,"href":"https:\/\/vedtilventeren.com\/fr\/wp-json\/wp\/v2\/product_cat?post=3479"},{"taxonomy":"product_tag","embeddable":true,"href":"https:\/\/vedtilventeren.com\/fr\/wp-json\/wp\/v2\/product_tag?post=3479"}],"curies":[{"name":"wp","href":"https:\/\/api.w.org\/{rel}","templated":true}]}}