{"id":3488,"date":"2025-12-02T19:49:40","date_gmt":"2025-12-02T18:49:40","guid":{"rendered":"https:\/\/meca-remorque.com\/?post_type=product&#038;p=3488"},"modified":"2025-12-02T19:49:55","modified_gmt":"2025-12-02T18:49:55","slug":"westfire-uniq-36-sokkel-1-sort-lukket-friskluft","status":"publish","type":"product","link":"https:\/\/vedtilventeren.com\/fr\/produit\/westfire-uniq-36-sokkel-1-sort-lukket-friskluft\/","title":{"rendered":"Westfire UniQ 36 Sokkel 1 sort &#8211; lukket friskluft"},"content":{"rendered":"<p>Stilren konveksjonsovn med stort glass og god varmeeffekt.Ovnen er klar for \u00e5 koble til friskluft, slik at man f\u00e5r en lukket luftkrets.Uniq 36 fra Westfire er en ovn med stor glassflate i d\u00f8ren.Ovnen kombinerer alt du ser etter i en peisovn, h\u00f8y effektivitet, enkel betjening og flott utseende og stort brennkammer. Forvarmet sekund\u00e6rluft spyler innsiden av glasset og s\u00f8rger for at det holder seg rent.Uniq 36 har frikslufttilkobling.<\/p>","protected":false},"excerpt":{"rendered":"<p>Stilren konveksjonsovn med stort glass og god varmeeffekt. &#8230;les mer<\/p>","protected":false},"featured_media":3546,"comment_status":"open","ping_status":"closed","template":"","meta":[],"product_brand":[],"product_cat":[281,282],"product_tag":[],"class_list":{"0":"post-3488","1":"product","2":"type-product","3":"status-publish","4":"has-post-thumbnail","6":"product_cat-ovn","7":"product_cat-peisovner-og-vedovner","9":"first","10":"instock","11":"shipping-taxable","12":"purchasable","13":"product-type-simple"},"jetpack_sharing_enabled":true,"_links":{"self":[{"href":"https:\/\/vedtilventeren.com\/fr\/wp-json\/wp\/v2\/product\/3488","targetHints":{"allow":["GET"]}}],"collection":[{"href":"https:\/\/vedtilventeren.com\/fr\/wp-json\/wp\/v2\/product"}],"about":[{"href":"https:\/\/vedtilventeren.com\/fr\/wp-json\/wp\/v2\/types\/product"}],"replies":[{"embeddable":true,"href":"https:\/\/vedtilventeren.com\/fr\/wp-json\/wp\/v2\/comments?post=3488"}],"version-history":[{"count":1,"href":"https:\/\/vedtilventeren.com\/fr\/wp-json\/wp\/v2\/product\/3488\/revisions"}],"predecessor-version":[{"id":3547,"href":"https:\/\/vedtilventeren.com\/fr\/wp-json\/wp\/v2\/product\/3488\/revisions\/3547"}],"wp:featuredmedia":[{"embeddable":true,"href":"https:\/\/vedtilventeren.com\/fr\/wp-json\/wp\/v2\/media\/3546"}],"wp:attachment":[{"href":"https:\/\/vedtilventeren.com\/fr\/wp-json\/wp\/v2\/media?parent=3488"}],"wp:term":[{"taxonomy":"product_brand","embeddable":true,"href":"https:\/\/vedtilventeren.com\/fr\/wp-json\/wp\/v2\/product_brand?post=3488"},{"taxonomy":"product_cat","embeddable":true,"href":"https:\/\/vedtilventeren.com\/fr\/wp-json\/wp\/v2\/product_cat?post=3488"},{"taxonomy":"product_tag","embeddable":true,"href":"https:\/\/vedtilventeren.com\/fr\/wp-json\/wp\/v2\/product_tag?post=3488"}],"curies":[{"name":"wp","href":"https:\/\/api.w.org\/{rel}","templated":true}]}}