{"id":3554,"date":"2025-12-02T19:50:00","date_gmt":"2025-12-02T18:50:00","guid":{"rendered":"https:\/\/meca-remorque.com\/?post_type=product&#038;p=3554"},"modified":"2025-12-02T19:50:05","modified_gmt":"2025-12-02T18:50:05","slug":"nordpeis-salzburg-c-convection-venstre","status":"publish","type":"product","link":"https:\/\/vedtilventeren.com\/fr\/produit\/nordpeis-salzburg-c-convection-venstre\/","title":{"rendered":"Nordpeis Salzburg C Convection venstre"},"content":{"rendered":"","protected":false},"excerpt":{"rendered":"<p>Salzburg C er en varmelagrende peis med vinkelglass. I tillegg til varmelagring, har peisen konveksjonsvarme. Det gir deg full kontroll over varmen i rommet. Du kan raskt varme opp et rom, eller velge \u00e5 lukke konveksjonsvarmen helt for \u00e5 f\u00e5 den fulle effekten av varmelagringen. Salzburg C kan plasseres p\u00e5 rettvegg, i hj\u00f8rne eller fritt i rommet.<\/p>","protected":false},"featured_media":3588,"comment_status":"open","ping_status":"closed","template":"","meta":[],"product_brand":[],"product_cat":[281,345],"product_tag":[],"class_list":{"0":"post-3554","1":"product","2":"type-product","3":"status-publish","4":"has-post-thumbnail","6":"product_cat-ovn","7":"product_cat-varmelagrende-ovn","9":"first","10":"instock","11":"shipping-taxable","12":"purchasable","13":"product-type-simple"},"jetpack_sharing_enabled":true,"_links":{"self":[{"href":"https:\/\/vedtilventeren.com\/fr\/wp-json\/wp\/v2\/product\/3554","targetHints":{"allow":["GET"]}}],"collection":[{"href":"https:\/\/vedtilventeren.com\/fr\/wp-json\/wp\/v2\/product"}],"about":[{"href":"https:\/\/vedtilventeren.com\/fr\/wp-json\/wp\/v2\/types\/product"}],"replies":[{"embeddable":true,"href":"https:\/\/vedtilventeren.com\/fr\/wp-json\/wp\/v2\/comments?post=3554"}],"version-history":[{"count":1,"href":"https:\/\/vedtilventeren.com\/fr\/wp-json\/wp\/v2\/product\/3554\/revisions"}],"predecessor-version":[{"id":3589,"href":"https:\/\/vedtilventeren.com\/fr\/wp-json\/wp\/v2\/product\/3554\/revisions\/3589"}],"wp:featuredmedia":[{"embeddable":true,"href":"https:\/\/vedtilventeren.com\/fr\/wp-json\/wp\/v2\/media\/3588"}],"wp:attachment":[{"href":"https:\/\/vedtilventeren.com\/fr\/wp-json\/wp\/v2\/media?parent=3554"}],"wp:term":[{"taxonomy":"product_brand","embeddable":true,"href":"https:\/\/vedtilventeren.com\/fr\/wp-json\/wp\/v2\/product_brand?post=3554"},{"taxonomy":"product_cat","embeddable":true,"href":"https:\/\/vedtilventeren.com\/fr\/wp-json\/wp\/v2\/product_cat?post=3554"},{"taxonomy":"product_tag","embeddable":true,"href":"https:\/\/vedtilventeren.com\/fr\/wp-json\/wp\/v2\/product_tag?post=3554"}],"curies":[{"name":"wp","href":"https:\/\/api.w.org\/{rel}","templated":true}]}}