{"id":3561,"date":"2025-12-02T19:50:00","date_gmt":"2025-12-02T18:50:00","guid":{"rendered":"https:\/\/meca-remorque.com\/?post_type=product&#038;p=3561"},"modified":"2025-12-03T15:24:12","modified_gmt":"2025-12-03T14:24:12","slug":"draftbooster-sort","status":"publish","type":"product","link":"https:\/\/vedtilventeren.com\/fr\/produit\/draftbooster-sort\/","title":{"rendered":"Draftbooster Sort"},"content":{"rendered":"<p>En Draftbooster r\u00f8yksuger sikrer at det er lett \u00e5 fyre opp i en vedovn (opptil 6kw). Samtidig sikrer den en god og milj\u00f8riktig forbrenning, og at det kan legges mer ved i ovnen uten problemer og forhindrer at det siver r\u00f8yk ut i rommet.En Draftbooster r\u00f8yksuger reduserer partikler og r\u00f8yk i rommet, samt tilsoting av glasset i vedovnens d\u00f8r.Installasjon av en Draftbooster r\u00f8yksuger er sv\u00e6rt enkelt og kan gj\u00f8res uten hjelp av h\u00e5ndverker.Med en Draftbooster f\u00e5r man fullt utbytte og glede av vedovnen sin. Man tenner opp og bruker den uten problemer.<\/p>","protected":false},"excerpt":{"rendered":"<p>En Draftbooster r\u00f8yksuger sikrer at det er lett \u00e5 fyre opp i en vedovn (opptil 6kw). Samtidig sikrer den en god og milj\u00f8riktig forbrenning, og at det kan legges mer ved i ovnen uten problemer og forhindrer at det siver r\u00f8yk ut i rommet. &#8230;les mer<\/p>","protected":false},"featured_media":3602,"comment_status":"open","ping_status":"closed","template":"","meta":[],"product_brand":[],"product_cat":[346],"product_tag":[],"class_list":{"0":"post-3561","1":"product","2":"type-product","3":"status-publish","4":"has-post-thumbnail","6":"product_cat-pipe","8":"first","9":"instock","10":"shipping-taxable","11":"purchasable","12":"product-type-simple"},"jetpack_sharing_enabled":true,"_links":{"self":[{"href":"https:\/\/vedtilventeren.com\/fr\/wp-json\/wp\/v2\/product\/3561","targetHints":{"allow":["GET"]}}],"collection":[{"href":"https:\/\/vedtilventeren.com\/fr\/wp-json\/wp\/v2\/product"}],"about":[{"href":"https:\/\/vedtilventeren.com\/fr\/wp-json\/wp\/v2\/types\/product"}],"replies":[{"embeddable":true,"href":"https:\/\/vedtilventeren.com\/fr\/wp-json\/wp\/v2\/comments?post=3561"}],"version-history":[{"count":1,"href":"https:\/\/vedtilventeren.com\/fr\/wp-json\/wp\/v2\/product\/3561\/revisions"}],"predecessor-version":[{"id":3603,"href":"https:\/\/vedtilventeren.com\/fr\/wp-json\/wp\/v2\/product\/3561\/revisions\/3603"}],"wp:featuredmedia":[{"embeddable":true,"href":"https:\/\/vedtilventeren.com\/fr\/wp-json\/wp\/v2\/media\/3602"}],"wp:attachment":[{"href":"https:\/\/vedtilventeren.com\/fr\/wp-json\/wp\/v2\/media?parent=3561"}],"wp:term":[{"taxonomy":"product_brand","embeddable":true,"href":"https:\/\/vedtilventeren.com\/fr\/wp-json\/wp\/v2\/product_brand?post=3561"},{"taxonomy":"product_cat","embeddable":true,"href":"https:\/\/vedtilventeren.com\/fr\/wp-json\/wp\/v2\/product_cat?post=3561"},{"taxonomy":"product_tag","embeddable":true,"href":"https:\/\/vedtilventeren.com\/fr\/wp-json\/wp\/v2\/product_tag?post=3561"}],"curies":[{"name":"wp","href":"https:\/\/api.w.org\/{rel}","templated":true}]}}