{"id":3572,"date":"2025-12-02T19:50:01","date_gmt":"2025-12-02T18:50:01","guid":{"rendered":"https:\/\/meca-remorque.com\/?post_type=product&#038;p=3572"},"modified":"2025-12-02T19:50:26","modified_gmt":"2025-12-02T18:50:26","slug":"dovre-tai-45-wt","status":"publish","type":"product","link":"https:\/\/vedtilventeren.com\/fr\/produit\/dovre-tai-45-wt\/","title":{"rendered":"Dovre\u00a0Tai\u00a045\u00a0WT"},"content":{"rendered":"<p>Stilren og klassisk peisovn med godt innsyn til peisb\u00e5let.Hvis du velger h\u00f8y effektivitet, lave utslipp og en fantastisk f\u00f8lelse av varme til en god pris, er TAI-familien det du leter etter.<\/p>","protected":false},"excerpt":{"rendered":"<p>Stilren og klassisk peisovn med godt innsyn til peisb\u00e5let. &#8230;les mer<\/p>","protected":false},"featured_media":3646,"comment_status":"open","ping_status":"closed","template":"","meta":[],"product_brand":[],"product_cat":[281,282],"product_tag":[],"class_list":{"0":"post-3572","1":"product","2":"type-product","3":"status-publish","4":"has-post-thumbnail","6":"product_cat-ovn","7":"product_cat-peisovner-og-vedovner","9":"first","10":"instock","11":"shipping-taxable","12":"purchasable","13":"product-type-simple"},"jetpack_sharing_enabled":true,"_links":{"self":[{"href":"https:\/\/vedtilventeren.com\/fr\/wp-json\/wp\/v2\/product\/3572","targetHints":{"allow":["GET"]}}],"collection":[{"href":"https:\/\/vedtilventeren.com\/fr\/wp-json\/wp\/v2\/product"}],"about":[{"href":"https:\/\/vedtilventeren.com\/fr\/wp-json\/wp\/v2\/types\/product"}],"replies":[{"embeddable":true,"href":"https:\/\/vedtilventeren.com\/fr\/wp-json\/wp\/v2\/comments?post=3572"}],"version-history":[{"count":1,"href":"https:\/\/vedtilventeren.com\/fr\/wp-json\/wp\/v2\/product\/3572\/revisions"}],"predecessor-version":[{"id":3647,"href":"https:\/\/vedtilventeren.com\/fr\/wp-json\/wp\/v2\/product\/3572\/revisions\/3647"}],"wp:featuredmedia":[{"embeddable":true,"href":"https:\/\/vedtilventeren.com\/fr\/wp-json\/wp\/v2\/media\/3646"}],"wp:attachment":[{"href":"https:\/\/vedtilventeren.com\/fr\/wp-json\/wp\/v2\/media?parent=3572"}],"wp:term":[{"taxonomy":"product_brand","embeddable":true,"href":"https:\/\/vedtilventeren.com\/fr\/wp-json\/wp\/v2\/product_brand?post=3572"},{"taxonomy":"product_cat","embeddable":true,"href":"https:\/\/vedtilventeren.com\/fr\/wp-json\/wp\/v2\/product_cat?post=3572"},{"taxonomy":"product_tag","embeddable":true,"href":"https:\/\/vedtilventeren.com\/fr\/wp-json\/wp\/v2\/product_tag?post=3572"}],"curies":[{"name":"wp","href":"https:\/\/api.w.org\/{rel}","templated":true}]}}