{"id":3573,"date":"2025-12-02T19:50:01","date_gmt":"2025-12-02T18:50:01","guid":{"rendered":"https:\/\/meca-remorque.com\/?post_type=product&#038;p=3573"},"modified":"2025-12-02T19:50:27","modified_gmt":"2025-12-02T18:50:27","slug":"dovre-ovn-101cbs","status":"publish","type":"product","link":"https:\/\/vedtilventeren.com\/fr\/produit\/dovre-ovn-101cbs\/","title":{"rendered":"Dovre\u00a0ovn\u00a0101CBS"},"content":{"rendered":"<p>Dovre 101 CBS er en effektiv liten ovn med den tradisjonelle eventyr figuren p\u00e5 sidepanelene.Ovnen er tilsynelatende helt lik 100 CBS, og den mest synlige endringen er at den n\u00e5 er utstyrt med glass i d\u00f8ren som gir et flott innsyn til flammene.<\/p>","protected":false},"excerpt":{"rendered":"<p>Dovre 101 CBS er en effektiv liten ovn med den tradisjonelle eventyr figuren p\u00e5 sidepanelene. &#8230;les mer<\/p>","protected":false},"featured_media":3648,"comment_status":"open","ping_status":"closed","template":"","meta":[],"product_brand":[],"product_cat":[281,282],"product_tag":[],"class_list":{"0":"post-3573","1":"product","2":"type-product","3":"status-publish","4":"has-post-thumbnail","6":"product_cat-ovn","7":"product_cat-peisovner-og-vedovner","9":"first","10":"instock","11":"shipping-taxable","12":"purchasable","13":"product-type-simple"},"jetpack_sharing_enabled":true,"_links":{"self":[{"href":"https:\/\/vedtilventeren.com\/fr\/wp-json\/wp\/v2\/product\/3573","targetHints":{"allow":["GET"]}}],"collection":[{"href":"https:\/\/vedtilventeren.com\/fr\/wp-json\/wp\/v2\/product"}],"about":[{"href":"https:\/\/vedtilventeren.com\/fr\/wp-json\/wp\/v2\/types\/product"}],"replies":[{"embeddable":true,"href":"https:\/\/vedtilventeren.com\/fr\/wp-json\/wp\/v2\/comments?post=3573"}],"version-history":[{"count":1,"href":"https:\/\/vedtilventeren.com\/fr\/wp-json\/wp\/v2\/product\/3573\/revisions"}],"predecessor-version":[{"id":3649,"href":"https:\/\/vedtilventeren.com\/fr\/wp-json\/wp\/v2\/product\/3573\/revisions\/3649"}],"wp:featuredmedia":[{"embeddable":true,"href":"https:\/\/vedtilventeren.com\/fr\/wp-json\/wp\/v2\/media\/3648"}],"wp:attachment":[{"href":"https:\/\/vedtilventeren.com\/fr\/wp-json\/wp\/v2\/media?parent=3573"}],"wp:term":[{"taxonomy":"product_brand","embeddable":true,"href":"https:\/\/vedtilventeren.com\/fr\/wp-json\/wp\/v2\/product_brand?post=3573"},{"taxonomy":"product_cat","embeddable":true,"href":"https:\/\/vedtilventeren.com\/fr\/wp-json\/wp\/v2\/product_cat?post=3573"},{"taxonomy":"product_tag","embeddable":true,"href":"https:\/\/vedtilventeren.com\/fr\/wp-json\/wp\/v2\/product_tag?post=3573"}],"curies":[{"name":"wp","href":"https:\/\/api.w.org\/{rel}","templated":true}]}}