{"id":3574,"date":"2025-12-02T19:50:01","date_gmt":"2025-12-02T18:50:01","guid":{"rendered":"https:\/\/meca-remorque.com\/?post_type=product&#038;p=3574"},"modified":"2025-12-02T19:50:28","modified_gmt":"2025-12-02T18:50:28","slug":"nordpeis-n-29p-sort","status":"publish","type":"product","link":"https:\/\/vedtilventeren.com\/fr\/produit\/nordpeis-n-29p-sort\/","title":{"rendered":"Nordpeis N-29P sort"},"content":{"rendered":"<p>N-29P er den nyeste innsatsen til Nordpeis med panoramaglass. Innsatsen har i tillegg til det store glasset p\u00e5 forsiden, ogs\u00e5 store glass p\u00e5 siden. Dette gir et fantastisk panorama-innsyn til flammene. Innsatsen passer dermed sv\u00e6rt godt dersom du vil bruke peisen som en romdeler. N-29P har doble glass p\u00e5 alle sider. Denne teknologien gir optimal forbrenning, en innsats det er enklere \u00e5 bruke, og den holder glassene renere.<br \/>\n&nbsp;<br \/>\n-Vedlengde 50 cm-Mulighet for varmelagringsstein (PowerStone).<br \/>\n-Luftspyling for renere glass.<br \/>\n-Rentbrennende.<br \/>\n-Mulighet for frisklufttilf\u00f8rsel Gir mye varme og anbefales derfor for st\u00f8rre rom.<\/p>","protected":false},"excerpt":{"rendered":"<p>N-29P er den nyeste innsatsen til Nordpeis med panoramaglass. Innsatsen har i tillegg til det store glasset p\u00e5 forsiden, ogs\u00e5 store glass p\u00e5 siden. Dette gir et fantastisk panorama-innsyn til flammene. Innsatsen passer dermed sv\u00e6rt godt dersom du vil bruke peisen som en romdeler. N-29P har doble glass p\u00e5 alle sider. Denne teknologien gir optimal forbrenning, en innsats det er enklere \u00e5 bruke, og den holder glassene renere. &#8230;les mer<\/p>","protected":false},"featured_media":3651,"comment_status":"open","ping_status":"closed","template":"","meta":[],"product_brand":[],"product_cat":[285,278,279],"product_tag":[],"class_list":{"0":"post-3574","1":"product","2":"type-product","3":"status-publish","4":"has-post-thumbnail","6":"product_cat-innsats-med-glass-pa-3-side","7":"product_cat-peis","8":"product_cat-peisinnsatser","10":"first","11":"instock","12":"shipping-taxable","13":"purchasable","14":"product-type-simple"},"jetpack_sharing_enabled":true,"_links":{"self":[{"href":"https:\/\/vedtilventeren.com\/fr\/wp-json\/wp\/v2\/product\/3574","targetHints":{"allow":["GET"]}}],"collection":[{"href":"https:\/\/vedtilventeren.com\/fr\/wp-json\/wp\/v2\/product"}],"about":[{"href":"https:\/\/vedtilventeren.com\/fr\/wp-json\/wp\/v2\/types\/product"}],"replies":[{"embeddable":true,"href":"https:\/\/vedtilventeren.com\/fr\/wp-json\/wp\/v2\/comments?post=3574"}],"version-history":[{"count":1,"href":"https:\/\/vedtilventeren.com\/fr\/wp-json\/wp\/v2\/product\/3574\/revisions"}],"predecessor-version":[{"id":3652,"href":"https:\/\/vedtilventeren.com\/fr\/wp-json\/wp\/v2\/product\/3574\/revisions\/3652"}],"wp:featuredmedia":[{"embeddable":true,"href":"https:\/\/vedtilventeren.com\/fr\/wp-json\/wp\/v2\/media\/3651"}],"wp:attachment":[{"href":"https:\/\/vedtilventeren.com\/fr\/wp-json\/wp\/v2\/media?parent=3574"}],"wp:term":[{"taxonomy":"product_brand","embeddable":true,"href":"https:\/\/vedtilventeren.com\/fr\/wp-json\/wp\/v2\/product_brand?post=3574"},{"taxonomy":"product_cat","embeddable":true,"href":"https:\/\/vedtilventeren.com\/fr\/wp-json\/wp\/v2\/product_cat?post=3574"},{"taxonomy":"product_tag","embeddable":true,"href":"https:\/\/vedtilventeren.com\/fr\/wp-json\/wp\/v2\/product_tag?post=3574"}],"curies":[{"name":"wp","href":"https:\/\/api.w.org\/{rel}","templated":true}]}}