{"id":3628,"date":"2025-12-02T19:50:25","date_gmt":"2025-12-02T18:50:25","guid":{"rendered":"https:\/\/meca-remorque.com\/?post_type=product&#038;p=3628"},"modified":"2025-12-02T19:50:33","modified_gmt":"2025-12-02T18:50:33","slug":"nordpeis-n-21a-exclusive-hoyre","status":"publish","type":"product","link":"https:\/\/vedtilventeren.com\/fr\/produit\/nordpeis-n-21a-exclusive-hoyre\/","title":{"rendered":"Nordpeis N-21A Exclusive h\u00f8yre"},"content":{"rendered":"<p>Nordpeis N-21A exclusive er en vinklet innsats som gir deg et fantastisk innsyn til flammene fra to sider. Innsatsen leveres vendt mot h\u00f8yre eller venstre.Velg innsats i exclusive sort, eller exclusive hvit med chrome ramme.<br \/>\n&nbsp;<br \/>\n-Luftspyling for renere glass.<br \/>\n-Rentbrennende.<br \/>\n-Isolasjonsplater i lys thermotte som brennes naturlig ren.<br \/>\n-Mulighet for frisklufttilf\u00f8rsel.<br \/>\n-40 cm vedlengde.<br \/>\n-Velg askel\u00f8sning som tilbeh\u00f8r Alle v\u00e5re innsatser kan brukes til innmuring.<\/p>","protected":false},"excerpt":{"rendered":"<p>Nordpeis N-21A exclusive er en vinklet innsats som gir deg et fantastisk innsyn til flammene fra to sider. Innsatsen leveres vendt mot h\u00f8yre eller venstre. &#8230;les mer<\/p>","protected":false},"featured_media":3671,"comment_status":"open","ping_status":"closed","template":"","meta":[],"product_brand":[],"product_cat":[277,278,279],"product_tag":[],"class_list":{"0":"post-3628","1":"product","2":"type-product","3":"status-publish","4":"has-post-thumbnail","6":"product_cat-innsats-med-glass-pa-2-side","7":"product_cat-peis","8":"product_cat-peisinnsatser","10":"first","11":"instock","12":"shipping-taxable","13":"purchasable","14":"product-type-simple"},"jetpack_sharing_enabled":true,"_links":{"self":[{"href":"https:\/\/vedtilventeren.com\/fr\/wp-json\/wp\/v2\/product\/3628","targetHints":{"allow":["GET"]}}],"collection":[{"href":"https:\/\/vedtilventeren.com\/fr\/wp-json\/wp\/v2\/product"}],"about":[{"href":"https:\/\/vedtilventeren.com\/fr\/wp-json\/wp\/v2\/types\/product"}],"replies":[{"embeddable":true,"href":"https:\/\/vedtilventeren.com\/fr\/wp-json\/wp\/v2\/comments?post=3628"}],"version-history":[{"count":1,"href":"https:\/\/vedtilventeren.com\/fr\/wp-json\/wp\/v2\/product\/3628\/revisions"}],"predecessor-version":[{"id":3672,"href":"https:\/\/vedtilventeren.com\/fr\/wp-json\/wp\/v2\/product\/3628\/revisions\/3672"}],"wp:featuredmedia":[{"embeddable":true,"href":"https:\/\/vedtilventeren.com\/fr\/wp-json\/wp\/v2\/media\/3671"}],"wp:attachment":[{"href":"https:\/\/vedtilventeren.com\/fr\/wp-json\/wp\/v2\/media?parent=3628"}],"wp:term":[{"taxonomy":"product_brand","embeddable":true,"href":"https:\/\/vedtilventeren.com\/fr\/wp-json\/wp\/v2\/product_brand?post=3628"},{"taxonomy":"product_cat","embeddable":true,"href":"https:\/\/vedtilventeren.com\/fr\/wp-json\/wp\/v2\/product_cat?post=3628"},{"taxonomy":"product_tag","embeddable":true,"href":"https:\/\/vedtilventeren.com\/fr\/wp-json\/wp\/v2\/product_tag?post=3628"}],"curies":[{"name":"wp","href":"https:\/\/api.w.org\/{rel}","templated":true}]}}