{"id":3629,"date":"2025-12-02T19:50:25","date_gmt":"2025-12-02T18:50:25","guid":{"rendered":"https:\/\/meca-remorque.com\/?post_type=product&#038;p=3629"},"modified":"2025-12-02T19:50:33","modified_gmt":"2025-12-02T18:50:33","slug":"nordpeis-n-29a-l-sort","status":"publish","type":"product","link":"https:\/\/vedtilventeren.com\/fr\/produit\/nordpeis-n-29a-l-sort\/","title":{"rendered":"Nordpeis N-29A L sort"},"content":{"rendered":"<p>N-29A er den st\u00f8rste vinkelinnsatsen til Nordpeis. Innsatsen har i tillegg til det store glasset i front, et stort glass p\u00e5 siden som gir et fantastisk innsyn til flammene. N-29A har doble glass p\u00e5 begge sider. I tillegg er sideglasset belagt med et unikt, reflekterende materiale. Denne teknologien gir optimal forbrenning, en innsats det er enklere \u00e5 bruke, og den holder glassene renere. N-29-serien best\u00e5r av de st\u00f8rste innsatsene til Nordpeis, utviklet med den nyeste teknologien.<br \/>\n&nbsp;<br \/>\n-Vedlengde 50 cm-Mulighet for varmelagringsstein (PowerStone).<br \/>\n-Luftspyling for renere glass-Rentbrennende.<br \/>\n-Mulighet for frisklufttilf\u00f8rsel Gir mye varme og anbefales derfor for st\u00f8rre rom.<\/p>","protected":false},"excerpt":{"rendered":"<p>N-29A er den st\u00f8rste vinkelinnsatsen til Nordpeis. Innsatsen har i tillegg til det store glasset i front, et stort glass p\u00e5 siden som gir et fantastisk innsyn til flammene. N-29A har doble glass p\u00e5 begge sider. I tillegg er sideglasset belagt med et unikt, reflekterende materiale. Denne teknologien gir optimal forbrenning, en innsats det er enklere \u00e5 bruke, og den holder glassene renere. N-29-serien best\u00e5r av de st\u00f8rste innsatsene til Nordpeis, utviklet med den nyeste teknologien. &#8230;les mer<\/p>","protected":false},"featured_media":3673,"comment_status":"open","ping_status":"closed","template":"","meta":[],"product_brand":[],"product_cat":[277,278,279],"product_tag":[],"class_list":{"0":"post-3629","1":"product","2":"type-product","3":"status-publish","4":"has-post-thumbnail","6":"product_cat-innsats-med-glass-pa-2-side","7":"product_cat-peis","8":"product_cat-peisinnsatser","10":"first","11":"instock","12":"shipping-taxable","13":"purchasable","14":"product-type-simple"},"jetpack_sharing_enabled":true,"_links":{"self":[{"href":"https:\/\/vedtilventeren.com\/fr\/wp-json\/wp\/v2\/product\/3629","targetHints":{"allow":["GET"]}}],"collection":[{"href":"https:\/\/vedtilventeren.com\/fr\/wp-json\/wp\/v2\/product"}],"about":[{"href":"https:\/\/vedtilventeren.com\/fr\/wp-json\/wp\/v2\/types\/product"}],"replies":[{"embeddable":true,"href":"https:\/\/vedtilventeren.com\/fr\/wp-json\/wp\/v2\/comments?post=3629"}],"version-history":[{"count":1,"href":"https:\/\/vedtilventeren.com\/fr\/wp-json\/wp\/v2\/product\/3629\/revisions"}],"predecessor-version":[{"id":3674,"href":"https:\/\/vedtilventeren.com\/fr\/wp-json\/wp\/v2\/product\/3629\/revisions\/3674"}],"wp:featuredmedia":[{"embeddable":true,"href":"https:\/\/vedtilventeren.com\/fr\/wp-json\/wp\/v2\/media\/3673"}],"wp:attachment":[{"href":"https:\/\/vedtilventeren.com\/fr\/wp-json\/wp\/v2\/media?parent=3629"}],"wp:term":[{"taxonomy":"product_brand","embeddable":true,"href":"https:\/\/vedtilventeren.com\/fr\/wp-json\/wp\/v2\/product_brand?post=3629"},{"taxonomy":"product_cat","embeddable":true,"href":"https:\/\/vedtilventeren.com\/fr\/wp-json\/wp\/v2\/product_cat?post=3629"},{"taxonomy":"product_tag","embeddable":true,"href":"https:\/\/vedtilventeren.com\/fr\/wp-json\/wp\/v2\/product_tag?post=3629"}],"curies":[{"name":"wp","href":"https:\/\/api.w.org\/{rel}","templated":true}]}}