{"id":3633,"date":"2025-12-02T19:50:25","date_gmt":"2025-12-02T18:50:25","guid":{"rendered":"https:\/\/meca-remorque.com\/?post_type=product&#038;p=3633"},"modified":"2025-12-02T19:50:36","modified_gmt":"2025-12-02T18:50:36","slug":"nordpeis-you-pedestal-med-lys-thermotte","status":"publish","type":"product","link":"https:\/\/vedtilventeren.com\/fr\/produit\/nordpeis-you-pedestal-med-lys-thermotte\/","title":{"rendered":"Nordpeis YoU\u00a0Pedestal\u00a0med\u00a0lys\u00a0thermotte"},"content":{"rendered":"","protected":false},"excerpt":{"rendered":"<p>\u00d8nsker du du varme og estetikk i ett? Da er YoU Pedestal et godt alternativ. Med sitt h\u00f8ye brennkammer uformet i rene linjer med avrundede kanter plassert p\u00e5 en pidestall, tilf\u00f8rer YoU Pedestal et nett designelement til ethvert interi\u00f8r. YoU Pedestal har praktiske l\u00f8sninger som selvlukkende d\u00f8r og integrert askeskuff for en behagelig fyringsopplevelse. Den har store glassflater som gir deg et imponerende flammebilde til tross for at den krever lite plass i rommet. Med myke former omslutter den flammene og forener det praktiske og estetiske i en funksjonell harmoni.<\/p>","protected":false},"featured_media":3681,"comment_status":"open","ping_status":"closed","template":"","meta":[],"product_brand":[],"product_cat":[281,282],"product_tag":[],"class_list":{"0":"post-3633","1":"product","2":"type-product","3":"status-publish","4":"has-post-thumbnail","6":"product_cat-ovn","7":"product_cat-peisovner-og-vedovner","9":"first","10":"instock","11":"shipping-taxable","12":"purchasable","13":"product-type-simple"},"jetpack_sharing_enabled":true,"_links":{"self":[{"href":"https:\/\/vedtilventeren.com\/fr\/wp-json\/wp\/v2\/product\/3633","targetHints":{"allow":["GET"]}}],"collection":[{"href":"https:\/\/vedtilventeren.com\/fr\/wp-json\/wp\/v2\/product"}],"about":[{"href":"https:\/\/vedtilventeren.com\/fr\/wp-json\/wp\/v2\/types\/product"}],"replies":[{"embeddable":true,"href":"https:\/\/vedtilventeren.com\/fr\/wp-json\/wp\/v2\/comments?post=3633"}],"version-history":[{"count":1,"href":"https:\/\/vedtilventeren.com\/fr\/wp-json\/wp\/v2\/product\/3633\/revisions"}],"predecessor-version":[{"id":3682,"href":"https:\/\/vedtilventeren.com\/fr\/wp-json\/wp\/v2\/product\/3633\/revisions\/3682"}],"wp:featuredmedia":[{"embeddable":true,"href":"https:\/\/vedtilventeren.com\/fr\/wp-json\/wp\/v2\/media\/3681"}],"wp:attachment":[{"href":"https:\/\/vedtilventeren.com\/fr\/wp-json\/wp\/v2\/media?parent=3633"}],"wp:term":[{"taxonomy":"product_brand","embeddable":true,"href":"https:\/\/vedtilventeren.com\/fr\/wp-json\/wp\/v2\/product_brand?post=3633"},{"taxonomy":"product_cat","embeddable":true,"href":"https:\/\/vedtilventeren.com\/fr\/wp-json\/wp\/v2\/product_cat?post=3633"},{"taxonomy":"product_tag","embeddable":true,"href":"https:\/\/vedtilventeren.com\/fr\/wp-json\/wp\/v2\/product_tag?post=3633"}],"curies":[{"name":"wp","href":"https:\/\/api.w.org\/{rel}","templated":true}]}}