{"id":3635,"date":"2025-12-02T19:50:25","date_gmt":"2025-12-02T18:50:25","guid":{"rendered":"https:\/\/meca-remorque.com\/?post_type=product&#038;p=3635"},"modified":"2025-12-02T19:50:37","modified_gmt":"2025-12-02T18:50:37","slug":"nordpeis-you-wall-med-lys-thermotte","status":"publish","type":"product","link":"https:\/\/vedtilventeren.com\/fr\/produit\/nordpeis-you-wall-med-lys-thermotte\/","title":{"rendered":"Nordpeis YoU\u00a0Wall\u00a0med\u00a0lys\u00a0thermotte"},"content":{"rendered":"","protected":false},"excerpt":{"rendered":"<p>Nordpeis YoU Wall er en lekker, vegghengt ovn. Med sine rene linjer og myke former skaper den et helt personlig uttrykk i rommet. Designet med tanke p\u00e5 b\u00e5de varme og estetikk, tar denne peisovnen oppvarming til nye h\u00f8yder. Med Nordpeis YoU Wall f\u00e5r du mer enn bare en peisovn du f\u00e5r et praktisk og stilfullt tillegg til ditt hjem. Den enkle, men sofistikerte designet gj\u00f8r det til et ideelt valg for deg som \u00f8nsker b\u00e5de funksjonalitet og estetikk i ett. \u00ad<\/p>","protected":false},"featured_media":3685,"comment_status":"open","ping_status":"closed","template":"","meta":[],"product_brand":[],"product_cat":[281,282],"product_tag":[],"class_list":{"0":"post-3635","1":"product","2":"type-product","3":"status-publish","4":"has-post-thumbnail","6":"product_cat-ovn","7":"product_cat-peisovner-og-vedovner","9":"first","10":"instock","11":"shipping-taxable","12":"purchasable","13":"product-type-simple"},"jetpack_sharing_enabled":true,"_links":{"self":[{"href":"https:\/\/vedtilventeren.com\/fr\/wp-json\/wp\/v2\/product\/3635","targetHints":{"allow":["GET"]}}],"collection":[{"href":"https:\/\/vedtilventeren.com\/fr\/wp-json\/wp\/v2\/product"}],"about":[{"href":"https:\/\/vedtilventeren.com\/fr\/wp-json\/wp\/v2\/types\/product"}],"replies":[{"embeddable":true,"href":"https:\/\/vedtilventeren.com\/fr\/wp-json\/wp\/v2\/comments?post=3635"}],"version-history":[{"count":1,"href":"https:\/\/vedtilventeren.com\/fr\/wp-json\/wp\/v2\/product\/3635\/revisions"}],"predecessor-version":[{"id":3686,"href":"https:\/\/vedtilventeren.com\/fr\/wp-json\/wp\/v2\/product\/3635\/revisions\/3686"}],"wp:featuredmedia":[{"embeddable":true,"href":"https:\/\/vedtilventeren.com\/fr\/wp-json\/wp\/v2\/media\/3685"}],"wp:attachment":[{"href":"https:\/\/vedtilventeren.com\/fr\/wp-json\/wp\/v2\/media?parent=3635"}],"wp:term":[{"taxonomy":"product_brand","embeddable":true,"href":"https:\/\/vedtilventeren.com\/fr\/wp-json\/wp\/v2\/product_brand?post=3635"},{"taxonomy":"product_cat","embeddable":true,"href":"https:\/\/vedtilventeren.com\/fr\/wp-json\/wp\/v2\/product_cat?post=3635"},{"taxonomy":"product_tag","embeddable":true,"href":"https:\/\/vedtilventeren.com\/fr\/wp-json\/wp\/v2\/product_tag?post=3635"}],"curies":[{"name":"wp","href":"https:\/\/api.w.org\/{rel}","templated":true}]}}