{"id":3638,"date":"2025-12-02T19:50:25","date_gmt":"2025-12-02T18:50:25","guid":{"rendered":"https:\/\/meca-remorque.com\/?post_type=product&#038;p=3638"},"modified":"2025-12-02T19:50:38","modified_gmt":"2025-12-02T18:50:38","slug":"austroflamm-stila-2-0-topp-bakuttak-m-justerbare-bein","status":"publish","type":"product","link":"https:\/\/vedtilventeren.com\/fr\/produit\/austroflamm-stila-2-0-topp-bakuttak-m-justerbare-bein\/","title":{"rendered":"Austroflamm Stila 2.0 topp-\/bakuttak m\/ justerbare bein"},"content":{"rendered":"","protected":false},"excerpt":{"rendered":"<p>En dr\u00f8m og absolutt virkelighet! En totalh\u00f8yde p\u00e5 170 cm f\u00e5r alle til \u00e5 stirre og tiltrekker seg noen ganger til og med uventede beundrere. Men med bare 44 cm i diameter tar ikke Stila for mye plass i rommet og fortryller deg med sitt ekstremt elegante og slanke utseende. Det sjener\u00f8se d\u00f8rvinduet gir et flott innsyn til flammene. Fantastiske detaljer, som h\u00e5ndtaket innebygd i karmen, gj\u00f8r til sammen Stila et designmessig h\u00f8ydepunkt fra alle vinkler.Velger du peisovner fra \u00d8steriske Austroflamm har du sikkert gjort deg opp noen meninger om design og kvalitet. Alle designmessige og praktiske detaljer er utf\u00f8rt med \u00f8sterisk presisjon. Kvalitet og stabilitet sikres ved solid konstruksjon og komponenter i st\u00f8pejern.<\/p>","protected":false},"featured_media":3692,"comment_status":"open","ping_status":"closed","template":"","meta":[],"product_brand":[],"product_cat":[281,282],"product_tag":[],"class_list":{"0":"post-3638","1":"product","2":"type-product","3":"status-publish","4":"has-post-thumbnail","6":"product_cat-ovn","7":"product_cat-peisovner-og-vedovner","9":"first","10":"instock","11":"shipping-taxable","12":"purchasable","13":"product-type-simple"},"jetpack_sharing_enabled":true,"_links":{"self":[{"href":"https:\/\/vedtilventeren.com\/fr\/wp-json\/wp\/v2\/product\/3638","targetHints":{"allow":["GET"]}}],"collection":[{"href":"https:\/\/vedtilventeren.com\/fr\/wp-json\/wp\/v2\/product"}],"about":[{"href":"https:\/\/vedtilventeren.com\/fr\/wp-json\/wp\/v2\/types\/product"}],"replies":[{"embeddable":true,"href":"https:\/\/vedtilventeren.com\/fr\/wp-json\/wp\/v2\/comments?post=3638"}],"version-history":[{"count":1,"href":"https:\/\/vedtilventeren.com\/fr\/wp-json\/wp\/v2\/product\/3638\/revisions"}],"predecessor-version":[{"id":3693,"href":"https:\/\/vedtilventeren.com\/fr\/wp-json\/wp\/v2\/product\/3638\/revisions\/3693"}],"wp:featuredmedia":[{"embeddable":true,"href":"https:\/\/vedtilventeren.com\/fr\/wp-json\/wp\/v2\/media\/3692"}],"wp:attachment":[{"href":"https:\/\/vedtilventeren.com\/fr\/wp-json\/wp\/v2\/media?parent=3638"}],"wp:term":[{"taxonomy":"product_brand","embeddable":true,"href":"https:\/\/vedtilventeren.com\/fr\/wp-json\/wp\/v2\/product_brand?post=3638"},{"taxonomy":"product_cat","embeddable":true,"href":"https:\/\/vedtilventeren.com\/fr\/wp-json\/wp\/v2\/product_cat?post=3638"},{"taxonomy":"product_tag","embeddable":true,"href":"https:\/\/vedtilventeren.com\/fr\/wp-json\/wp\/v2\/product_tag?post=3638"}],"curies":[{"name":"wp","href":"https:\/\/api.w.org\/{rel}","templated":true}]}}