{"id":3641,"date":"2025-12-02T19:50:25","date_gmt":"2025-12-02T18:50:25","guid":{"rendered":"https:\/\/meca-remorque.com\/?post_type=product&#038;p=3641"},"modified":"2025-12-02T19:50:40","modified_gmt":"2025-12-02T18:50:40","slug":"stuv-1668-cube-v","status":"publish","type":"product","link":"https:\/\/vedtilventeren.com\/fr\/produit\/stuv-1668-cube-v\/","title":{"rendered":"ST\u00dbV 1668 CUBE-V"},"content":{"rendered":"<p>St\u00fbv 1668 cube-v er en stilren peis med enkle linjer. Den har et stort glass som gir en unik opplevelse av b\u00e5let.Passer til de fleste l\u00f8sninger. Finnes i flere varianter:<\/p>\n<p>Modell med vednisje<br \/>\nModell med benk<br \/>\nMoldell med omramming<br \/>\nFrittst\u00e5ende modell som kan plasseres p\u00e5 en benk bygget etter m\u00e5l<\/p>\n<p>Stuv 1668-cube spesifikasjoner<\/p>","protected":false},"excerpt":{"rendered":"<p>St\u00fbv 1668 cube-v er en stilren peis med enkle linjer. Den har et stort glass som gir en unik opplevelse av b\u00e5let. &#8230;les mer<\/p>","protected":false},"featured_media":3698,"comment_status":"open","ping_status":"closed","template":"","meta":[],"product_brand":[],"product_cat":[281,282],"product_tag":[],"class_list":{"0":"post-3641","1":"product","2":"type-product","3":"status-publish","4":"has-post-thumbnail","6":"product_cat-ovn","7":"product_cat-peisovner-og-vedovner","9":"first","10":"instock","11":"shipping-taxable","12":"purchasable","13":"product-type-simple"},"jetpack_sharing_enabled":true,"_links":{"self":[{"href":"https:\/\/vedtilventeren.com\/fr\/wp-json\/wp\/v2\/product\/3641","targetHints":{"allow":["GET"]}}],"collection":[{"href":"https:\/\/vedtilventeren.com\/fr\/wp-json\/wp\/v2\/product"}],"about":[{"href":"https:\/\/vedtilventeren.com\/fr\/wp-json\/wp\/v2\/types\/product"}],"replies":[{"embeddable":true,"href":"https:\/\/vedtilventeren.com\/fr\/wp-json\/wp\/v2\/comments?post=3641"}],"version-history":[{"count":1,"href":"https:\/\/vedtilventeren.com\/fr\/wp-json\/wp\/v2\/product\/3641\/revisions"}],"predecessor-version":[{"id":3699,"href":"https:\/\/vedtilventeren.com\/fr\/wp-json\/wp\/v2\/product\/3641\/revisions\/3699"}],"wp:featuredmedia":[{"embeddable":true,"href":"https:\/\/vedtilventeren.com\/fr\/wp-json\/wp\/v2\/media\/3698"}],"wp:attachment":[{"href":"https:\/\/vedtilventeren.com\/fr\/wp-json\/wp\/v2\/media?parent=3641"}],"wp:term":[{"taxonomy":"product_brand","embeddable":true,"href":"https:\/\/vedtilventeren.com\/fr\/wp-json\/wp\/v2\/product_brand?post=3641"},{"taxonomy":"product_cat","embeddable":true,"href":"https:\/\/vedtilventeren.com\/fr\/wp-json\/wp\/v2\/product_cat?post=3641"},{"taxonomy":"product_tag","embeddable":true,"href":"https:\/\/vedtilventeren.com\/fr\/wp-json\/wp\/v2\/product_tag?post=3641"}],"curies":[{"name":"wp","href":"https:\/\/api.w.org\/{rel}","templated":true}]}}