{"id":3642,"date":"2025-12-02T19:50:25","date_gmt":"2025-12-02T18:50:25","guid":{"rendered":"https:\/\/meca-remorque.com\/?post_type=product&#038;p=3642"},"modified":"2025-12-02T19:50:40","modified_gmt":"2025-12-02T18:50:40","slug":"stuv-1658-in-v","status":"publish","type":"product","link":"https:\/\/vedtilventeren.com\/fr\/produit\/stuv-1658-in-v\/","title":{"rendered":"ST\u00dbV 1658 IN-V"},"content":{"rendered":"<p>St\u00fbv 1658 cube-v er en stilren peis med enkle linjer.Den har en stort glassd\u00f8r som gir en unik opplevelse av b\u00e5let.Innsatsen kan bygges inn eller monteres i eksisterende peiser.<\/p>","protected":false},"excerpt":{"rendered":"<p>St\u00fbv 1658 cube-v er en stilren peis med enkle linjer. &#8230;les mer<\/p>","protected":false},"featured_media":3700,"comment_status":"open","ping_status":"closed","template":"","meta":[],"product_brand":[],"product_cat":[284,278,279],"product_tag":[],"class_list":{"0":"post-3642","1":"product","2":"type-product","3":"status-publish","4":"has-post-thumbnail","6":"product_cat-innsats-med-glass-pa-1-side","7":"product_cat-peis","8":"product_cat-peisinnsatser","10":"first","11":"instock","12":"sale","13":"shipping-taxable","14":"purchasable","15":"product-type-simple"},"jetpack_sharing_enabled":true,"_links":{"self":[{"href":"https:\/\/vedtilventeren.com\/fr\/wp-json\/wp\/v2\/product\/3642","targetHints":{"allow":["GET"]}}],"collection":[{"href":"https:\/\/vedtilventeren.com\/fr\/wp-json\/wp\/v2\/product"}],"about":[{"href":"https:\/\/vedtilventeren.com\/fr\/wp-json\/wp\/v2\/types\/product"}],"replies":[{"embeddable":true,"href":"https:\/\/vedtilventeren.com\/fr\/wp-json\/wp\/v2\/comments?post=3642"}],"version-history":[{"count":1,"href":"https:\/\/vedtilventeren.com\/fr\/wp-json\/wp\/v2\/product\/3642\/revisions"}],"predecessor-version":[{"id":3701,"href":"https:\/\/vedtilventeren.com\/fr\/wp-json\/wp\/v2\/product\/3642\/revisions\/3701"}],"wp:featuredmedia":[{"embeddable":true,"href":"https:\/\/vedtilventeren.com\/fr\/wp-json\/wp\/v2\/media\/3700"}],"wp:attachment":[{"href":"https:\/\/vedtilventeren.com\/fr\/wp-json\/wp\/v2\/media?parent=3642"}],"wp:term":[{"taxonomy":"product_brand","embeddable":true,"href":"https:\/\/vedtilventeren.com\/fr\/wp-json\/wp\/v2\/product_brand?post=3642"},{"taxonomy":"product_cat","embeddable":true,"href":"https:\/\/vedtilventeren.com\/fr\/wp-json\/wp\/v2\/product_cat?post=3642"},{"taxonomy":"product_tag","embeddable":true,"href":"https:\/\/vedtilventeren.com\/fr\/wp-json\/wp\/v2\/product_tag?post=3642"}],"curies":[{"name":"wp","href":"https:\/\/api.w.org\/{rel}","templated":true}]}}