{"id":3710,"date":"2025-12-02T19:50:45","date_gmt":"2025-12-02T18:50:45","guid":{"rendered":"https:\/\/meca-remorque.com\/?post_type=product&#038;p=3710"},"modified":"2025-12-02T19:50:48","modified_gmt":"2025-12-02T18:50:48","slug":"romotop-evora-20-kleberstein","status":"publish","type":"product","link":"https:\/\/vedtilventeren.com\/fr\/produit\/romotop-evora-20-kleberstein\/","title":{"rendered":"Romotop Evora 20 kleberstein"},"content":{"rendered":"<p>Romotop Evora, kleberstein. &#8220;Et kompakt ildsted i popul\u00e6r oval utforming&#8221;. Godt egnet for lav-energi-hus Buet glass med godt innsyn til flammene. Forvarmet sekund\u00e6rluft som vasker ovnsglasset rent for sot og st\u00f8v Kun ett h\u00e5ndtak\/regulator for kontroll av trekk\/forbrenning Sokkelrom med d\u00f8r. Klargjort for frisklufttilkobling (CAI).<\/p>","protected":false},"excerpt":{"rendered":"<p>Romotop Evora, kleberstein. &#8230;les mer<\/p>","protected":false},"featured_media":3742,"comment_status":"open","ping_status":"closed","template":"","meta":[],"product_brand":[],"product_cat":[281,282],"product_tag":[],"class_list":{"0":"post-3710","1":"product","2":"type-product","3":"status-publish","4":"has-post-thumbnail","6":"product_cat-ovn","7":"product_cat-peisovner-og-vedovner","9":"first","10":"instock","11":"sale","12":"shipping-taxable","13":"purchasable","14":"product-type-simple"},"jetpack_sharing_enabled":true,"_links":{"self":[{"href":"https:\/\/vedtilventeren.com\/fr\/wp-json\/wp\/v2\/product\/3710","targetHints":{"allow":["GET"]}}],"collection":[{"href":"https:\/\/vedtilventeren.com\/fr\/wp-json\/wp\/v2\/product"}],"about":[{"href":"https:\/\/vedtilventeren.com\/fr\/wp-json\/wp\/v2\/types\/product"}],"replies":[{"embeddable":true,"href":"https:\/\/vedtilventeren.com\/fr\/wp-json\/wp\/v2\/comments?post=3710"}],"version-history":[{"count":1,"href":"https:\/\/vedtilventeren.com\/fr\/wp-json\/wp\/v2\/product\/3710\/revisions"}],"predecessor-version":[{"id":3743,"href":"https:\/\/vedtilventeren.com\/fr\/wp-json\/wp\/v2\/product\/3710\/revisions\/3743"}],"wp:featuredmedia":[{"embeddable":true,"href":"https:\/\/vedtilventeren.com\/fr\/wp-json\/wp\/v2\/media\/3742"}],"wp:attachment":[{"href":"https:\/\/vedtilventeren.com\/fr\/wp-json\/wp\/v2\/media?parent=3710"}],"wp:term":[{"taxonomy":"product_brand","embeddable":true,"href":"https:\/\/vedtilventeren.com\/fr\/wp-json\/wp\/v2\/product_brand?post=3710"},{"taxonomy":"product_cat","embeddable":true,"href":"https:\/\/vedtilventeren.com\/fr\/wp-json\/wp\/v2\/product_cat?post=3710"},{"taxonomy":"product_tag","embeddable":true,"href":"https:\/\/vedtilventeren.com\/fr\/wp-json\/wp\/v2\/product_tag?post=3710"}],"curies":[{"name":"wp","href":"https:\/\/api.w.org\/{rel}","templated":true}]}}