{"id":3712,"date":"2025-12-02T19:50:45","date_gmt":"2025-12-02T18:50:45","guid":{"rendered":"https:\/\/meca-remorque.com\/?post_type=product&#038;p=3712"},"modified":"2025-12-02T19:50:49","modified_gmt":"2025-12-02T18:50:49","slug":"aduro-15","status":"publish","type":"product","link":"https:\/\/vedtilventeren.com\/fr\/produit\/aduro-15\/","title":{"rendered":"Aduro 15"},"content":{"rendered":"<p>Den vakre ellipseformen og det brede brennkammeret, som kan romme vedkubber p\u00e5 opptil 50 cm, gj\u00f8r Aduro 15 helt unik. Den avlange formen kombinert med en minimal dybde gir ovnen et elegant uttrykk. Det brede flammebildet gj\u00f8r ilden til et naturlig blikkfang i rommet. I tillegg har Aduro 15 en fantastisk forbrenning som gj\u00f8r det mulig \u00e5 fyre med lav varmeeffekt.<\/p>","protected":false},"excerpt":{"rendered":"<p>Den vakre ellipseformen og det brede brennkammeret, som kan romme vedkubber p\u00e5 opptil 50 cm, gj\u00f8r Aduro 15 helt unik. &#8230;les mer<\/p>","protected":false},"featured_media":3746,"comment_status":"open","ping_status":"closed","template":"","meta":[],"product_brand":[],"product_cat":[281,282],"product_tag":[],"class_list":{"0":"post-3712","1":"product","2":"type-product","3":"status-publish","4":"has-post-thumbnail","6":"product_cat-ovn","7":"product_cat-peisovner-og-vedovner","9":"first","10":"instock","11":"shipping-taxable","12":"purchasable","13":"product-type-simple"},"jetpack_sharing_enabled":true,"_links":{"self":[{"href":"https:\/\/vedtilventeren.com\/fr\/wp-json\/wp\/v2\/product\/3712","targetHints":{"allow":["GET"]}}],"collection":[{"href":"https:\/\/vedtilventeren.com\/fr\/wp-json\/wp\/v2\/product"}],"about":[{"href":"https:\/\/vedtilventeren.com\/fr\/wp-json\/wp\/v2\/types\/product"}],"replies":[{"embeddable":true,"href":"https:\/\/vedtilventeren.com\/fr\/wp-json\/wp\/v2\/comments?post=3712"}],"version-history":[{"count":1,"href":"https:\/\/vedtilventeren.com\/fr\/wp-json\/wp\/v2\/product\/3712\/revisions"}],"predecessor-version":[{"id":3747,"href":"https:\/\/vedtilventeren.com\/fr\/wp-json\/wp\/v2\/product\/3712\/revisions\/3747"}],"wp:featuredmedia":[{"embeddable":true,"href":"https:\/\/vedtilventeren.com\/fr\/wp-json\/wp\/v2\/media\/3746"}],"wp:attachment":[{"href":"https:\/\/vedtilventeren.com\/fr\/wp-json\/wp\/v2\/media?parent=3712"}],"wp:term":[{"taxonomy":"product_brand","embeddable":true,"href":"https:\/\/vedtilventeren.com\/fr\/wp-json\/wp\/v2\/product_brand?post=3712"},{"taxonomy":"product_cat","embeddable":true,"href":"https:\/\/vedtilventeren.com\/fr\/wp-json\/wp\/v2\/product_cat?post=3712"},{"taxonomy":"product_tag","embeddable":true,"href":"https:\/\/vedtilventeren.com\/fr\/wp-json\/wp\/v2\/product_tag?post=3712"}],"curies":[{"name":"wp","href":"https:\/\/api.w.org\/{rel}","templated":true}]}}