{"id":3713,"date":"2025-12-02T19:50:45","date_gmt":"2025-12-02T18:50:45","guid":{"rendered":"https:\/\/meca-remorque.com\/?post_type=product&#038;p=3713"},"modified":"2025-12-02T19:50:49","modified_gmt":"2025-12-02T18:50:49","slug":"aduro-15-lux","status":"publish","type":"product","link":"https:\/\/vedtilventeren.com\/fr\/produit\/aduro-15-lux\/","title":{"rendered":"Aduro 15 Lux"},"content":{"rendered":"<p>Aduro 15 Lux skiller seg ut med sin ekstravagante, svarte glassd\u00f8r og enkle h\u00e5ndtak fra de \u00f8vrige peisovnene i Aduro 15-serien. Samtidig er Aduro 15 Lux utstyrt med en eksklusiv lukkemekanisme. Formen fra Aduro 15 er ivaretatt, slik at du ikke g\u00e5r glipp av det unike innsynet til flammene som det avlange brennkammeret gir.<\/p>","protected":false},"excerpt":{"rendered":"<p>Aduro 15 Lux skiller seg ut med sin ekstravagante, svarte glassd\u00f8r og enkle h\u00e5ndtak fra de \u00f8vrige peisovnene i Aduro 15-serien. &#8230;les mer<\/p>","protected":false},"featured_media":3748,"comment_status":"open","ping_status":"closed","template":"","meta":[],"product_brand":[],"product_cat":[281,282],"product_tag":[],"class_list":{"0":"post-3713","1":"product","2":"type-product","3":"status-publish","4":"has-post-thumbnail","6":"product_cat-ovn","7":"product_cat-peisovner-og-vedovner","9":"first","10":"instock","11":"shipping-taxable","12":"purchasable","13":"product-type-simple"},"jetpack_sharing_enabled":true,"_links":{"self":[{"href":"https:\/\/vedtilventeren.com\/fr\/wp-json\/wp\/v2\/product\/3713","targetHints":{"allow":["GET"]}}],"collection":[{"href":"https:\/\/vedtilventeren.com\/fr\/wp-json\/wp\/v2\/product"}],"about":[{"href":"https:\/\/vedtilventeren.com\/fr\/wp-json\/wp\/v2\/types\/product"}],"replies":[{"embeddable":true,"href":"https:\/\/vedtilventeren.com\/fr\/wp-json\/wp\/v2\/comments?post=3713"}],"version-history":[{"count":1,"href":"https:\/\/vedtilventeren.com\/fr\/wp-json\/wp\/v2\/product\/3713\/revisions"}],"predecessor-version":[{"id":3749,"href":"https:\/\/vedtilventeren.com\/fr\/wp-json\/wp\/v2\/product\/3713\/revisions\/3749"}],"wp:featuredmedia":[{"embeddable":true,"href":"https:\/\/vedtilventeren.com\/fr\/wp-json\/wp\/v2\/media\/3748"}],"wp:attachment":[{"href":"https:\/\/vedtilventeren.com\/fr\/wp-json\/wp\/v2\/media?parent=3713"}],"wp:term":[{"taxonomy":"product_brand","embeddable":true,"href":"https:\/\/vedtilventeren.com\/fr\/wp-json\/wp\/v2\/product_brand?post=3713"},{"taxonomy":"product_cat","embeddable":true,"href":"https:\/\/vedtilventeren.com\/fr\/wp-json\/wp\/v2\/product_cat?post=3713"},{"taxonomy":"product_tag","embeddable":true,"href":"https:\/\/vedtilventeren.com\/fr\/wp-json\/wp\/v2\/product_tag?post=3713"}],"curies":[{"name":"wp","href":"https:\/\/api.w.org\/{rel}","templated":true}]}}