{"id":3716,"date":"2025-12-02T19:50:45","date_gmt":"2025-12-02T18:50:45","guid":{"rendered":"https:\/\/meca-remorque.com\/?post_type=product&#038;p=3716"},"modified":"2025-12-02T19:50:50","modified_gmt":"2025-12-02T18:50:50","slug":"aduro-17","status":"publish","type":"product","link":"https:\/\/vedtilventeren.com\/fr\/produit\/aduro-17\/","title":{"rendered":"Aduro 17"},"content":{"rendered":"<p>Til Aduro 17 kan du kj\u00f8pe en spesiell gulvplate i to deler, der den ene skal legges foran ovnen, og som lett kan fjernes og rengj\u00f8res p\u00e5 begge sider. Det er ogs\u00e5 mulig \u00e5 kj\u00f8pe en dekorativ topplate i kleberstein, kalkstein eller sandstein som vil skape en herlig kontrast til den svarte ovnen, og som holder p\u00e5 varmen lenger.<\/p>","protected":false},"excerpt":{"rendered":"<p>Til Aduro 17 kan du kj\u00f8pe en spesiell gulvplate i to deler, der den ene skal legges foran ovnen, og som lett kan fjernes og rengj\u00f8res p\u00e5 begge sider. &#8230;les mer<\/p>","protected":false},"featured_media":3754,"comment_status":"open","ping_status":"closed","template":"","meta":[],"product_brand":[],"product_cat":[281,282],"product_tag":[],"class_list":{"0":"post-3716","1":"product","2":"type-product","3":"status-publish","4":"has-post-thumbnail","6":"product_cat-ovn","7":"product_cat-peisovner-og-vedovner","9":"first","10":"instock","11":"shipping-taxable","12":"purchasable","13":"product-type-simple"},"jetpack_sharing_enabled":true,"_links":{"self":[{"href":"https:\/\/vedtilventeren.com\/fr\/wp-json\/wp\/v2\/product\/3716","targetHints":{"allow":["GET"]}}],"collection":[{"href":"https:\/\/vedtilventeren.com\/fr\/wp-json\/wp\/v2\/product"}],"about":[{"href":"https:\/\/vedtilventeren.com\/fr\/wp-json\/wp\/v2\/types\/product"}],"replies":[{"embeddable":true,"href":"https:\/\/vedtilventeren.com\/fr\/wp-json\/wp\/v2\/comments?post=3716"}],"version-history":[{"count":1,"href":"https:\/\/vedtilventeren.com\/fr\/wp-json\/wp\/v2\/product\/3716\/revisions"}],"predecessor-version":[{"id":3755,"href":"https:\/\/vedtilventeren.com\/fr\/wp-json\/wp\/v2\/product\/3716\/revisions\/3755"}],"wp:featuredmedia":[{"embeddable":true,"href":"https:\/\/vedtilventeren.com\/fr\/wp-json\/wp\/v2\/media\/3754"}],"wp:attachment":[{"href":"https:\/\/vedtilventeren.com\/fr\/wp-json\/wp\/v2\/media?parent=3716"}],"wp:term":[{"taxonomy":"product_brand","embeddable":true,"href":"https:\/\/vedtilventeren.com\/fr\/wp-json\/wp\/v2\/product_brand?post=3716"},{"taxonomy":"product_cat","embeddable":true,"href":"https:\/\/vedtilventeren.com\/fr\/wp-json\/wp\/v2\/product_cat?post=3716"},{"taxonomy":"product_tag","embeddable":true,"href":"https:\/\/vedtilventeren.com\/fr\/wp-json\/wp\/v2\/product_tag?post=3716"}],"curies":[{"name":"wp","href":"https:\/\/api.w.org\/{rel}","templated":true}]}}