{"id":3720,"date":"2025-12-02T19:50:45","date_gmt":"2025-12-02T18:50:45","guid":{"rendered":"https:\/\/meca-remorque.com\/?post_type=product&#038;p=3720"},"modified":"2025-12-02T19:50:52","modified_gmt":"2025-12-02T18:50:52","slug":"austroflamm-g1-stopejernsovn","status":"publish","type":"product","link":"https:\/\/vedtilventeren.com\/fr\/produit\/austroflamm-g1-stopejernsovn\/","title":{"rendered":"Austroflamm G1 St\u00f8pejernsovn"},"content":{"rendered":"","protected":false},"excerpt":{"rendered":"<p>G1 bringer fortiden inn i n\u00e5tiden. Designet refererer til tidligere tider, og vekker mange nostalgiske minner. Men ikke la deg lure av retro-utseendet: den mest moderne forbrenningsteknologien er skjult p\u00e5 innsiden. Med sin praktiske kokeplate vil G1 gi deg et ildsted til b\u00e5de nytte og hygge.Velger du peisovner fra \u00d8steriske Austroflamm har du sikkert gjort deg opp noen meninger om design og kvalitet. Alle designmessige og praktiske detaljer er utf\u00f8rt med \u00f8sterisk presisjon. Kvalitet og stabilitet sikres ved solid konstruksjon og komponenter i st\u00f8pejern.<\/p>","protected":false},"featured_media":3762,"comment_status":"open","ping_status":"closed","template":"","meta":[],"product_brand":[],"product_cat":[281,282],"product_tag":[],"class_list":{"0":"post-3720","1":"product","2":"type-product","3":"status-publish","4":"has-post-thumbnail","6":"product_cat-ovn","7":"product_cat-peisovner-og-vedovner","9":"first","10":"instock","11":"sale","12":"shipping-taxable","13":"purchasable","14":"product-type-simple"},"jetpack_sharing_enabled":true,"_links":{"self":[{"href":"https:\/\/vedtilventeren.com\/fr\/wp-json\/wp\/v2\/product\/3720","targetHints":{"allow":["GET"]}}],"collection":[{"href":"https:\/\/vedtilventeren.com\/fr\/wp-json\/wp\/v2\/product"}],"about":[{"href":"https:\/\/vedtilventeren.com\/fr\/wp-json\/wp\/v2\/types\/product"}],"replies":[{"embeddable":true,"href":"https:\/\/vedtilventeren.com\/fr\/wp-json\/wp\/v2\/comments?post=3720"}],"version-history":[{"count":1,"href":"https:\/\/vedtilventeren.com\/fr\/wp-json\/wp\/v2\/product\/3720\/revisions"}],"predecessor-version":[{"id":3763,"href":"https:\/\/vedtilventeren.com\/fr\/wp-json\/wp\/v2\/product\/3720\/revisions\/3763"}],"wp:featuredmedia":[{"embeddable":true,"href":"https:\/\/vedtilventeren.com\/fr\/wp-json\/wp\/v2\/media\/3762"}],"wp:attachment":[{"href":"https:\/\/vedtilventeren.com\/fr\/wp-json\/wp\/v2\/media?parent=3720"}],"wp:term":[{"taxonomy":"product_brand","embeddable":true,"href":"https:\/\/vedtilventeren.com\/fr\/wp-json\/wp\/v2\/product_brand?post=3720"},{"taxonomy":"product_cat","embeddable":true,"href":"https:\/\/vedtilventeren.com\/fr\/wp-json\/wp\/v2\/product_cat?post=3720"},{"taxonomy":"product_tag","embeddable":true,"href":"https:\/\/vedtilventeren.com\/fr\/wp-json\/wp\/v2\/product_tag?post=3720"}],"curies":[{"name":"wp","href":"https:\/\/api.w.org\/{rel}","templated":true}]}}