{"id":3733,"date":"2025-12-02T19:50:46","date_gmt":"2025-12-02T18:50:46","guid":{"rendered":"https:\/\/meca-remorque.com\/?post_type=product&#038;p=3733"},"modified":"2025-12-02T19:51:00","modified_gmt":"2025-12-02T18:51:00","slug":"nordpeis-me-steel-med-sideglass","status":"publish","type":"product","link":"https:\/\/vedtilventeren.com\/fr\/produit\/nordpeis-me-steel-med-sideglass\/","title":{"rendered":"Nordpeis Me Steel med sideglass"},"content":{"rendered":"<p>Me Steel er designversjonen, formet i et mer utfordrende uttrykk.N\u00e5 kan vi ogs\u00e5 tilby Me Steel i alle RAL farger.<\/p>\n<p>Tilpass den til din stil og ditt hjem<\/p>\n<p>Flere \u00f8nsker n\u00e5 \u00e5 uttrykke sin personlighet. Vi \u00f8nsker \u00e5 skape v\u00e5r egen stil og vi liker \u00e5 omringe oss med m\u00f8bler og interi\u00f8r i spreke farger. Trendene viser at vi g\u00e5r bort ifra det hvite og gr\u00e5. Farger p\u00e5virker oss og er med p\u00e5 \u00e5 skape et muntert og fargerikt hjem. Hvorfor ikke la vedovnen v\u00e6re med p\u00e5 \u00e5 skape et friskt uttrykk?<\/p>\n<p>Bryt med vegg og interi\u00f8r<br \/>\nP\u00e5 den m\u00e5ten skaper du en ovn som lyser opp i rommet. Den blir et blikkfang som garantert kommer til \u00e5 skinne og v\u00e6re et funksjonelt kunstverk i rommet.<br \/>\nSpennende, innovativt og veldig dekorativt.<\/p>","protected":false},"excerpt":{"rendered":"<p>Me Steel er designversjonen, formet i et mer utfordrende uttrykk. &#8230;les mer<\/p>","protected":false},"featured_media":3788,"comment_status":"open","ping_status":"closed","template":"","meta":[],"product_brand":[],"product_cat":[281,282],"product_tag":[],"class_list":{"0":"post-3733","1":"product","2":"type-product","3":"status-publish","4":"has-post-thumbnail","6":"product_cat-ovn","7":"product_cat-peisovner-og-vedovner","9":"first","10":"instock","11":"shipping-taxable","12":"purchasable","13":"product-type-simple"},"jetpack_sharing_enabled":true,"_links":{"self":[{"href":"https:\/\/vedtilventeren.com\/fr\/wp-json\/wp\/v2\/product\/3733","targetHints":{"allow":["GET"]}}],"collection":[{"href":"https:\/\/vedtilventeren.com\/fr\/wp-json\/wp\/v2\/product"}],"about":[{"href":"https:\/\/vedtilventeren.com\/fr\/wp-json\/wp\/v2\/types\/product"}],"replies":[{"embeddable":true,"href":"https:\/\/vedtilventeren.com\/fr\/wp-json\/wp\/v2\/comments?post=3733"}],"version-history":[{"count":1,"href":"https:\/\/vedtilventeren.com\/fr\/wp-json\/wp\/v2\/product\/3733\/revisions"}],"predecessor-version":[{"id":3789,"href":"https:\/\/vedtilventeren.com\/fr\/wp-json\/wp\/v2\/product\/3733\/revisions\/3789"}],"wp:featuredmedia":[{"embeddable":true,"href":"https:\/\/vedtilventeren.com\/fr\/wp-json\/wp\/v2\/media\/3788"}],"wp:attachment":[{"href":"https:\/\/vedtilventeren.com\/fr\/wp-json\/wp\/v2\/media?parent=3733"}],"wp:term":[{"taxonomy":"product_brand","embeddable":true,"href":"https:\/\/vedtilventeren.com\/fr\/wp-json\/wp\/v2\/product_brand?post=3733"},{"taxonomy":"product_cat","embeddable":true,"href":"https:\/\/vedtilventeren.com\/fr\/wp-json\/wp\/v2\/product_cat?post=3733"},{"taxonomy":"product_tag","embeddable":true,"href":"https:\/\/vedtilventeren.com\/fr\/wp-json\/wp\/v2\/product_tag?post=3733"}],"curies":[{"name":"wp","href":"https:\/\/api.w.org\/{rel}","templated":true}]}}