{"id":3806,"date":"2025-12-02T19:51:21","date_gmt":"2025-12-02T18:51:21","guid":{"rendered":"https:\/\/meca-remorque.com\/?post_type=product&#038;p=3806"},"modified":"2025-12-02T19:51:24","modified_gmt":"2025-12-02T18:51:24","slug":"nordpeis-n-21u-exclusive","status":"publish","type":"product","link":"https:\/\/vedtilventeren.com\/fr\/produit\/nordpeis-n-21u-exclusive\/","title":{"rendered":"Nordpeis N-21U Exclusive"},"content":{"rendered":"<p>Nordpeis N-21 Exclusive-serien er innsatser med et rent og eksklusivt uttrykk. Innsatsene har en praktisk stoppfunksjon som gj\u00f8r at d\u00f8ren holder seg oppe mens du legger i ved og et h\u00e5ndtak som ikke blir varmt under fyring. I tillegg er innsiden av innsatsen er kledd i v\u00e5r egenutviklede Thermotte isolasjonsplater, som er sterke, isolerende og har et lyst og delikat utseende. N-21U Exclusive har glass p\u00e5 tre sider og gir godt innsyn til flammene. Nyeste IR Max teknologi gir lett og optimal fyring samt renere glass.<br \/>\n&nbsp;<br \/>\n-Rentbrennende: N-21 Exclusive innsatser har doble glass som gir ekstra god forbrenning, selv p\u00e5 lav effekt<br \/>\n-Mulighet for frisklufttilf\u00f8rsel: Luftspyling for renere glass, ren luft slippes inn via en kanal i overkant av glasset, som spyler som en gardin nedover glasset i det varme brennkammeret. Alle nordpeis sine innsatser kan brukes til innmuring.<\/p>","protected":false},"excerpt":{"rendered":"<p>Nordpeis N-21 Exclusive-serien er innsatser med et rent og eksklusivt uttrykk. Innsatsene har en praktisk stoppfunksjon som gj\u00f8r at d\u00f8ren holder seg oppe mens du legger i ved og et h\u00e5ndtak som ikke blir varmt under fyring. I tillegg er innsiden av innsatsen er kledd i v\u00e5r egenutviklede Thermotte isolasjonsplater, som er sterke, isolerende og har et lyst og delikat utseende. N-21U Exclusive har glass p\u00e5 tre sider og gir godt innsyn til flammene. &#8230;les mer<\/p>","protected":false},"featured_media":3838,"comment_status":"open","ping_status":"closed","template":"","meta":[],"product_brand":[],"product_cat":[285,278,279],"product_tag":[],"class_list":{"0":"post-3806","1":"product","2":"type-product","3":"status-publish","4":"has-post-thumbnail","6":"product_cat-innsats-med-glass-pa-3-side","7":"product_cat-peis","8":"product_cat-peisinnsatser","10":"first","11":"instock","12":"shipping-taxable","13":"purchasable","14":"product-type-simple"},"jetpack_sharing_enabled":true,"_links":{"self":[{"href":"https:\/\/vedtilventeren.com\/fr\/wp-json\/wp\/v2\/product\/3806","targetHints":{"allow":["GET"]}}],"collection":[{"href":"https:\/\/vedtilventeren.com\/fr\/wp-json\/wp\/v2\/product"}],"about":[{"href":"https:\/\/vedtilventeren.com\/fr\/wp-json\/wp\/v2\/types\/product"}],"replies":[{"embeddable":true,"href":"https:\/\/vedtilventeren.com\/fr\/wp-json\/wp\/v2\/comments?post=3806"}],"version-history":[{"count":1,"href":"https:\/\/vedtilventeren.com\/fr\/wp-json\/wp\/v2\/product\/3806\/revisions"}],"predecessor-version":[{"id":3839,"href":"https:\/\/vedtilventeren.com\/fr\/wp-json\/wp\/v2\/product\/3806\/revisions\/3839"}],"wp:featuredmedia":[{"embeddable":true,"href":"https:\/\/vedtilventeren.com\/fr\/wp-json\/wp\/v2\/media\/3838"}],"wp:attachment":[{"href":"https:\/\/vedtilventeren.com\/fr\/wp-json\/wp\/v2\/media?parent=3806"}],"wp:term":[{"taxonomy":"product_brand","embeddable":true,"href":"https:\/\/vedtilventeren.com\/fr\/wp-json\/wp\/v2\/product_brand?post=3806"},{"taxonomy":"product_cat","embeddable":true,"href":"https:\/\/vedtilventeren.com\/fr\/wp-json\/wp\/v2\/product_cat?post=3806"},{"taxonomy":"product_tag","embeddable":true,"href":"https:\/\/vedtilventeren.com\/fr\/wp-json\/wp\/v2\/product_tag?post=3806"}],"curies":[{"name":"wp","href":"https:\/\/api.w.org\/{rel}","templated":true}]}}