{"id":3830,"date":"2025-12-02T19:51:22","date_gmt":"2025-12-02T18:51:22","guid":{"rendered":"https:\/\/meca-remorque.com\/?post_type=product&#038;p=3830"},"modified":"2025-12-02T19:51:40","modified_gmt":"2025-12-02T18:51:40","slug":"romotop-tala-n-06-sort-stal","status":"publish","type":"product","link":"https:\/\/vedtilventeren.com\/fr\/produit\/romotop-tala-n-06-sort-stal\/","title":{"rendered":"Romotop Tala N 06 Sort st\u00e5l"},"content":{"rendered":"<p>Den store peisd\u00f8ren med uhindret innsyn til flammene, er det som kjennetegner TALA best.<br \/>\nTALA er konstruert av st\u00e5lplater som ogs\u00e5 utgj\u00f8r ovnens helhetsinntrykk.<br \/>\nDenne designen bidrar til at TALA passer godt inn i alle typer interi\u00f8r. Utformingen av ovnen tillater valgfritt uttak av r\u00f8yk. Topputtak og bakuttak gir et plasseringsvennlig og fleksibelt ildsted. Glasset i peisd\u00f8ren vaskes rent for sot takket v\u00e6re det sekund\u00e6re luftinntaket. De prim\u00e6re og sekund\u00e6re luftinntakene reguleres av ett enkelt kontrollelement.\u00a0Brennkammeret er foret med chamotte teglfliser. Den nederste delen av ovnen kan fint brukes til oppbevaring av en liten mengde ved, opptenningsmiddel eller lignende.<\/p>","protected":false},"excerpt":{"rendered":"<p>Den store peisd\u00f8ren med uhindret innsyn til flammene, er det som kjennetegner TALA best.<br \/>\n&#8230;les mer<\/p>","protected":false},"featured_media":3886,"comment_status":"open","ping_status":"closed","template":"","meta":[],"product_brand":[],"product_cat":[281,282],"product_tag":[],"class_list":{"0":"post-3830","1":"product","2":"type-product","3":"status-publish","4":"has-post-thumbnail","6":"product_cat-ovn","7":"product_cat-peisovner-og-vedovner","9":"first","10":"instock","11":"sale","12":"shipping-taxable","13":"purchasable","14":"product-type-simple"},"jetpack_sharing_enabled":true,"_links":{"self":[{"href":"https:\/\/vedtilventeren.com\/fr\/wp-json\/wp\/v2\/product\/3830","targetHints":{"allow":["GET"]}}],"collection":[{"href":"https:\/\/vedtilventeren.com\/fr\/wp-json\/wp\/v2\/product"}],"about":[{"href":"https:\/\/vedtilventeren.com\/fr\/wp-json\/wp\/v2\/types\/product"}],"replies":[{"embeddable":true,"href":"https:\/\/vedtilventeren.com\/fr\/wp-json\/wp\/v2\/comments?post=3830"}],"version-history":[{"count":1,"href":"https:\/\/vedtilventeren.com\/fr\/wp-json\/wp\/v2\/product\/3830\/revisions"}],"predecessor-version":[{"id":3887,"href":"https:\/\/vedtilventeren.com\/fr\/wp-json\/wp\/v2\/product\/3830\/revisions\/3887"}],"wp:featuredmedia":[{"embeddable":true,"href":"https:\/\/vedtilventeren.com\/fr\/wp-json\/wp\/v2\/media\/3886"}],"wp:attachment":[{"href":"https:\/\/vedtilventeren.com\/fr\/wp-json\/wp\/v2\/media?parent=3830"}],"wp:term":[{"taxonomy":"product_brand","embeddable":true,"href":"https:\/\/vedtilventeren.com\/fr\/wp-json\/wp\/v2\/product_brand?post=3830"},{"taxonomy":"product_cat","embeddable":true,"href":"https:\/\/vedtilventeren.com\/fr\/wp-json\/wp\/v2\/product_cat?post=3830"},{"taxonomy":"product_tag","embeddable":true,"href":"https:\/\/vedtilventeren.com\/fr\/wp-json\/wp\/v2\/product_tag?post=3830"}],"curies":[{"name":"wp","href":"https:\/\/api.w.org\/{rel}","templated":true}]}}