{"id":3894,"date":"2025-12-02T19:51:45","date_gmt":"2025-12-02T18:51:45","guid":{"rendered":"https:\/\/meca-remorque.com\/?post_type=product&#038;p=3894"},"modified":"2025-12-03T13:29:37","modified_gmt":"2025-12-03T12:29:37","slug":"mbs-vedovn-olympia-sort","status":"publish","type":"product","link":"https:\/\/vedtilventeren.com\/fr\/produit\/mbs-vedovn-olympia-sort\/","title":{"rendered":"MBS Vedovn Olympia sort"},"content":{"rendered":"<p>Kompakt vedfyrt kj\u00f8kkenkomfyr &#8211; perfekt til hytta!Olympia kj\u00f8kkenkomfyr er en nostalgisk vedkomfyr med moderne fyringsegenskaper. Komfyren har stekeplate (som kan fjernes) i topplaten, bakeovn, brennkammer av st\u00f8pejern og askeskuff.Stekeovnen er p\u00e5 27 cm(B) x 28 cm(H) x 42,5 cm(D), og det f\u00f8lger det med 1 emaljert langpanne.Med sine moderne fyringsegenskaper egner de seg utmerket som varmekilde i tillegg til at man kan lage mat p\u00e5 den.<\/p>","protected":false},"excerpt":{"rendered":"<p>Kompakt vedfyrt kj\u00f8kkenkomfyr &#8211; perfekt til hytta! &#8230;les mer<\/p>","protected":false},"featured_media":3924,"comment_status":"open","ping_status":"closed","template":"","meta":[],"product_brand":[],"product_cat":[281,282,283],"product_tag":[],"class_list":{"0":"post-3894","1":"product","2":"type-product","3":"status-publish","4":"has-post-thumbnail","6":"product_cat-ovn","7":"product_cat-peisovner-og-vedovner","8":"product_cat-vedovn","10":"first","11":"instock","12":"shipping-taxable","13":"purchasable","14":"product-type-simple"},"jetpack_sharing_enabled":true,"_links":{"self":[{"href":"https:\/\/vedtilventeren.com\/fr\/wp-json\/wp\/v2\/product\/3894","targetHints":{"allow":["GET"]}}],"collection":[{"href":"https:\/\/vedtilventeren.com\/fr\/wp-json\/wp\/v2\/product"}],"about":[{"href":"https:\/\/vedtilventeren.com\/fr\/wp-json\/wp\/v2\/types\/product"}],"replies":[{"embeddable":true,"href":"https:\/\/vedtilventeren.com\/fr\/wp-json\/wp\/v2\/comments?post=3894"}],"version-history":[{"count":1,"href":"https:\/\/vedtilventeren.com\/fr\/wp-json\/wp\/v2\/product\/3894\/revisions"}],"predecessor-version":[{"id":3925,"href":"https:\/\/vedtilventeren.com\/fr\/wp-json\/wp\/v2\/product\/3894\/revisions\/3925"}],"wp:featuredmedia":[{"embeddable":true,"href":"https:\/\/vedtilventeren.com\/fr\/wp-json\/wp\/v2\/media\/3924"}],"wp:attachment":[{"href":"https:\/\/vedtilventeren.com\/fr\/wp-json\/wp\/v2\/media?parent=3894"}],"wp:term":[{"taxonomy":"product_brand","embeddable":true,"href":"https:\/\/vedtilventeren.com\/fr\/wp-json\/wp\/v2\/product_brand?post=3894"},{"taxonomy":"product_cat","embeddable":true,"href":"https:\/\/vedtilventeren.com\/fr\/wp-json\/wp\/v2\/product_cat?post=3894"},{"taxonomy":"product_tag","embeddable":true,"href":"https:\/\/vedtilventeren.com\/fr\/wp-json\/wp\/v2\/product_tag?post=3894"}],"curies":[{"name":"wp","href":"https:\/\/api.w.org\/{rel}","templated":true}]}}