{"id":3898,"date":"2025-12-02T19:51:45","date_gmt":"2025-12-02T18:51:45","guid":{"rendered":"https:\/\/meca-remorque.com\/?post_type=product&#038;p=3898"},"modified":"2025-12-03T15:24:03","modified_gmt":"2025-12-03T14:24:03","slug":"exodraft-royksuger-rs-255-4-1230","status":"publish","type":"product","link":"https:\/\/vedtilventeren.com\/fr\/produit\/exodraft-royksuger-rs-255-4-1230\/","title":{"rendered":"Exodraft R\u00f8yksuger RS 255-4 1&#215;230"},"content":{"rendered":"<p>Med en RS255 pipevifte fra Exodraft kan det optimale trekket skapes i skorsteinen ved hjelp av undertrykk i r\u00f8ykr\u00f8r og skorstein. RS255 har et horisontalt avkast, hvilket vil si at r\u00f8yken sendes ut til siden og ikke vertikalt opp.<br \/>\nPipeviften er konstruert slik at den t\u00e5ler opptil 250 \u00b0C kontinuerlig. Den er produsert i korrosjonsbestandig aluminium, og alle skruer og bolter er i rustfritt st\u00e5l.<br \/>\nPipeviften best\u00e5r av en motorkabel, en toppseksjon, motor, sentrifugalhjul, kj\u00f8leplate, b\u00e6replate, hengsler, skruer og bolter. Motoren er temperaturbestandig og lukket, mens sentrifugalhjulet og kj\u00f8lelufts\u00e5pningene sikrer at motoren hele tiden er s\u00e5 nedkj\u00f8lt som mulig. Motorkabelen er ogs\u00e5 varmebestandig og avlastningssikret samt beskyttet av en panserslange utvendig.<br \/>\nAlt dette sikrer pipeviften en lang levetid og h\u00f8y driftssikkerhet.<br \/>\nSkal feieren feie skorsteinen, kan han enkelt \u00e5pne viften og komme til uten problemer. Da sentrifugalhjulet er st\u00f8pt i aluminium, kan han ogs\u00e5 enkelt rengj\u00f8re det for sot og eventuelle belegg n\u00e5r han likevel er i gang oppe p\u00e5 taket.<br \/>\nAv sikkerhetsmessige \u00e5rsaker er det montert et nett i rustfritt st\u00e5l i avkast\u00e5pningen som fugle- og ber\u00f8ringsbeskyttelse.<\/p>","protected":false},"excerpt":{"rendered":"<p>Med en RS255 pipevifte fra Exodraft kan det optimale trekket skapes i skorsteinen ved hjelp av undertrykk i r\u00f8ykr\u00f8r og skorstein.<\/p>","protected":false},"featured_media":3932,"comment_status":"open","ping_status":"closed","template":"","meta":[],"product_brand":[],"product_cat":[346],"product_tag":[],"class_list":{"0":"post-3898","1":"product","2":"type-product","3":"status-publish","4":"has-post-thumbnail","6":"product_cat-pipe","8":"first","9":"instock","10":"shipping-taxable","11":"purchasable","12":"product-type-simple"},"jetpack_sharing_enabled":true,"_links":{"self":[{"href":"https:\/\/vedtilventeren.com\/fr\/wp-json\/wp\/v2\/product\/3898","targetHints":{"allow":["GET"]}}],"collection":[{"href":"https:\/\/vedtilventeren.com\/fr\/wp-json\/wp\/v2\/product"}],"about":[{"href":"https:\/\/vedtilventeren.com\/fr\/wp-json\/wp\/v2\/types\/product"}],"replies":[{"embeddable":true,"href":"https:\/\/vedtilventeren.com\/fr\/wp-json\/wp\/v2\/comments?post=3898"}],"version-history":[{"count":1,"href":"https:\/\/vedtilventeren.com\/fr\/wp-json\/wp\/v2\/product\/3898\/revisions"}],"predecessor-version":[{"id":3933,"href":"https:\/\/vedtilventeren.com\/fr\/wp-json\/wp\/v2\/product\/3898\/revisions\/3933"}],"wp:featuredmedia":[{"embeddable":true,"href":"https:\/\/vedtilventeren.com\/fr\/wp-json\/wp\/v2\/media\/3932"}],"wp:attachment":[{"href":"https:\/\/vedtilventeren.com\/fr\/wp-json\/wp\/v2\/media?parent=3898"}],"wp:term":[{"taxonomy":"product_brand","embeddable":true,"href":"https:\/\/vedtilventeren.com\/fr\/wp-json\/wp\/v2\/product_brand?post=3898"},{"taxonomy":"product_cat","embeddable":true,"href":"https:\/\/vedtilventeren.com\/fr\/wp-json\/wp\/v2\/product_cat?post=3898"},{"taxonomy":"product_tag","embeddable":true,"href":"https:\/\/vedtilventeren.com\/fr\/wp-json\/wp\/v2\/product_tag?post=3898"}],"curies":[{"name":"wp","href":"https:\/\/api.w.org\/{rel}","templated":true}]}}