{"id":3908,"date":"2025-12-02T19:51:46","date_gmt":"2025-12-02T18:51:46","guid":{"rendered":"https:\/\/meca-remorque.com\/?post_type=product&#038;p=3908"},"modified":"2025-12-02T19:51:58","modified_gmt":"2025-12-02T18:51:58","slug":"asgard-2","status":"publish","type":"product","link":"https:\/\/vedtilventeren.com\/fr\/produit\/asgard-2\/","title":{"rendered":"Asg\u00e5rd 2"},"content":{"rendered":"","protected":false},"excerpt":{"rendered":"<p>Asg\u00e5rd 2 er en funksjonell konveksjonsovn med stor effekt og kapasitet til vedkubber p\u00e5 31 cm. Forbrenningen i Asg\u00e5rd 2 kan optimeres ved \u00e5 regulere prim\u00e6r- og sekund\u00e6rspjeldet. Glasset holdes rent ved hjelp av et effektivt ruteskyllingssystem som optimeres ved hjelp av en ekstra retningsstyring av luften. En flott ovn til en meget attraktiv pris.<\/p>","protected":false},"featured_media":3954,"comment_status":"open","ping_status":"closed","template":"","meta":[],"product_brand":[],"product_cat":[281,282],"product_tag":[],"class_list":{"0":"post-3908","1":"product","2":"type-product","3":"status-publish","4":"has-post-thumbnail","6":"product_cat-ovn","7":"product_cat-peisovner-og-vedovner","9":"first","10":"instock","11":"sale","12":"shipping-taxable","13":"purchasable","14":"product-type-simple"},"jetpack_sharing_enabled":true,"_links":{"self":[{"href":"https:\/\/vedtilventeren.com\/fr\/wp-json\/wp\/v2\/product\/3908","targetHints":{"allow":["GET"]}}],"collection":[{"href":"https:\/\/vedtilventeren.com\/fr\/wp-json\/wp\/v2\/product"}],"about":[{"href":"https:\/\/vedtilventeren.com\/fr\/wp-json\/wp\/v2\/types\/product"}],"replies":[{"embeddable":true,"href":"https:\/\/vedtilventeren.com\/fr\/wp-json\/wp\/v2\/comments?post=3908"}],"version-history":[{"count":1,"href":"https:\/\/vedtilventeren.com\/fr\/wp-json\/wp\/v2\/product\/3908\/revisions"}],"predecessor-version":[{"id":3955,"href":"https:\/\/vedtilventeren.com\/fr\/wp-json\/wp\/v2\/product\/3908\/revisions\/3955"}],"wp:featuredmedia":[{"embeddable":true,"href":"https:\/\/vedtilventeren.com\/fr\/wp-json\/wp\/v2\/media\/3954"}],"wp:attachment":[{"href":"https:\/\/vedtilventeren.com\/fr\/wp-json\/wp\/v2\/media?parent=3908"}],"wp:term":[{"taxonomy":"product_brand","embeddable":true,"href":"https:\/\/vedtilventeren.com\/fr\/wp-json\/wp\/v2\/product_brand?post=3908"},{"taxonomy":"product_cat","embeddable":true,"href":"https:\/\/vedtilventeren.com\/fr\/wp-json\/wp\/v2\/product_cat?post=3908"},{"taxonomy":"product_tag","embeddable":true,"href":"https:\/\/vedtilventeren.com\/fr\/wp-json\/wp\/v2\/product_tag?post=3908"}],"curies":[{"name":"wp","href":"https:\/\/api.w.org\/{rel}","templated":true}]}}