{"id":3909,"date":"2025-12-02T19:51:46","date_gmt":"2025-12-02T18:51:46","guid":{"rendered":"https:\/\/meca-remorque.com\/?post_type=product&#038;p=3909"},"modified":"2025-12-02T19:51:58","modified_gmt":"2025-12-02T18:51:58","slug":"aduro-22-5-lux","status":"publish","type":"product","link":"https:\/\/vedtilventeren.com\/fr\/produit\/aduro-22-5-lux\/","title":{"rendered":"Aduro 22.5 Lux"},"content":{"rendered":"","protected":false},"excerpt":{"rendered":"<p>Aduro 22.5 Lux er en h\u00f8y, slank og elegant peisovn med hevet brennkammer som gir et flott innblikk til flammene fra 180 grader. Den elegante glassd\u00f8ren fanger blikket, mens betjeningsh\u00e5ndtakene toner diskret frem mellom d\u00f8ren og oppbevaringsrommet. Den lille sokkelen l\u00f8fter ovnen visuelt. Ovnen er ideell til sm\u00e5 rom og mindre boliger.<br \/>\nDen patenterte Aduro-tronic-automatikken s\u00f8rger dessuten for en ren, effektiv og milj\u00f8vennlig forbrenning &#8211; uten besv\u00e6r.<\/p>","protected":false},"featured_media":3956,"comment_status":"open","ping_status":"closed","template":"","meta":[],"product_brand":[],"product_cat":[281,282],"product_tag":[],"class_list":{"0":"post-3909","1":"product","2":"type-product","3":"status-publish","4":"has-post-thumbnail","6":"product_cat-ovn","7":"product_cat-peisovner-og-vedovner","9":"first","10":"instock","11":"shipping-taxable","12":"purchasable","13":"product-type-simple"},"jetpack_sharing_enabled":true,"_links":{"self":[{"href":"https:\/\/vedtilventeren.com\/fr\/wp-json\/wp\/v2\/product\/3909","targetHints":{"allow":["GET"]}}],"collection":[{"href":"https:\/\/vedtilventeren.com\/fr\/wp-json\/wp\/v2\/product"}],"about":[{"href":"https:\/\/vedtilventeren.com\/fr\/wp-json\/wp\/v2\/types\/product"}],"replies":[{"embeddable":true,"href":"https:\/\/vedtilventeren.com\/fr\/wp-json\/wp\/v2\/comments?post=3909"}],"version-history":[{"count":1,"href":"https:\/\/vedtilventeren.com\/fr\/wp-json\/wp\/v2\/product\/3909\/revisions"}],"predecessor-version":[{"id":3957,"href":"https:\/\/vedtilventeren.com\/fr\/wp-json\/wp\/v2\/product\/3909\/revisions\/3957"}],"wp:featuredmedia":[{"embeddable":true,"href":"https:\/\/vedtilventeren.com\/fr\/wp-json\/wp\/v2\/media\/3956"}],"wp:attachment":[{"href":"https:\/\/vedtilventeren.com\/fr\/wp-json\/wp\/v2\/media?parent=3909"}],"wp:term":[{"taxonomy":"product_brand","embeddable":true,"href":"https:\/\/vedtilventeren.com\/fr\/wp-json\/wp\/v2\/product_brand?post=3909"},{"taxonomy":"product_cat","embeddable":true,"href":"https:\/\/vedtilventeren.com\/fr\/wp-json\/wp\/v2\/product_cat?post=3909"},{"taxonomy":"product_tag","embeddable":true,"href":"https:\/\/vedtilventeren.com\/fr\/wp-json\/wp\/v2\/product_tag?post=3909"}],"curies":[{"name":"wp","href":"https:\/\/api.w.org\/{rel}","templated":true}]}}