{"id":3911,"date":"2025-12-02T19:51:46","date_gmt":"2025-12-02T18:51:46","guid":{"rendered":"https:\/\/meca-remorque.com\/?post_type=product&#038;p=3911"},"modified":"2025-12-02T19:51:59","modified_gmt":"2025-12-02T18:51:59","slug":"aduro-1-4","status":"publish","type":"product","link":"https:\/\/vedtilventeren.com\/fr\/produit\/aduro-1-4\/","title":{"rendered":"Aduro 1.4"},"content":{"rendered":"","protected":false},"excerpt":{"rendered":"<p>M\u00e5let med Aduro 1.4 har v\u00e6rt \u00e5 skape en h\u00f8y ovn med et hevet brennkammer som gir en enklere betjening og et perfekt innblikk til flammene. Peisovnens runde form fungerer som en naturlig forlengelse av skorsteinens forl\u00f8p. For \u00e5 understreke dette er fremsiden holdt helt glatt &#8211; d\u00f8rh\u00e5ndtaket samt h\u00e5ndtakene til luftreguleringen er fullt integrert i ovnen. I bunnen av ovnen er det et stort oppbevaringsrom til ved.<\/p>","protected":false},"featured_media":3960,"comment_status":"open","ping_status":"closed","template":"","meta":[],"product_brand":[],"product_cat":[281,282],"product_tag":[],"class_list":{"0":"post-3911","1":"product","2":"type-product","3":"status-publish","4":"has-post-thumbnail","6":"product_cat-ovn","7":"product_cat-peisovner-og-vedovner","9":"first","10":"instock","11":"shipping-taxable","12":"purchasable","13":"product-type-simple"},"jetpack_sharing_enabled":true,"_links":{"self":[{"href":"https:\/\/vedtilventeren.com\/fr\/wp-json\/wp\/v2\/product\/3911","targetHints":{"allow":["GET"]}}],"collection":[{"href":"https:\/\/vedtilventeren.com\/fr\/wp-json\/wp\/v2\/product"}],"about":[{"href":"https:\/\/vedtilventeren.com\/fr\/wp-json\/wp\/v2\/types\/product"}],"replies":[{"embeddable":true,"href":"https:\/\/vedtilventeren.com\/fr\/wp-json\/wp\/v2\/comments?post=3911"}],"version-history":[{"count":1,"href":"https:\/\/vedtilventeren.com\/fr\/wp-json\/wp\/v2\/product\/3911\/revisions"}],"predecessor-version":[{"id":3961,"href":"https:\/\/vedtilventeren.com\/fr\/wp-json\/wp\/v2\/product\/3911\/revisions\/3961"}],"wp:featuredmedia":[{"embeddable":true,"href":"https:\/\/vedtilventeren.com\/fr\/wp-json\/wp\/v2\/media\/3960"}],"wp:attachment":[{"href":"https:\/\/vedtilventeren.com\/fr\/wp-json\/wp\/v2\/media?parent=3911"}],"wp:term":[{"taxonomy":"product_brand","embeddable":true,"href":"https:\/\/vedtilventeren.com\/fr\/wp-json\/wp\/v2\/product_brand?post=3911"},{"taxonomy":"product_cat","embeddable":true,"href":"https:\/\/vedtilventeren.com\/fr\/wp-json\/wp\/v2\/product_cat?post=3911"},{"taxonomy":"product_tag","embeddable":true,"href":"https:\/\/vedtilventeren.com\/fr\/wp-json\/wp\/v2\/product_tag?post=3911"}],"curies":[{"name":"wp","href":"https:\/\/api.w.org\/{rel}","templated":true}]}}