{"id":3913,"date":"2025-12-02T19:51:46","date_gmt":"2025-12-02T18:51:46","guid":{"rendered":"https:\/\/meca-remorque.com\/?post_type=product&#038;p=3913"},"modified":"2025-12-02T19:52:00","modified_gmt":"2025-12-02T18:52:00","slug":"aduro-9-7-lux","status":"publish","type":"product","link":"https:\/\/vedtilventeren.com\/fr\/produit\/aduro-9-7-lux\/","title":{"rendered":"Aduro 9.7 Lux"},"content":{"rendered":"","protected":false},"excerpt":{"rendered":"<p>Med en h\u00f8yde p\u00e5 150 cm er Aduro 9.7 Lux flott i rom med h\u00f8y takh\u00f8yde. Peisovnen har 24 steiner p\u00e5 toppen som magasinerer varme, og et stort rom til ved i bunnen, skjult bak en luke. Midt p\u00e5 ovnen finner du den eksklusive glassd\u00f8ren, som er ett av kjennetegnene p\u00e5 at dette er en Lux-modell. Aduro 9.7 Lux har spesielle detaljer: Ovnen er hevet noe ved hjelp av en liten sokkel, og de glatte h\u00e5ndtakene forsvinner under d\u00f8ren n\u00e5r den er lukket.<br \/>\nAduro 9.7 Lux er utstyrt med Aduro-tronic, som automatisk regulerer lufttilf\u00f8rselen under opptenning, og dermed sikrer optimal forbrenning. Ovnen er ogs\u00e5 forberedt for ekstern lufttilf\u00f8rsel.<br \/>\nVarmemagasinering<br \/>\nOver brennkammeret er det plassert 24 steiner som magasinerer varmen n\u00e5r det fyres i peisovnen. N\u00e5r den siste vedskien har brent opp vil ovnen fortsatt avgi varme fra steinene, og vil kunne holde en jevn og behagelig temperatur i rommet f.eks. om natten n\u00e5r det er fyrt i peisovnen p\u00e5 kvelden.<br \/>\nSteinene som utgj\u00f8r varmemagasinet er spesialutformet for \u00e5 holde p\u00e5 varmen \u2013 tester viser at de vil avgi varme i opptil 12 timer etter siste fyring.<\/p>","protected":false},"featured_media":3964,"comment_status":"open","ping_status":"closed","template":"","meta":[],"product_brand":[],"product_cat":[281,282],"product_tag":[],"class_list":{"0":"post-3913","1":"product","2":"type-product","3":"status-publish","4":"has-post-thumbnail","6":"product_cat-ovn","7":"product_cat-peisovner-og-vedovner","9":"first","10":"instock","11":"shipping-taxable","12":"purchasable","13":"product-type-simple"},"jetpack_sharing_enabled":true,"_links":{"self":[{"href":"https:\/\/vedtilventeren.com\/fr\/wp-json\/wp\/v2\/product\/3913","targetHints":{"allow":["GET"]}}],"collection":[{"href":"https:\/\/vedtilventeren.com\/fr\/wp-json\/wp\/v2\/product"}],"about":[{"href":"https:\/\/vedtilventeren.com\/fr\/wp-json\/wp\/v2\/types\/product"}],"replies":[{"embeddable":true,"href":"https:\/\/vedtilventeren.com\/fr\/wp-json\/wp\/v2\/comments?post=3913"}],"version-history":[{"count":1,"href":"https:\/\/vedtilventeren.com\/fr\/wp-json\/wp\/v2\/product\/3913\/revisions"}],"predecessor-version":[{"id":3965,"href":"https:\/\/vedtilventeren.com\/fr\/wp-json\/wp\/v2\/product\/3913\/revisions\/3965"}],"wp:featuredmedia":[{"embeddable":true,"href":"https:\/\/vedtilventeren.com\/fr\/wp-json\/wp\/v2\/media\/3964"}],"wp:attachment":[{"href":"https:\/\/vedtilventeren.com\/fr\/wp-json\/wp\/v2\/media?parent=3913"}],"wp:term":[{"taxonomy":"product_brand","embeddable":true,"href":"https:\/\/vedtilventeren.com\/fr\/wp-json\/wp\/v2\/product_brand?post=3913"},{"taxonomy":"product_cat","embeddable":true,"href":"https:\/\/vedtilventeren.com\/fr\/wp-json\/wp\/v2\/product_cat?post=3913"},{"taxonomy":"product_tag","embeddable":true,"href":"https:\/\/vedtilventeren.com\/fr\/wp-json\/wp\/v2\/product_tag?post=3913"}],"curies":[{"name":"wp","href":"https:\/\/api.w.org\/{rel}","templated":true}]}}