{"id":3915,"date":"2025-12-02T19:51:46","date_gmt":"2025-12-02T18:51:46","guid":{"rendered":"https:\/\/meca-remorque.com\/?post_type=product&#038;p=3915"},"modified":"2025-12-02T19:52:01","modified_gmt":"2025-12-02T18:52:01","slug":"aduro-21","status":"publish","type":"product","link":"https:\/\/vedtilventeren.com\/fr\/produit\/aduro-21\/","title":{"rendered":"Aduro 21"},"content":{"rendered":"","protected":false},"excerpt":{"rendered":"<p>Aduro 21 er en stilren peisovn med et bredt brennkammer som kan ta vedskier p\u00e5 opptil 50\u00a0cm. Med et buet frontglass og to sideruter gir Aduro 21 den ultimate b\u00e5lopplevelsen i stuen. Ovnens dybde p\u00e5 kun 40\u00a0cm gj\u00f8r at den ikke tar for mye plass i rommet, men vil kunne st\u00e5 diskret og flott langs veggen, og den vil blende inn blant de andre m\u00f8blene i rommet. Alle de tre glassrutene har en effektiv ruteskyllefunksjon som bl\u00e5ser kald luft ned langs rutene for \u00e5 forhindre at det legger seg sot p\u00e5 glasset. Under brennkammeret, skjult bak en luke, finner du et oppbevaringsrom til ved eller opptenningsprodukter. Aduro 21 har r\u00f8ykuttak b\u00e5de i topp og bak.<\/p>","protected":false},"featured_media":3968,"comment_status":"open","ping_status":"closed","template":"","meta":[],"product_brand":[],"product_cat":[281,282],"product_tag":[],"class_list":{"0":"post-3915","1":"product","2":"type-product","3":"status-publish","4":"has-post-thumbnail","6":"product_cat-ovn","7":"product_cat-peisovner-og-vedovner","9":"first","10":"instock","11":"sale","12":"shipping-taxable","13":"purchasable","14":"product-type-simple"},"jetpack_sharing_enabled":true,"_links":{"self":[{"href":"https:\/\/vedtilventeren.com\/fr\/wp-json\/wp\/v2\/product\/3915","targetHints":{"allow":["GET"]}}],"collection":[{"href":"https:\/\/vedtilventeren.com\/fr\/wp-json\/wp\/v2\/product"}],"about":[{"href":"https:\/\/vedtilventeren.com\/fr\/wp-json\/wp\/v2\/types\/product"}],"replies":[{"embeddable":true,"href":"https:\/\/vedtilventeren.com\/fr\/wp-json\/wp\/v2\/comments?post=3915"}],"version-history":[{"count":1,"href":"https:\/\/vedtilventeren.com\/fr\/wp-json\/wp\/v2\/product\/3915\/revisions"}],"predecessor-version":[{"id":3969,"href":"https:\/\/vedtilventeren.com\/fr\/wp-json\/wp\/v2\/product\/3915\/revisions\/3969"}],"wp:featuredmedia":[{"embeddable":true,"href":"https:\/\/vedtilventeren.com\/fr\/wp-json\/wp\/v2\/media\/3968"}],"wp:attachment":[{"href":"https:\/\/vedtilventeren.com\/fr\/wp-json\/wp\/v2\/media?parent=3915"}],"wp:term":[{"taxonomy":"product_brand","embeddable":true,"href":"https:\/\/vedtilventeren.com\/fr\/wp-json\/wp\/v2\/product_brand?post=3915"},{"taxonomy":"product_cat","embeddable":true,"href":"https:\/\/vedtilventeren.com\/fr\/wp-json\/wp\/v2\/product_cat?post=3915"},{"taxonomy":"product_tag","embeddable":true,"href":"https:\/\/vedtilventeren.com\/fr\/wp-json\/wp\/v2\/product_tag?post=3915"}],"curies":[{"name":"wp","href":"https:\/\/api.w.org\/{rel}","templated":true}]}}