{"id":3917,"date":"2025-12-02T19:51:47","date_gmt":"2025-12-02T18:51:47","guid":{"rendered":"https:\/\/meca-remorque.com\/?post_type=product&#038;p=3917"},"modified":"2025-12-02T19:52:02","modified_gmt":"2025-12-02T18:52:02","slug":"aduro-22-3-lux","status":"publish","type":"product","link":"https:\/\/vedtilventeren.com\/fr\/produit\/aduro-22-3-lux\/","title":{"rendered":"Aduro 22.3 Lux"},"content":{"rendered":"","protected":false},"excerpt":{"rendered":"<p>Aduro 22.3 Lux er en slank peisovn med et beskjedent dybdem\u00e5l som gj\u00f8r at ovnen passer perfekt inn p\u00e5 steder der plassen er trang. Pidestallen l\u00f8fter brennkammeret opp og tilf\u00f8rer en letthet til peisovnen. Den blanke glassd\u00f8ren gir ovnen et eksklusivt look, og sammen med sideglassene gir den 180 graders innblikk til flammene.<br \/>\nI tillegg til \u00e5 fungere som et stilfullt m\u00f8bel i stuen, har Aduro 22.3 Lux ogs\u00e5 en fantastisk forbrenning. Med den integrerte Aduro-tronic-automatikken f\u00e5r du en ren, effektiv og milj\u00f8vennlig forbrenning uten besv\u00e6r.<\/p>","protected":false},"featured_media":3972,"comment_status":"open","ping_status":"closed","template":"","meta":[],"product_brand":[],"product_cat":[281,282],"product_tag":[],"class_list":{"0":"post-3917","1":"product","2":"type-product","3":"status-publish","4":"has-post-thumbnail","6":"product_cat-ovn","7":"product_cat-peisovner-og-vedovner","9":"first","10":"instock","11":"shipping-taxable","12":"purchasable","13":"product-type-simple"},"jetpack_sharing_enabled":true,"_links":{"self":[{"href":"https:\/\/vedtilventeren.com\/fr\/wp-json\/wp\/v2\/product\/3917","targetHints":{"allow":["GET"]}}],"collection":[{"href":"https:\/\/vedtilventeren.com\/fr\/wp-json\/wp\/v2\/product"}],"about":[{"href":"https:\/\/vedtilventeren.com\/fr\/wp-json\/wp\/v2\/types\/product"}],"replies":[{"embeddable":true,"href":"https:\/\/vedtilventeren.com\/fr\/wp-json\/wp\/v2\/comments?post=3917"}],"version-history":[{"count":1,"href":"https:\/\/vedtilventeren.com\/fr\/wp-json\/wp\/v2\/product\/3917\/revisions"}],"predecessor-version":[{"id":3973,"href":"https:\/\/vedtilventeren.com\/fr\/wp-json\/wp\/v2\/product\/3917\/revisions\/3973"}],"wp:featuredmedia":[{"embeddable":true,"href":"https:\/\/vedtilventeren.com\/fr\/wp-json\/wp\/v2\/media\/3972"}],"wp:attachment":[{"href":"https:\/\/vedtilventeren.com\/fr\/wp-json\/wp\/v2\/media?parent=3917"}],"wp:term":[{"taxonomy":"product_brand","embeddable":true,"href":"https:\/\/vedtilventeren.com\/fr\/wp-json\/wp\/v2\/product_brand?post=3917"},{"taxonomy":"product_cat","embeddable":true,"href":"https:\/\/vedtilventeren.com\/fr\/wp-json\/wp\/v2\/product_cat?post=3917"},{"taxonomy":"product_tag","embeddable":true,"href":"https:\/\/vedtilventeren.com\/fr\/wp-json\/wp\/v2\/product_tag?post=3917"}],"curies":[{"name":"wp","href":"https:\/\/api.w.org\/{rel}","templated":true}]}}