{"id":3920,"date":"2025-12-02T19:51:47","date_gmt":"2025-12-02T18:51:47","guid":{"rendered":"https:\/\/meca-remorque.com\/?post_type=product&#038;p=3920"},"modified":"2025-12-02T19:52:04","modified_gmt":"2025-12-02T18:52:04","slug":"dovre-ovn-saga-207","status":"publish","type":"product","link":"https:\/\/vedtilventeren.com\/fr\/produit\/dovre-ovn-saga-207\/","title":{"rendered":"Dovre\u00a0ovn\u00a0Saga\u00a0207"},"content":{"rendered":"<p>Et moderne uttrykk med ett stort vindu i front \u2013 og tre sm\u00e5 p\u00e5 hver side.<br \/>\nSaga er navnet p\u00e5 en serie vedovner med avrundet design og flotte detaljer. Saga 207 er den st\u00f8rste i serien med maksimal varmeeffekt og stort glass i front som som gir deg godt innsyn til b\u00e5let og de tre sm\u00e5 glassene p\u00e5 hver side skaper en ekstra koselig atmosf\u00e6re i rommet.<br \/>\nAlle ovnene i Saga-serien har enkel luftregulering og kan kobles til friskluftstilf\u00f8rsel<\/p>","protected":false},"excerpt":{"rendered":"<p>Et moderne uttrykk med ett stort vindu i front \u2013 og tre sm\u00e5 p\u00e5 hver side.Les mer&#8230;<\/p>","protected":false},"featured_media":3978,"comment_status":"open","ping_status":"closed","template":"","meta":[],"product_brand":[],"product_cat":[281,282],"product_tag":[],"class_list":{"0":"post-3920","1":"product","2":"type-product","3":"status-publish","4":"has-post-thumbnail","6":"product_cat-ovn","7":"product_cat-peisovner-og-vedovner","9":"first","10":"instock","11":"shipping-taxable","12":"purchasable","13":"product-type-simple"},"jetpack_sharing_enabled":true,"_links":{"self":[{"href":"https:\/\/vedtilventeren.com\/fr\/wp-json\/wp\/v2\/product\/3920","targetHints":{"allow":["GET"]}}],"collection":[{"href":"https:\/\/vedtilventeren.com\/fr\/wp-json\/wp\/v2\/product"}],"about":[{"href":"https:\/\/vedtilventeren.com\/fr\/wp-json\/wp\/v2\/types\/product"}],"replies":[{"embeddable":true,"href":"https:\/\/vedtilventeren.com\/fr\/wp-json\/wp\/v2\/comments?post=3920"}],"version-history":[{"count":1,"href":"https:\/\/vedtilventeren.com\/fr\/wp-json\/wp\/v2\/product\/3920\/revisions"}],"predecessor-version":[{"id":3979,"href":"https:\/\/vedtilventeren.com\/fr\/wp-json\/wp\/v2\/product\/3920\/revisions\/3979"}],"wp:featuredmedia":[{"embeddable":true,"href":"https:\/\/vedtilventeren.com\/fr\/wp-json\/wp\/v2\/media\/3978"}],"wp:attachment":[{"href":"https:\/\/vedtilventeren.com\/fr\/wp-json\/wp\/v2\/media?parent=3920"}],"wp:term":[{"taxonomy":"product_brand","embeddable":true,"href":"https:\/\/vedtilventeren.com\/fr\/wp-json\/wp\/v2\/product_brand?post=3920"},{"taxonomy":"product_cat","embeddable":true,"href":"https:\/\/vedtilventeren.com\/fr\/wp-json\/wp\/v2\/product_cat?post=3920"},{"taxonomy":"product_tag","embeddable":true,"href":"https:\/\/vedtilventeren.com\/fr\/wp-json\/wp\/v2\/product_tag?post=3920"}],"curies":[{"name":"wp","href":"https:\/\/api.w.org\/{rel}","templated":true}]}}