{"id":3982,"date":"2025-12-02T19:52:11","date_gmt":"2025-12-02T18:52:11","guid":{"rendered":"https:\/\/meca-remorque.com\/?post_type=product&#038;p=3982"},"modified":"2025-12-02T19:52:20","modified_gmt":"2025-12-02T18:52:20","slug":"nordpeis-n-29t-sort","status":"publish","type":"product","link":"https:\/\/vedtilventeren.com\/fr\/produit\/nordpeis-n-29t-sort\/","title":{"rendered":"Nordpeis N-29T\u00a0sort"},"content":{"rendered":"","protected":false},"excerpt":{"rendered":"<p>Ekstra stor tunnelinnsats som gir deg et maksimalt innsyn til flammene og setter den lune stemningen i rommet. Med innsyn til flammene fra begge sider, egner denne innsatsen seg godt om du vil ha en dekorativ romdeler. D\u00f8ren er selvlukkende med automatisk l\u00e5sefunksjon. Doble glass med IR Max-teknologi hjelper til \u00e5 holde glassene rene og gj\u00f8r fyringen b\u00e5de bedre og enklere. Innsatsen har potensial til \u00e5 gi veldig h\u00f8y varmeeffekt, samtidig som den fungerer godt med lav varmeavgivelse. Det utenp\u00e5liggende glasset og h\u00e5ndtak i soft touch finish eller tre, er lekre detaljer som gir denne innsatsen det lille ekstra.<\/p>","protected":false},"featured_media":4016,"comment_status":"open","ping_status":"closed","template":"","meta":[],"product_brand":[],"product_cat":[277,278,279],"product_tag":[],"class_list":{"0":"post-3982","1":"product","2":"type-product","3":"status-publish","4":"has-post-thumbnail","6":"product_cat-innsats-med-glass-pa-2-side","7":"product_cat-peis","8":"product_cat-peisinnsatser","10":"first","11":"instock","12":"shipping-taxable","13":"purchasable","14":"product-type-simple"},"jetpack_sharing_enabled":true,"_links":{"self":[{"href":"https:\/\/vedtilventeren.com\/fr\/wp-json\/wp\/v2\/product\/3982","targetHints":{"allow":["GET"]}}],"collection":[{"href":"https:\/\/vedtilventeren.com\/fr\/wp-json\/wp\/v2\/product"}],"about":[{"href":"https:\/\/vedtilventeren.com\/fr\/wp-json\/wp\/v2\/types\/product"}],"replies":[{"embeddable":true,"href":"https:\/\/vedtilventeren.com\/fr\/wp-json\/wp\/v2\/comments?post=3982"}],"version-history":[{"count":1,"href":"https:\/\/vedtilventeren.com\/fr\/wp-json\/wp\/v2\/product\/3982\/revisions"}],"predecessor-version":[{"id":4017,"href":"https:\/\/vedtilventeren.com\/fr\/wp-json\/wp\/v2\/product\/3982\/revisions\/4017"}],"wp:featuredmedia":[{"embeddable":true,"href":"https:\/\/vedtilventeren.com\/fr\/wp-json\/wp\/v2\/media\/4016"}],"wp:attachment":[{"href":"https:\/\/vedtilventeren.com\/fr\/wp-json\/wp\/v2\/media?parent=3982"}],"wp:term":[{"taxonomy":"product_brand","embeddable":true,"href":"https:\/\/vedtilventeren.com\/fr\/wp-json\/wp\/v2\/product_brand?post=3982"},{"taxonomy":"product_cat","embeddable":true,"href":"https:\/\/vedtilventeren.com\/fr\/wp-json\/wp\/v2\/product_cat?post=3982"},{"taxonomy":"product_tag","embeddable":true,"href":"https:\/\/vedtilventeren.com\/fr\/wp-json\/wp\/v2\/product_tag?post=3982"}],"curies":[{"name":"wp","href":"https:\/\/api.w.org\/{rel}","templated":true}]}}