{"id":3992,"date":"2025-12-02T19:52:12","date_gmt":"2025-12-02T18:52:12","guid":{"rendered":"https:\/\/meca-remorque.com\/?post_type=product&#038;p=3992"},"modified":"2025-12-02T19:52:50","modified_gmt":"2025-12-02T18:52:50","slug":"nordpeis-you-ceiling-med-mork-thermotte","status":"publish","type":"product","link":"https:\/\/vedtilventeren.com\/fr\/produit\/nordpeis-you-ceiling-med-mork-thermotte\/","title":{"rendered":"Nordpeis YoU\u00a0Ceiling\u00a0med\u00a0m\u00f8rk thermotte"},"content":{"rendered":"","protected":false},"excerpt":{"rendered":"<p>Designet med tanke p\u00e5 b\u00e5de varme og estetikk, tar denne peisovnen oppvarming til nye h\u00f8yder. YoU Ceiling har et h\u00f8yt brennkammer med store glassflater, myke former, et luftventilert oppheng omrammet av et elegant m\u00f8nster og\u00a0Nordpeis SmartFire-teknologi.\u00a0Med denne takhengte peisovnen f\u00e5r du ikke bare jevn og behagelig varme, men den skaper ogs\u00e5 et visuelt imponerende statement. Oppgrader hjemmet ditt med en varme som skiller seg ut.<\/p>","protected":false},"featured_media":4047,"comment_status":"open","ping_status":"closed","template":"","meta":[],"product_brand":[],"product_cat":[281,509],"product_tag":[],"class_list":{"0":"post-3992","1":"product","2":"type-product","3":"status-publish","4":"has-post-thumbnail","6":"product_cat-ovn","7":"product_cat-takhengt","9":"first","10":"instock","11":"shipping-taxable","12":"purchasable","13":"product-type-simple"},"jetpack_sharing_enabled":true,"_links":{"self":[{"href":"https:\/\/vedtilventeren.com\/fr\/wp-json\/wp\/v2\/product\/3992","targetHints":{"allow":["GET"]}}],"collection":[{"href":"https:\/\/vedtilventeren.com\/fr\/wp-json\/wp\/v2\/product"}],"about":[{"href":"https:\/\/vedtilventeren.com\/fr\/wp-json\/wp\/v2\/types\/product"}],"replies":[{"embeddable":true,"href":"https:\/\/vedtilventeren.com\/fr\/wp-json\/wp\/v2\/comments?post=3992"}],"version-history":[{"count":1,"href":"https:\/\/vedtilventeren.com\/fr\/wp-json\/wp\/v2\/product\/3992\/revisions"}],"predecessor-version":[{"id":4048,"href":"https:\/\/vedtilventeren.com\/fr\/wp-json\/wp\/v2\/product\/3992\/revisions\/4048"}],"wp:featuredmedia":[{"embeddable":true,"href":"https:\/\/vedtilventeren.com\/fr\/wp-json\/wp\/v2\/media\/4047"}],"wp:attachment":[{"href":"https:\/\/vedtilventeren.com\/fr\/wp-json\/wp\/v2\/media?parent=3992"}],"wp:term":[{"taxonomy":"product_brand","embeddable":true,"href":"https:\/\/vedtilventeren.com\/fr\/wp-json\/wp\/v2\/product_brand?post=3992"},{"taxonomy":"product_cat","embeddable":true,"href":"https:\/\/vedtilventeren.com\/fr\/wp-json\/wp\/v2\/product_cat?post=3992"},{"taxonomy":"product_tag","embeddable":true,"href":"https:\/\/vedtilventeren.com\/fr\/wp-json\/wp\/v2\/product_tag?post=3992"}],"curies":[{"name":"wp","href":"https:\/\/api.w.org\/{rel}","templated":true}]}}