{"id":4030,"date":"2025-12-02T19:52:36","date_gmt":"2025-12-02T18:52:36","guid":{"rendered":"https:\/\/meca-remorque.com\/?post_type=product&#038;p=4030"},"modified":"2025-12-02T19:53:41","modified_gmt":"2025-12-02T18:53:41","slug":"romotop-seido-h-3s","status":"publish","type":"product","link":"https:\/\/vedtilventeren.com\/fr\/produit\/romotop-seido-h-3s\/","title":{"rendered":"Romotop Seido H 3S"},"content":{"rendered":"","protected":false},"excerpt":{"rendered":"<p>Seido-serien fra Romotop er funksjonalitet og kvalitet i enkel design.<br \/>\n&nbsp;<br \/>\nSEIDO H 3S-modellen utvider grunnversjonen med mulighet for varmelagringsstein (ekstrautstyr) i \u00f8vre del av ovnen. Den holder p\u00e5 varmen ogs\u00e5 etter at man har sluttet \u00e5 fyre, noe som sikrer bedre temperaturkomfort og generell varmeeffektivitet. Ideell for lavenergihus der en gradvis frigj\u00f8ring av varmeenergi er hensiktsmessig.<br \/>\n&nbsp;<br \/>\nSEIDO-modellene er preget av sin minimalistiske, men elegante design. Kombinasjonen av tre glass med et moderne brennkammer gir ikke bare en ren forbrenning, men ogs\u00e5 et fascinerende innsyn til flammene fra hvor som helst i rommet. Denne modellen er ideell for de som leter etter kvalitet og funksjonalitet i en enkel design. Enkel st\u00e5lplate, kleberstein eller keramikk er tilgjengelig som topplate p\u00e5 SEIDO H 3S<br \/>\n&nbsp;<br \/>\nDenne peisovnen har tilkoblingsmulighet for ekstern forbrenningsluft (EAI, External Air Intake) og\u00a0passer derfor godt for lavenergiboliger. Standardversjonen inkluderer mulighet for topp eller bakuttak av r\u00f8ykgass. Takket v\u00e6re det sekund\u00e6re luftinntaket blir d\u00f8rglasset luftvasket for \u00e5 forhindre opphopning av sot. Brennkammeret er foret med chamotte-tegl. De prim\u00e6re og sekund\u00e6re luftinntakene reguleres av ett enkelt kontrollelement. Den nedre delen av ovnen inkluderer et oppbevaringsrom med d\u00f8r for oppbevaring av en liten mengde ved eller utstyr.<\/p>","protected":false},"featured_media":4105,"comment_status":"open","ping_status":"closed","template":"","meta":[],"product_brand":[],"product_cat":[281,282],"product_tag":[],"class_list":{"0":"post-4030","1":"product","2":"type-product","3":"status-publish","4":"has-post-thumbnail","6":"product_cat-ovn","7":"product_cat-peisovner-og-vedovner","9":"first","10":"instock","11":"shipping-taxable","12":"purchasable","13":"product-type-simple"},"jetpack_sharing_enabled":true,"_links":{"self":[{"href":"https:\/\/vedtilventeren.com\/fr\/wp-json\/wp\/v2\/product\/4030","targetHints":{"allow":["GET"]}}],"collection":[{"href":"https:\/\/vedtilventeren.com\/fr\/wp-json\/wp\/v2\/product"}],"about":[{"href":"https:\/\/vedtilventeren.com\/fr\/wp-json\/wp\/v2\/types\/product"}],"replies":[{"embeddable":true,"href":"https:\/\/vedtilventeren.com\/fr\/wp-json\/wp\/v2\/comments?post=4030"}],"version-history":[{"count":1,"href":"https:\/\/vedtilventeren.com\/fr\/wp-json\/wp\/v2\/product\/4030\/revisions"}],"predecessor-version":[{"id":4106,"href":"https:\/\/vedtilventeren.com\/fr\/wp-json\/wp\/v2\/product\/4030\/revisions\/4106"}],"wp:featuredmedia":[{"embeddable":true,"href":"https:\/\/vedtilventeren.com\/fr\/wp-json\/wp\/v2\/media\/4105"}],"wp:attachment":[{"href":"https:\/\/vedtilventeren.com\/fr\/wp-json\/wp\/v2\/media?parent=4030"}],"wp:term":[{"taxonomy":"product_brand","embeddable":true,"href":"https:\/\/vedtilventeren.com\/fr\/wp-json\/wp\/v2\/product_brand?post=4030"},{"taxonomy":"product_cat","embeddable":true,"href":"https:\/\/vedtilventeren.com\/fr\/wp-json\/wp\/v2\/product_cat?post=4030"},{"taxonomy":"product_tag","embeddable":true,"href":"https:\/\/vedtilventeren.com\/fr\/wp-json\/wp\/v2\/product_tag?post=4030"}],"curies":[{"name":"wp","href":"https:\/\/api.w.org\/{rel}","templated":true}]}}