{"id":4057,"date":"2025-12-02T19:53:02","date_gmt":"2025-12-02T18:53:02","guid":{"rendered":"https:\/\/meca-remorque.com\/?post_type=product&#038;p=4057"},"modified":"2025-12-03T13:29:36","modified_gmt":"2025-12-03T12:29:36","slug":"austroflamm-clou-xtra-back-m-justerbare-bein","status":"publish","type":"product","link":"https:\/\/vedtilventeren.com\/fr\/produit\/austroflamm-clou-xtra-back-m-justerbare-bein\/","title":{"rendered":"Austroflamm Clou XTRA Back m\/ justerbare bein"},"content":{"rendered":"","protected":false},"excerpt":{"rendered":"<p>Luksuri\u00f8s peisovn med unikt design og bakerovn.<br \/>\n&nbsp;<br \/>\nCLOU er for alle som kanskje leter etter noe helt annet. Runde d\u00f8rer, oval kropp og et stort elegant d\u00f8rh\u00e5ndtak i valn\u00f8tt, resulterer i en uvanlig kombinasjon som du absolutt ikke finner i alle stuer. Like spesielt, men ikke uvanlig for Austroflamm sine modeller, er det fantastiske Xtra varmelagringssystemet for opptil 12 timer med varmelagring. CLOU Extra kommer ogs\u00e5 med bakerovn. Den har en solid st\u00f8pejernsd\u00f8r og gir deg mulighet for fersk bakevare hver dag om du \u00f8nsker det.<br \/>\nVelger du peisovner fra \u00f8sterrikske Austroflamm har du sikkert gjort deg opp noen meninger om design og kvalitet. Alle designmessige og praktiske detaljer er utf\u00f8rt med \u00f8sterriksk presisjon. Kvalitet og stabilitet sikres ved solid konstruksjon og komponenter i st\u00f8pejern.<\/p>","protected":false},"featured_media":4122,"comment_status":"open","ping_status":"closed","template":"","meta":[],"product_brand":[],"product_cat":[281,282,283],"product_tag":[],"class_list":{"0":"post-4057","1":"product","2":"type-product","3":"status-publish","4":"has-post-thumbnail","6":"product_cat-ovn","7":"product_cat-peisovner-og-vedovner","8":"product_cat-vedovn","10":"first","11":"instock","12":"shipping-taxable","13":"purchasable","14":"product-type-simple"},"jetpack_sharing_enabled":true,"_links":{"self":[{"href":"https:\/\/vedtilventeren.com\/fr\/wp-json\/wp\/v2\/product\/4057","targetHints":{"allow":["GET"]}}],"collection":[{"href":"https:\/\/vedtilventeren.com\/fr\/wp-json\/wp\/v2\/product"}],"about":[{"href":"https:\/\/vedtilventeren.com\/fr\/wp-json\/wp\/v2\/types\/product"}],"replies":[{"embeddable":true,"href":"https:\/\/vedtilventeren.com\/fr\/wp-json\/wp\/v2\/comments?post=4057"}],"version-history":[{"count":1,"href":"https:\/\/vedtilventeren.com\/fr\/wp-json\/wp\/v2\/product\/4057\/revisions"}],"predecessor-version":[{"id":4123,"href":"https:\/\/vedtilventeren.com\/fr\/wp-json\/wp\/v2\/product\/4057\/revisions\/4123"}],"wp:featuredmedia":[{"embeddable":true,"href":"https:\/\/vedtilventeren.com\/fr\/wp-json\/wp\/v2\/media\/4122"}],"wp:attachment":[{"href":"https:\/\/vedtilventeren.com\/fr\/wp-json\/wp\/v2\/media?parent=4057"}],"wp:term":[{"taxonomy":"product_brand","embeddable":true,"href":"https:\/\/vedtilventeren.com\/fr\/wp-json\/wp\/v2\/product_brand?post=4057"},{"taxonomy":"product_cat","embeddable":true,"href":"https:\/\/vedtilventeren.com\/fr\/wp-json\/wp\/v2\/product_cat?post=4057"},{"taxonomy":"product_tag","embeddable":true,"href":"https:\/\/vedtilventeren.com\/fr\/wp-json\/wp\/v2\/product_tag?post=4057"}],"curies":[{"name":"wp","href":"https:\/\/api.w.org\/{rel}","templated":true}]}}