{"id":4091,"date":"2025-12-02T19:53:30","date_gmt":"2025-12-02T18:53:30","guid":{"rendered":"https:\/\/meca-remorque.com\/?post_type=product&#038;p=4091"},"modified":"2025-12-03T13:37:32","modified_gmt":"2025-12-03T12:37:32","slug":"nordpeis-geneve-p-lav-med-n-29p","status":"publish","type":"product","link":"https:\/\/vedtilventeren.com\/fr\/produit\/nordpeis-geneve-p-lav-med-n-29p\/","title":{"rendered":"Nordpeis Geneve\u00a0P\u00a0Lav\u00a0med\u00a0N-29P"},"content":{"rendered":"","protected":false},"excerpt":{"rendered":"<p>Gen\u00e8ve P setter et elegant og stilfullt preg p\u00e5 hjemmet ditt. Den er perfekt om du vil dele opp store rom i hyggelige og mer intime soner. \u00d8nsker du en peis med varmelagrende effekt, kan du kombinere denne modellen med PowerStone\u2122. Den holder p\u00e5 varmen lenge etter ilden har slukket, s\u00e5 du kan v\u00e5kne opp til et lunere hjem selv p\u00e5 kalde vintermorgener.<\/p>","protected":false},"featured_media":4172,"comment_status":"open","ping_status":"closed","template":"","meta":[],"product_brand":[],"product_cat":[283],"product_tag":[],"class_list":{"0":"post-4091","1":"product","2":"type-product","3":"status-publish","4":"has-post-thumbnail","6":"product_cat-vedovn","8":"first","9":"instock","10":"shipping-taxable","11":"purchasable","12":"product-type-simple"},"jetpack_sharing_enabled":true,"_links":{"self":[{"href":"https:\/\/vedtilventeren.com\/fr\/wp-json\/wp\/v2\/product\/4091","targetHints":{"allow":["GET"]}}],"collection":[{"href":"https:\/\/vedtilventeren.com\/fr\/wp-json\/wp\/v2\/product"}],"about":[{"href":"https:\/\/vedtilventeren.com\/fr\/wp-json\/wp\/v2\/types\/product"}],"replies":[{"embeddable":true,"href":"https:\/\/vedtilventeren.com\/fr\/wp-json\/wp\/v2\/comments?post=4091"}],"version-history":[{"count":1,"href":"https:\/\/vedtilventeren.com\/fr\/wp-json\/wp\/v2\/product\/4091\/revisions"}],"predecessor-version":[{"id":4173,"href":"https:\/\/vedtilventeren.com\/fr\/wp-json\/wp\/v2\/product\/4091\/revisions\/4173"}],"wp:featuredmedia":[{"embeddable":true,"href":"https:\/\/vedtilventeren.com\/fr\/wp-json\/wp\/v2\/media\/4172"}],"wp:attachment":[{"href":"https:\/\/vedtilventeren.com\/fr\/wp-json\/wp\/v2\/media?parent=4091"}],"wp:term":[{"taxonomy":"product_brand","embeddable":true,"href":"https:\/\/vedtilventeren.com\/fr\/wp-json\/wp\/v2\/product_brand?post=4091"},{"taxonomy":"product_cat","embeddable":true,"href":"https:\/\/vedtilventeren.com\/fr\/wp-json\/wp\/v2\/product_cat?post=4091"},{"taxonomy":"product_tag","embeddable":true,"href":"https:\/\/vedtilventeren.com\/fr\/wp-json\/wp\/v2\/product_tag?post=4091"}],"curies":[{"name":"wp","href":"https:\/\/api.w.org\/{rel}","templated":true}]}}