{"id":4130,"date":"2025-12-02T19:53:54","date_gmt":"2025-12-02T18:53:54","guid":{"rendered":"https:\/\/meca-remorque.com\/?post_type=product&#038;p=4130"},"modified":"2025-12-02T19:54:37","modified_gmt":"2025-12-02T18:54:37","slug":"romotop-cara-c-02-kleberstein-no","status":"publish","type":"product","link":"https:\/\/vedtilventeren.com\/fr\/produit\/romotop-cara-c-02-kleberstein-no\/","title":{"rendered":"Romotop Cara C 02 Kleberstein NO"},"content":{"rendered":"","protected":false},"excerpt":{"rendered":"<p>Cara C 02 med klebersteinomramming \u2013 designpeis med heved\u00f8r.<br \/>\n&nbsp;<br \/>\nDenne ovnen finnes ogs\u00e5 i slankere utgave:\u00a0Cara CS Kleber<br \/>\nUnik balanse mellom levende flammer, estetikk og teknologi. Cara C 02 designpeis med varmelagring og heved\u00f8r passer perfekt inn i moderne arkitektur og interi\u00f8r. Smakfullt balanserte proporsjoner, rene linjer og innsyn til flammene fra tre sider burde tilfredstille de mest krevende designkrav.<\/p>\n<p>Heved\u00f8r med Easy Lift og Soft close. D\u00f8ren beveger seg usedvanlig stille og mykt med nyutviklet presist rullesystem<br \/>\nMulighet for varmelagringsstein over brennkammeret<br \/>\nAvgir varme i lang tid<br \/>\nDobbeltisolert bakvegg muliggj\u00f8r plassering tett inntill vegg<br \/>\nSlank og plasseringsvennlig design<br \/>\nDekorativ overflate i kleberstein<br \/>\nRomotop DOUBLE SPIN r\u00f8ykgassystem<br \/>\nBrennkammer uten askerist. Askerist og askeskuff kan leveres p\u00e5 foresp\u00f8rsel<br \/>\nBrennkammerkledning i ekte ildfast stein (Chamotte)<br \/>\nEn hendel regulerer b\u00e5de prim\u00e6r og sekund\u00e6rluft<br \/>\nTerti\u00e6rluftinntak<br \/>\nCAI (central air intake)<br \/>\nBygd med kvalitetsmaterialer og etter h\u00f8y teknisk standard<br \/>\nVarmelagringsstein p\u00e5 foresp\u00f8rsel<br \/>\nGodkjent etter NS 3058\/3059 og EN 13 240<\/p>","protected":false},"featured_media":4187,"comment_status":"open","ping_status":"closed","template":"","meta":[],"product_brand":[],"product_cat":[285,278],"product_tag":[],"class_list":{"0":"post-4130","1":"product","2":"type-product","3":"status-publish","4":"has-post-thumbnail","6":"product_cat-innsats-med-glass-pa-3-side","7":"product_cat-peis","9":"first","10":"instock","11":"shipping-taxable","12":"purchasable","13":"product-type-simple"},"jetpack_sharing_enabled":true,"_links":{"self":[{"href":"https:\/\/vedtilventeren.com\/fr\/wp-json\/wp\/v2\/product\/4130","targetHints":{"allow":["GET"]}}],"collection":[{"href":"https:\/\/vedtilventeren.com\/fr\/wp-json\/wp\/v2\/product"}],"about":[{"href":"https:\/\/vedtilventeren.com\/fr\/wp-json\/wp\/v2\/types\/product"}],"replies":[{"embeddable":true,"href":"https:\/\/vedtilventeren.com\/fr\/wp-json\/wp\/v2\/comments?post=4130"}],"version-history":[{"count":1,"href":"https:\/\/vedtilventeren.com\/fr\/wp-json\/wp\/v2\/product\/4130\/revisions"}],"predecessor-version":[{"id":4188,"href":"https:\/\/vedtilventeren.com\/fr\/wp-json\/wp\/v2\/product\/4130\/revisions\/4188"}],"wp:featuredmedia":[{"embeddable":true,"href":"https:\/\/vedtilventeren.com\/fr\/wp-json\/wp\/v2\/media\/4187"}],"wp:attachment":[{"href":"https:\/\/vedtilventeren.com\/fr\/wp-json\/wp\/v2\/media?parent=4130"}],"wp:term":[{"taxonomy":"product_brand","embeddable":true,"href":"https:\/\/vedtilventeren.com\/fr\/wp-json\/wp\/v2\/product_brand?post=4130"},{"taxonomy":"product_cat","embeddable":true,"href":"https:\/\/vedtilventeren.com\/fr\/wp-json\/wp\/v2\/product_cat?post=4130"},{"taxonomy":"product_tag","embeddable":true,"href":"https:\/\/vedtilventeren.com\/fr\/wp-json\/wp\/v2\/product_tag?post=4130"}],"curies":[{"name":"wp","href":"https:\/\/api.w.org\/{rel}","templated":true}]}}