{"id":4131,"date":"2025-12-02T19:53:54","date_gmt":"2025-12-02T18:53:54","guid":{"rendered":"https:\/\/meca-remorque.com\/?post_type=product&#038;p=4131"},"modified":"2025-12-02T19:54:37","modified_gmt":"2025-12-02T18:54:37","slug":"hoxter-ecka-50-35-45l-venstre-side-dor-enkelt-glass-2-pieces-priser-fra","status":"publish","type":"product","link":"https:\/\/vedtilventeren.com\/fr\/produit\/hoxter-ecka-50-35-45l-venstre-side-dor-enkelt-glass-2-pieces-priser-fra\/","title":{"rendered":"HOXTER ECKA 50\/35\/45L venstre side d\u00f8r enkelt glass 2-pieces &#8211; Priser fra"},"content":{"rendered":"","protected":false},"excerpt":{"rendered":"<p>Leter du etter\u00a0noe helt spesielt innenfor peisinnsatser, s\u00e5 finner du dette i Hoxter. Hoxter produserer deres innsatser etter et ufravikelig fokus p\u00e5 kvalitet i alle detaljer.\u00a0Innsatsene produseres\u00a0i P265 GH varmeresistent st\u00e5l, og\u00a0kvalitetsf\u00f8lelsen produktet gir deg ved f\u00f8rste ber\u00f8ring, underbygger det robuste -men minimalistiske designet.<\/p>","protected":false},"featured_media":4189,"comment_status":"open","ping_status":"closed","template":"","meta":[],"product_brand":[],"product_cat":[277,279],"product_tag":[],"class_list":{"0":"post-4131","1":"product","2":"type-product","3":"status-publish","4":"has-post-thumbnail","6":"product_cat-innsats-med-glass-pa-2-side","7":"product_cat-peisinnsatser","9":"first","10":"instock","11":"shipping-taxable","12":"purchasable","13":"product-type-simple"},"jetpack_sharing_enabled":true,"_links":{"self":[{"href":"https:\/\/vedtilventeren.com\/fr\/wp-json\/wp\/v2\/product\/4131","targetHints":{"allow":["GET"]}}],"collection":[{"href":"https:\/\/vedtilventeren.com\/fr\/wp-json\/wp\/v2\/product"}],"about":[{"href":"https:\/\/vedtilventeren.com\/fr\/wp-json\/wp\/v2\/types\/product"}],"replies":[{"embeddable":true,"href":"https:\/\/vedtilventeren.com\/fr\/wp-json\/wp\/v2\/comments?post=4131"}],"version-history":[{"count":1,"href":"https:\/\/vedtilventeren.com\/fr\/wp-json\/wp\/v2\/product\/4131\/revisions"}],"predecessor-version":[{"id":4190,"href":"https:\/\/vedtilventeren.com\/fr\/wp-json\/wp\/v2\/product\/4131\/revisions\/4190"}],"wp:featuredmedia":[{"embeddable":true,"href":"https:\/\/vedtilventeren.com\/fr\/wp-json\/wp\/v2\/media\/4189"}],"wp:attachment":[{"href":"https:\/\/vedtilventeren.com\/fr\/wp-json\/wp\/v2\/media?parent=4131"}],"wp:term":[{"taxonomy":"product_brand","embeddable":true,"href":"https:\/\/vedtilventeren.com\/fr\/wp-json\/wp\/v2\/product_brand?post=4131"},{"taxonomy":"product_cat","embeddable":true,"href":"https:\/\/vedtilventeren.com\/fr\/wp-json\/wp\/v2\/product_cat?post=4131"},{"taxonomy":"product_tag","embeddable":true,"href":"https:\/\/vedtilventeren.com\/fr\/wp-json\/wp\/v2\/product_tag?post=4131"}],"curies":[{"name":"wp","href":"https:\/\/api.w.org\/{rel}","templated":true}]}}