{"id":4133,"date":"2025-12-02T19:53:54","date_gmt":"2025-12-02T18:53:54","guid":{"rendered":"https:\/\/meca-remorque.com\/?post_type=product&#038;p=4133"},"modified":"2025-12-02T19:54:38","modified_gmt":"2025-12-02T18:54:38","slug":"aduro-hybrid-2","status":"publish","type":"product","link":"https:\/\/vedtilventeren.com\/fr\/produit\/aduro-hybrid-2\/","title":{"rendered":"Aduro Hybrid 2"},"content":{"rendered":"","protected":false},"excerpt":{"rendered":"<p>Aduro H2 er en stilig hybridovn med myke kurver og enkle detaljer. Det buede glasset tiltrekker seg oppmerksomheten og leder det direkte inn i b\u00e5let. Aduro H2 har ikke sideglass og kan derfor plasseres n\u00e6rmere brennbart materiale enn de andre ovnene i Aduro Hybrid-serien. Aduro H2 er ideell hvis du \u00f8nsker \u00e5 installere ovnen i et hj\u00f8rne.<\/p>","protected":false},"featured_media":4193,"comment_status":"open","ping_status":"closed","template":"","meta":[],"product_brand":[],"product_cat":[547,281],"product_tag":[],"class_list":{"0":"post-4133","1":"product","2":"type-product","3":"status-publish","4":"has-post-thumbnail","6":"product_cat-kombinert-pellets-og-vedovn","7":"product_cat-ovn","9":"first","10":"instock","11":"sale","12":"shipping-taxable","13":"purchasable","14":"product-type-simple"},"jetpack_sharing_enabled":true,"_links":{"self":[{"href":"https:\/\/vedtilventeren.com\/fr\/wp-json\/wp\/v2\/product\/4133","targetHints":{"allow":["GET"]}}],"collection":[{"href":"https:\/\/vedtilventeren.com\/fr\/wp-json\/wp\/v2\/product"}],"about":[{"href":"https:\/\/vedtilventeren.com\/fr\/wp-json\/wp\/v2\/types\/product"}],"replies":[{"embeddable":true,"href":"https:\/\/vedtilventeren.com\/fr\/wp-json\/wp\/v2\/comments?post=4133"}],"version-history":[{"count":1,"href":"https:\/\/vedtilventeren.com\/fr\/wp-json\/wp\/v2\/product\/4133\/revisions"}],"predecessor-version":[{"id":4194,"href":"https:\/\/vedtilventeren.com\/fr\/wp-json\/wp\/v2\/product\/4133\/revisions\/4194"}],"wp:featuredmedia":[{"embeddable":true,"href":"https:\/\/vedtilventeren.com\/fr\/wp-json\/wp\/v2\/media\/4193"}],"wp:attachment":[{"href":"https:\/\/vedtilventeren.com\/fr\/wp-json\/wp\/v2\/media?parent=4133"}],"wp:term":[{"taxonomy":"product_brand","embeddable":true,"href":"https:\/\/vedtilventeren.com\/fr\/wp-json\/wp\/v2\/product_brand?post=4133"},{"taxonomy":"product_cat","embeddable":true,"href":"https:\/\/vedtilventeren.com\/fr\/wp-json\/wp\/v2\/product_cat?post=4133"},{"taxonomy":"product_tag","embeddable":true,"href":"https:\/\/vedtilventeren.com\/fr\/wp-json\/wp\/v2\/product_tag?post=4133"}],"curies":[{"name":"wp","href":"https:\/\/api.w.org\/{rel}","templated":true}]}}