{"id":4134,"date":"2025-12-02T19:53:54","date_gmt":"2025-12-02T18:53:54","guid":{"rendered":"https:\/\/meca-remorque.com\/?post_type=product&#038;p=4134"},"modified":"2025-12-02T19:54:39","modified_gmt":"2025-12-02T18:54:39","slug":"aduro-hybrid-3-lux","status":"publish","type":"product","link":"https:\/\/vedtilventeren.com\/fr\/produit\/aduro-hybrid-3-lux\/","title":{"rendered":"Aduro Hybrid 3 LUX"},"content":{"rendered":"","protected":false},"excerpt":{"rendered":"<p>Det str\u00f8mlinjeformede og elegante eksteri\u00f8ret til Aduro H3 Lux gj\u00f8r denne ovnen spesiell. Den sorte glassd\u00f8ren gir ovnen et eksklusivt uttrykk, og sideglassene gir 180-graders utsikt til flammene. \u00c5 se inn i den levende ilden har alltid v\u00e6rt avgj\u00f8rende viktig &#8211; derfor s\u00f8rger en effektiv ruteskyllefunksjon for at sot ikke legger seg p\u00e5 front- eller sideglassene.<\/p>","protected":false},"featured_media":4195,"comment_status":"open","ping_status":"closed","template":"","meta":[],"product_brand":[],"product_cat":[547,281],"product_tag":[],"class_list":{"0":"post-4134","1":"product","2":"type-product","3":"status-publish","4":"has-post-thumbnail","6":"product_cat-kombinert-pellets-og-vedovn","7":"product_cat-ovn","9":"first","10":"instock","11":"shipping-taxable","12":"purchasable","13":"product-type-simple"},"jetpack_sharing_enabled":true,"_links":{"self":[{"href":"https:\/\/vedtilventeren.com\/fr\/wp-json\/wp\/v2\/product\/4134","targetHints":{"allow":["GET"]}}],"collection":[{"href":"https:\/\/vedtilventeren.com\/fr\/wp-json\/wp\/v2\/product"}],"about":[{"href":"https:\/\/vedtilventeren.com\/fr\/wp-json\/wp\/v2\/types\/product"}],"replies":[{"embeddable":true,"href":"https:\/\/vedtilventeren.com\/fr\/wp-json\/wp\/v2\/comments?post=4134"}],"version-history":[{"count":1,"href":"https:\/\/vedtilventeren.com\/fr\/wp-json\/wp\/v2\/product\/4134\/revisions"}],"predecessor-version":[{"id":4196,"href":"https:\/\/vedtilventeren.com\/fr\/wp-json\/wp\/v2\/product\/4134\/revisions\/4196"}],"wp:featuredmedia":[{"embeddable":true,"href":"https:\/\/vedtilventeren.com\/fr\/wp-json\/wp\/v2\/media\/4195"}],"wp:attachment":[{"href":"https:\/\/vedtilventeren.com\/fr\/wp-json\/wp\/v2\/media?parent=4134"}],"wp:term":[{"taxonomy":"product_brand","embeddable":true,"href":"https:\/\/vedtilventeren.com\/fr\/wp-json\/wp\/v2\/product_brand?post=4134"},{"taxonomy":"product_cat","embeddable":true,"href":"https:\/\/vedtilventeren.com\/fr\/wp-json\/wp\/v2\/product_cat?post=4134"},{"taxonomy":"product_tag","embeddable":true,"href":"https:\/\/vedtilventeren.com\/fr\/wp-json\/wp\/v2\/product_tag?post=4134"}],"curies":[{"name":"wp","href":"https:\/\/api.w.org\/{rel}","templated":true}]}}