{"id":4138,"date":"2025-12-02T19:53:54","date_gmt":"2025-12-02T18:53:54","guid":{"rendered":"https:\/\/meca-remorque.com\/?post_type=product&#038;p=4138"},"modified":"2025-12-02T19:54:46","modified_gmt":"2025-12-02T18:54:46","slug":"aduro-9-8","status":"publish","type":"product","link":"https:\/\/vedtilventeren.com\/fr\/produit\/aduro-9-8\/","title":{"rendered":"Aduro 9.8"},"content":{"rendered":"","protected":false},"excerpt":{"rendered":"<p>Aduro 9.8 er en h\u00f8y peisovn med hevet brennkammer som gir enklere betjening og et flott innsyn til flammene. Den buede fronten tilf\u00f8rer et mykt og harmonisk uttrykk, mens h\u00f8yden gj\u00f8r den spesielt velegnet til store rom og rom med h\u00f8yt til taket.<br \/>\nAduro 9.8 er utstyrt med det automatiske\u00a0Aduro-tronic systemet\u00a0som regulerer forbrenningsluften og sikrer optimal forbrenning. I tillegg har ovnen et romslig oppbevaringsrom med d\u00f8r. Aduro 9.8 er ideell til plassering langs en vegg eller i et hj\u00f8rne og passer elegant inn i alle hjem.<br \/>\nTil Aduro 9.8 kan du kj\u00f8pe en\u00a0spesialdesignet gulvplate\u00a0som plasseres foran ovnen, og som enkelt kan flyttes for rengj\u00f8ring p\u00e5 begge sider. I tillegg kan du velge en\u00a0dekorativ topplate\u00a0i kleberstein, som skaper en vakker visuell kontrast til ovnens svarte st\u00e5l og samtidig bidrar til varmelagring lenge etter at ilden har sluknet.<\/p>","protected":false},"featured_media":4218,"comment_status":"open","ping_status":"closed","template":"","meta":[],"product_brand":[],"product_cat":[281,282],"product_tag":[],"class_list":{"0":"post-4138","1":"product","2":"type-product","3":"status-publish","4":"has-post-thumbnail","6":"product_cat-ovn","7":"product_cat-peisovner-og-vedovner","9":"first","10":"instock","11":"shipping-taxable","12":"purchasable","13":"product-type-simple"},"jetpack_sharing_enabled":true,"_links":{"self":[{"href":"https:\/\/vedtilventeren.com\/fr\/wp-json\/wp\/v2\/product\/4138","targetHints":{"allow":["GET"]}}],"collection":[{"href":"https:\/\/vedtilventeren.com\/fr\/wp-json\/wp\/v2\/product"}],"about":[{"href":"https:\/\/vedtilventeren.com\/fr\/wp-json\/wp\/v2\/types\/product"}],"replies":[{"embeddable":true,"href":"https:\/\/vedtilventeren.com\/fr\/wp-json\/wp\/v2\/comments?post=4138"}],"version-history":[{"count":1,"href":"https:\/\/vedtilventeren.com\/fr\/wp-json\/wp\/v2\/product\/4138\/revisions"}],"predecessor-version":[{"id":4219,"href":"https:\/\/vedtilventeren.com\/fr\/wp-json\/wp\/v2\/product\/4138\/revisions\/4219"}],"wp:featuredmedia":[{"embeddable":true,"href":"https:\/\/vedtilventeren.com\/fr\/wp-json\/wp\/v2\/media\/4218"}],"wp:attachment":[{"href":"https:\/\/vedtilventeren.com\/fr\/wp-json\/wp\/v2\/media?parent=4138"}],"wp:term":[{"taxonomy":"product_brand","embeddable":true,"href":"https:\/\/vedtilventeren.com\/fr\/wp-json\/wp\/v2\/product_brand?post=4138"},{"taxonomy":"product_cat","embeddable":true,"href":"https:\/\/vedtilventeren.com\/fr\/wp-json\/wp\/v2\/product_cat?post=4138"},{"taxonomy":"product_tag","embeddable":true,"href":"https:\/\/vedtilventeren.com\/fr\/wp-json\/wp\/v2\/product_tag?post=4138"}],"curies":[{"name":"wp","href":"https:\/\/api.w.org\/{rel}","templated":true}]}}