{"id":4139,"date":"2025-12-02T19:53:54","date_gmt":"2025-12-02T18:53:54","guid":{"rendered":"https:\/\/meca-remorque.com\/?post_type=product&#038;p=4139"},"modified":"2025-12-02T19:54:47","modified_gmt":"2025-12-02T18:54:47","slug":"aduro-9-8-lux","status":"publish","type":"product","link":"https:\/\/vedtilventeren.com\/fr\/produit\/aduro-9-8-lux\/","title":{"rendered":"Aduro 9.8 Lux"},"content":{"rendered":"","protected":false},"excerpt":{"rendered":"<p>Aduro 9.8 Lux er en oppgradert versjon av Aduro 9.8. Den elegante svarte glassd\u00f8ren og de integrerte betjeningsgrepene gir ovnen et stilig og eksklusivt uttrykk, mens ovnens h\u00f8yde sikrer komfortabel og enkel betjening.<br \/>\nMed sin buede front og design uten sideglass passer Aduro 9.8 Lux spesielt godt til plassering langs en vegg eller i et hj\u00f8rne. Ovnen er dessuten udstyrt med et romslig oppbevaringsrom med d\u00f8r.<br \/>\nAduro 9.8 Lux er utstyrt med v\u00e5r patenterte\u00a0Aduro-tronic automatikk, som automatisk regulerer prim\u00e6rluften i peisovnen. Det eneste du m\u00e5 gj\u00f8re er \u00e5 legge t\u00f8rr ved i ovnen, tenne opp og aktivere automatikken \u2013 s\u00e5 klarer Aduro-tronic resten.<br \/>\nSom ekstrautstyr kan du kj\u00f8pe en\u00a0spesialgulvplate\u00a0i to deler, hvor den forreste delen enkelt kan flyttes for rengj\u00f8ring. I tillegg kan du ogs\u00e5 kj\u00f8pe en\u00a0dekorativ topplate\u00a0i kleberstein, limestone eller sandstein, som skaper en flott kontrast til den svarte ovnen.<br \/>\nEkstern lufttilf\u00f8rsel<br \/>\nAduro 9.8 Lux har mulighet for tilkobling av ekstern luft, hvilket er en stor fordel i nye og tette hus. Den n\u00f8dvendige forbrenningsluften tilf\u00f8res direkte utenfra og f\u00f8res inn i ovnen gjennom et luftinntak p\u00e5 ovnen. Luftinntaket installeres bak eller under ovnen. Se v\u00e5rt smarte skrin til montering av friskluft\u00a0HER.<\/p>","protected":false},"featured_media":4220,"comment_status":"open","ping_status":"closed","template":"","meta":[],"product_brand":[],"product_cat":[281,282],"product_tag":[],"class_list":{"0":"post-4139","1":"product","2":"type-product","3":"status-publish","4":"has-post-thumbnail","6":"product_cat-ovn","7":"product_cat-peisovner-og-vedovner","9":"first","10":"instock","11":"shipping-taxable","12":"purchasable","13":"product-type-simple"},"jetpack_sharing_enabled":true,"_links":{"self":[{"href":"https:\/\/vedtilventeren.com\/fr\/wp-json\/wp\/v2\/product\/4139","targetHints":{"allow":["GET"]}}],"collection":[{"href":"https:\/\/vedtilventeren.com\/fr\/wp-json\/wp\/v2\/product"}],"about":[{"href":"https:\/\/vedtilventeren.com\/fr\/wp-json\/wp\/v2\/types\/product"}],"replies":[{"embeddable":true,"href":"https:\/\/vedtilventeren.com\/fr\/wp-json\/wp\/v2\/comments?post=4139"}],"version-history":[{"count":1,"href":"https:\/\/vedtilventeren.com\/fr\/wp-json\/wp\/v2\/product\/4139\/revisions"}],"predecessor-version":[{"id":4221,"href":"https:\/\/vedtilventeren.com\/fr\/wp-json\/wp\/v2\/product\/4139\/revisions\/4221"}],"wp:featuredmedia":[{"embeddable":true,"href":"https:\/\/vedtilventeren.com\/fr\/wp-json\/wp\/v2\/media\/4220"}],"wp:attachment":[{"href":"https:\/\/vedtilventeren.com\/fr\/wp-json\/wp\/v2\/media?parent=4139"}],"wp:term":[{"taxonomy":"product_brand","embeddable":true,"href":"https:\/\/vedtilventeren.com\/fr\/wp-json\/wp\/v2\/product_brand?post=4139"},{"taxonomy":"product_cat","embeddable":true,"href":"https:\/\/vedtilventeren.com\/fr\/wp-json\/wp\/v2\/product_cat?post=4139"},{"taxonomy":"product_tag","embeddable":true,"href":"https:\/\/vedtilventeren.com\/fr\/wp-json\/wp\/v2\/product_tag?post=4139"}],"curies":[{"name":"wp","href":"https:\/\/api.w.org\/{rel}","templated":true}]}}