{"id":4159,"date":"2025-12-02T19:54:19","date_gmt":"2025-12-02T18:54:19","guid":{"rendered":"https:\/\/meca-remorque.com\/?post_type=product&#038;p=4159"},"modified":"2025-12-03T13:29:36","modified_gmt":"2025-12-03T12:29:36","slug":"mbs-happy-kjokkenkomfyr-sort-stal","status":"publish","type":"product","link":"https:\/\/vedtilventeren.com\/fr\/produit\/mbs-happy-kjokkenkomfyr-sort-stal\/","title":{"rendered":"MBS Happy kj\u00f8kkenkomfyr, sort st\u00e5l"},"content":{"rendered":"","protected":false},"excerpt":{"rendered":"<p>Kompakt kj\u00f8kkenkomfyr med kokeplate<br \/>\n&nbsp;<br \/>\nHAPPY er en vedovn som kombinerer moderne design med lang tradisjon. Takket v\u00e6re sine kompakte dimensjoner tilpasser den seg enkelt forskjellige rom samt hytter og aneks til hytter. Den lille kokeplaten gj\u00f8r HAPPY til et praktisk valg for de som \u00f8nsker \u00e5 nyte varmen fra ovnen samtidig som man tilbereder enkle m\u00e5ltider.<\/p>","protected":false},"featured_media":4230,"comment_status":"open","ping_status":"closed","template":"","meta":[],"product_brand":[],"product_cat":[283],"product_tag":[],"class_list":{"0":"post-4159","1":"product","2":"type-product","3":"status-publish","4":"has-post-thumbnail","6":"product_cat-vedovn","8":"first","9":"instock","10":"shipping-taxable","11":"purchasable","12":"product-type-simple"},"jetpack_sharing_enabled":true,"_links":{"self":[{"href":"https:\/\/vedtilventeren.com\/fr\/wp-json\/wp\/v2\/product\/4159","targetHints":{"allow":["GET"]}}],"collection":[{"href":"https:\/\/vedtilventeren.com\/fr\/wp-json\/wp\/v2\/product"}],"about":[{"href":"https:\/\/vedtilventeren.com\/fr\/wp-json\/wp\/v2\/types\/product"}],"replies":[{"embeddable":true,"href":"https:\/\/vedtilventeren.com\/fr\/wp-json\/wp\/v2\/comments?post=4159"}],"version-history":[{"count":1,"href":"https:\/\/vedtilventeren.com\/fr\/wp-json\/wp\/v2\/product\/4159\/revisions"}],"predecessor-version":[{"id":4231,"href":"https:\/\/vedtilventeren.com\/fr\/wp-json\/wp\/v2\/product\/4159\/revisions\/4231"}],"wp:featuredmedia":[{"embeddable":true,"href":"https:\/\/vedtilventeren.com\/fr\/wp-json\/wp\/v2\/media\/4230"}],"wp:attachment":[{"href":"https:\/\/vedtilventeren.com\/fr\/wp-json\/wp\/v2\/media?parent=4159"}],"wp:term":[{"taxonomy":"product_brand","embeddable":true,"href":"https:\/\/vedtilventeren.com\/fr\/wp-json\/wp\/v2\/product_brand?post=4159"},{"taxonomy":"product_cat","embeddable":true,"href":"https:\/\/vedtilventeren.com\/fr\/wp-json\/wp\/v2\/product_cat?post=4159"},{"taxonomy":"product_tag","embeddable":true,"href":"https:\/\/vedtilventeren.com\/fr\/wp-json\/wp\/v2\/product_tag?post=4159"}],"curies":[{"name":"wp","href":"https:\/\/api.w.org\/{rel}","templated":true}]}}