{"id":4162,"date":"2025-12-02T19:54:19","date_gmt":"2025-12-02T18:54:19","guid":{"rendered":"https:\/\/meca-remorque.com\/?post_type=product&#038;p=4162"},"modified":"2025-12-02T19:54:53","modified_gmt":"2025-12-02T18:54:53","slug":"hajduk-smart-2lth-s-hevedor","status":"publish","type":"product","link":"https:\/\/vedtilventeren.com\/fr\/produit\/hajduk-smart-2lth-s-hevedor\/","title":{"rendered":"Hajduk SMART 2LTh-S (heved\u00f8r)"},"content":{"rendered":"<p>Hajduk innsats med heved\u00f8r og sideglass, holdbar peisinnsats med selvrensende glass og effektiv luftstyring for \u00f8konomisk og milj\u00f8vennlig forbrenning.<br \/>\n&nbsp;<br \/>\nDen er utstyrt med et moderne dobbelvegget st\u00e5l- og chamottestruktur, som sikrer langvarig bruk. Innsatsen har ogs\u00e5 et Clear View selv-rengj\u00f8ringssystem for \u00e5 holde glasset rent, samt en CLING heved\u00f8r-mekanisme for enkel (og elegant!) betjening.<br \/>\n&nbsp;<\/p>","protected":false},"excerpt":{"rendered":"<p>Hajduk innsats med heved\u00f8r og sideglass, holdbar peisinnsats med selvrensende glass og effektiv luftstyring for \u00f8konomisk og milj\u00f8vennlig forbrenning. &nbsp;<\/p>","protected":false},"featured_media":4236,"comment_status":"open","ping_status":"closed","template":"","meta":[],"product_brand":[],"product_cat":[277],"product_tag":[],"class_list":{"0":"post-4162","1":"product","2":"type-product","3":"status-publish","4":"has-post-thumbnail","6":"product_cat-innsats-med-glass-pa-2-side","8":"first","9":"instock","10":"sale","11":"shipping-taxable","12":"purchasable","13":"product-type-simple"},"jetpack_sharing_enabled":true,"_links":{"self":[{"href":"https:\/\/vedtilventeren.com\/fr\/wp-json\/wp\/v2\/product\/4162","targetHints":{"allow":["GET"]}}],"collection":[{"href":"https:\/\/vedtilventeren.com\/fr\/wp-json\/wp\/v2\/product"}],"about":[{"href":"https:\/\/vedtilventeren.com\/fr\/wp-json\/wp\/v2\/types\/product"}],"replies":[{"embeddable":true,"href":"https:\/\/vedtilventeren.com\/fr\/wp-json\/wp\/v2\/comments?post=4162"}],"version-history":[{"count":1,"href":"https:\/\/vedtilventeren.com\/fr\/wp-json\/wp\/v2\/product\/4162\/revisions"}],"predecessor-version":[{"id":4237,"href":"https:\/\/vedtilventeren.com\/fr\/wp-json\/wp\/v2\/product\/4162\/revisions\/4237"}],"wp:featuredmedia":[{"embeddable":true,"href":"https:\/\/vedtilventeren.com\/fr\/wp-json\/wp\/v2\/media\/4236"}],"wp:attachment":[{"href":"https:\/\/vedtilventeren.com\/fr\/wp-json\/wp\/v2\/media?parent=4162"}],"wp:term":[{"taxonomy":"product_brand","embeddable":true,"href":"https:\/\/vedtilventeren.com\/fr\/wp-json\/wp\/v2\/product_brand?post=4162"},{"taxonomy":"product_cat","embeddable":true,"href":"https:\/\/vedtilventeren.com\/fr\/wp-json\/wp\/v2\/product_cat?post=4162"},{"taxonomy":"product_tag","embeddable":true,"href":"https:\/\/vedtilventeren.com\/fr\/wp-json\/wp\/v2\/product_tag?post=4162"}],"curies":[{"name":"wp","href":"https:\/\/api.w.org\/{rel}","templated":true}]}}