{"id":4295,"date":"2025-12-02T19:55:06","date_gmt":"2025-12-02T18:55:06","guid":{"rendered":"https:\/\/meca-remorque.com\/?post_type=product&#038;p=4295"},"modified":"2025-12-02T19:55:17","modified_gmt":"2025-12-02T18:55:17","slug":"romotop-laredo-h-30-sort-stal","status":"publish","type":"product","link":"https:\/\/vedtilventeren.com\/fr\/produit\/romotop-laredo-h-30-sort-stal\/","title":{"rendered":"Romotop Laredo H 30 Sort st\u00e5l"},"content":{"rendered":"<p>Romotop Laredo H st\u00e5l<br \/>\n&nbsp;<br \/>\nLaredo er en serie peisovner som kommer i 3 hovedmodeller: standard, med mulighet for varmelagring og svingbar modell p\u00e5 fot. Alle modellene kan leveres med tre forskjellige overflater: st\u00e5l, kleberstein og keramikk. Formen og st\u00f8rrelsen gj\u00f8r ovnen lett \u00e5 plassere. Alle varienter har et stort og heldekkende glass i d\u00f8ren som gir godt innsyn til flammene. Slitesterk og varmebestandig chamottestein i brennkammeret er standard p\u00e5 alle variantene.<br \/>\nLaredo i st\u00e5l: Attraktiv og luksuri\u00f8s ovn med unike prorsjoner, glassd\u00f8r og betjeningsh\u00e5ndtak i rustfritt st\u00e5l.<\/p>\n<p>Mulighet for varmelagringselement over brennkammeret<br \/>\nGodt egnet for lavenergihus<br \/>\nBuet glass gir godt innsyn til flammene<br \/>\nForvarmet sekund\u00e6rluft som \u00abvasker\u00bb vekk sot fra glasset i d\u00f8ren<br \/>\nPolerte rustfrie betjeningshendler<br \/>\nDesignglass med print<br \/>\nForbrenningskontroll med kun en hendel<br \/>\nForberett for tilkobling til friskluft<br \/>\nSokkelrom med d\u00f8r<\/p>","protected":false},"excerpt":{"rendered":"<p>Romotop Laredo H st\u00e5l<br \/>\n&nbsp;<br \/>\nLaredo er en serie peisovner som kommer i 3 hovedmodeller: standard, med mulighet for varmelagring og svingbar modell p\u00e5 fot. Alle modellene kan leveres med tre forskjellige overflater: st\u00e5l, kleberstein og keramikk. Formen og st\u00f8rrelsen gj\u00f8r ovnen lett \u00e5 plassere<\/p>","protected":false},"featured_media":4344,"comment_status":"open","ping_status":"closed","template":"","meta":[],"product_brand":[],"product_cat":[282],"product_tag":[],"class_list":{"0":"post-4295","1":"product","2":"type-product","3":"status-publish","4":"has-post-thumbnail","6":"product_cat-peisovner-og-vedovner","8":"first","9":"instock","10":"shipping-taxable","11":"purchasable","12":"product-type-simple"},"jetpack_sharing_enabled":true,"_links":{"self":[{"href":"https:\/\/vedtilventeren.com\/fr\/wp-json\/wp\/v2\/product\/4295","targetHints":{"allow":["GET"]}}],"collection":[{"href":"https:\/\/vedtilventeren.com\/fr\/wp-json\/wp\/v2\/product"}],"about":[{"href":"https:\/\/vedtilventeren.com\/fr\/wp-json\/wp\/v2\/types\/product"}],"replies":[{"embeddable":true,"href":"https:\/\/vedtilventeren.com\/fr\/wp-json\/wp\/v2\/comments?post=4295"}],"version-history":[{"count":1,"href":"https:\/\/vedtilventeren.com\/fr\/wp-json\/wp\/v2\/product\/4295\/revisions"}],"predecessor-version":[{"id":4345,"href":"https:\/\/vedtilventeren.com\/fr\/wp-json\/wp\/v2\/product\/4295\/revisions\/4345"}],"wp:featuredmedia":[{"embeddable":true,"href":"https:\/\/vedtilventeren.com\/fr\/wp-json\/wp\/v2\/media\/4344"}],"wp:attachment":[{"href":"https:\/\/vedtilventeren.com\/fr\/wp-json\/wp\/v2\/media?parent=4295"}],"wp:term":[{"taxonomy":"product_brand","embeddable":true,"href":"https:\/\/vedtilventeren.com\/fr\/wp-json\/wp\/v2\/product_brand?post=4295"},{"taxonomy":"product_cat","embeddable":true,"href":"https:\/\/vedtilventeren.com\/fr\/wp-json\/wp\/v2\/product_cat?post=4295"},{"taxonomy":"product_tag","embeddable":true,"href":"https:\/\/vedtilventeren.com\/fr\/wp-json\/wp\/v2\/product_tag?post=4295"}],"curies":[{"name":"wp","href":"https:\/\/api.w.org\/{rel}","templated":true}]}}