{"id":4296,"date":"2025-12-02T19:55:06","date_gmt":"2025-12-02T18:55:06","guid":{"rendered":"https:\/\/meca-remorque.com\/?post_type=product&#038;p=4296"},"modified":"2025-12-02T19:55:18","modified_gmt":"2025-12-02T18:55:18","slug":"romotop-ovalis-t-20-kleberstein","status":"publish","type":"product","link":"https:\/\/vedtilventeren.com\/fr\/produit\/romotop-ovalis-t-20-kleberstein\/","title":{"rendered":"Romotop Ovalis T 20 Kleberstein"},"content":{"rendered":"<p>Romotop Ovalis med 360 gr dreiesokkel. N\u00f8ye beregning av alle viktige dimensjoner har resultert I et unikt design. Formen p\u00e5 ovner er oval og gir dermed et litt bredere brennkammer enn liknende ovner. Det gj\u00f8r den lett og bruke \u00e5 tenne opp, siden man f\u00e5r plass til ved i st\u00f8rre lengder. Brennkammeret er kledd med slitesterk og ildfaste keramiske steiner.<br \/>\nStort og buet glass gir meget godt innsyn til flammene.<br \/>\nInntil 40 cm vedlengde.<br \/>\nEgnet for lavenergihus<br \/>\nPolerte rustfrie h\u00e5ndtak<br \/>\nGlass med stor radius gir godt innsyn til flammene fra forskjellige vinkler.<br \/>\nPeisovnen roterer p\u00e5 egen akse<br \/>\nForvarming av sekund\u00e6rluften for \u00e5 holde glasset rent<br \/>\nKlar for ekstern tilkobling av forbrenningsluft(EAI)<br \/>\nTrekkregulering med bare \u00e9n kontroll<\/p>","protected":false},"excerpt":{"rendered":"<p>Romotop Ovalis med 360 gr dreiesokkel &#8230;les mer<\/p>","protected":false},"featured_media":4346,"comment_status":"open","ping_status":"closed","template":"","meta":[],"product_brand":[],"product_cat":[282],"product_tag":[],"class_list":{"0":"post-4296","1":"product","2":"type-product","3":"status-publish","4":"has-post-thumbnail","6":"product_cat-peisovner-og-vedovner","8":"first","9":"instock","10":"shipping-taxable","11":"purchasable","12":"product-type-simple"},"jetpack_sharing_enabled":true,"_links":{"self":[{"href":"https:\/\/vedtilventeren.com\/fr\/wp-json\/wp\/v2\/product\/4296","targetHints":{"allow":["GET"]}}],"collection":[{"href":"https:\/\/vedtilventeren.com\/fr\/wp-json\/wp\/v2\/product"}],"about":[{"href":"https:\/\/vedtilventeren.com\/fr\/wp-json\/wp\/v2\/types\/product"}],"replies":[{"embeddable":true,"href":"https:\/\/vedtilventeren.com\/fr\/wp-json\/wp\/v2\/comments?post=4296"}],"version-history":[{"count":1,"href":"https:\/\/vedtilventeren.com\/fr\/wp-json\/wp\/v2\/product\/4296\/revisions"}],"predecessor-version":[{"id":4347,"href":"https:\/\/vedtilventeren.com\/fr\/wp-json\/wp\/v2\/product\/4296\/revisions\/4347"}],"wp:featuredmedia":[{"embeddable":true,"href":"https:\/\/vedtilventeren.com\/fr\/wp-json\/wp\/v2\/media\/4346"}],"wp:attachment":[{"href":"https:\/\/vedtilventeren.com\/fr\/wp-json\/wp\/v2\/media?parent=4296"}],"wp:term":[{"taxonomy":"product_brand","embeddable":true,"href":"https:\/\/vedtilventeren.com\/fr\/wp-json\/wp\/v2\/product_brand?post=4296"},{"taxonomy":"product_cat","embeddable":true,"href":"https:\/\/vedtilventeren.com\/fr\/wp-json\/wp\/v2\/product_cat?post=4296"},{"taxonomy":"product_tag","embeddable":true,"href":"https:\/\/vedtilventeren.com\/fr\/wp-json\/wp\/v2\/product_tag?post=4296"}],"curies":[{"name":"wp","href":"https:\/\/api.w.org\/{rel}","templated":true}]}}