{"id":4510,"date":"2025-12-07T00:37:53","date_gmt":"2025-12-06T23:37:53","guid":{"rendered":"https:\/\/vedtilventeren.com\/?post_type=product&#038;p=4510"},"modified":"2025-12-07T00:38:00","modified_gmt":"2025-12-06T23:38:00","slug":"ballot-de-bois-de-chauffage-sec-sechoirs-pret-a-lemploi-melange-feuillus","status":"publish","type":"product","link":"https:\/\/vedtilventeren.com\/fr\/produit\/ballot-de-bois-de-chauffage-sec-sechoirs-pret-a-lemploi-melange-feuillus\/","title":{"rendered":"Ballot de bois de chauffage sec s\u00e9choirs &#8211; pr\u00eat \u00e0 l&#8217;emploi &#8211; m\u00e9lange feuillus"},"content":{"rendered":"<p>Bois de chauffage sec en ballot<br \/>\nProfitez de vos b\u00fbches&nbsp;de bois en ballot, coup\u00e9es en diff\u00e9rentes dimensions (25cm,33cm)<br \/>\nLe ballot est compos\u00e9e uniquement d&rsquo;une palette et des b\u00fbches en vrac empil\u00e9es, tass\u00e9es puis film\u00e9es.<br \/>\nLe bois de chauffage Piskorski est un produit unique: \u00e9tuv\u00e9 il est pr\u00eat \u00e0 br\u00fbler dans la chemin\u00e9e, le po\u00eale ou l&rsquo;insert; plus de parasites ni de mousses qui sont d\u00e9truites au s\u00e9chage. Vous profiterez d&rsquo;un bois qui s&rsquo;allume rapidement et facilement, qui d\u00e9gage beaucoup plus d&rsquo;\u00e9nergie qu&rsquo;un bois humide ou m\u00eame s\u00e9ch\u00e9 naturellement.&nbsp;<br \/>\n&nbsp;<br \/>\nPlus de gaspillage de calories avec du bois de chauffage sec!<br \/>\n&nbsp;<br \/>\nPensez \u00e0 laisser la place pour la livraison des palettes:&nbsp;<\/p>\n<p>Sol lisse et roulant<br \/>\nDimensions des ballots :&nbsp;<\/p>\n<p>(1m x 1m20 x 1m55) pour du bois en 25cm : 1860dm3<br \/>\n(1m x 1m20 x 1m75) pour du bois en 33cm :&nbsp;2100dm3<br \/>\n(1m x 1m20 x 1m90) pour du bois en 40cm :&nbsp;2280dm3<\/p>\n<p>Pas de marches ni de seuils de portes &gt;5cm<br \/>\nAcc\u00e8s pour un camion 19T ou son chariot embarqu\u00e9<\/p>\n<p>&nbsp;<\/p>\n<p>Vente en ligne de bois de chauffage, pellets &amp; bois compress\u00e9<br \/>\nPiskorski bois energie met \u00e0 disposition des solutions de chauffage hautes performances pour tout type d\u2019appareil. Bois b\u00fbche, granul\u00e9s de bois, b\u00fbches densifi\u00e9es &amp; bois pour four \u00e0 bois, les produits propos\u00e9s sur la boutique en ligne sont garantis de qualit\u00e9 et conf\u00e8rent un pouvoir calorifique \u00e9lev\u00e9 pour une chauffe optimale de votre int\u00e9rieur. Exploitant forestier en Lorraine, Piskorski propose du bois de chauffage et pellets issus de son exploitation et travaille \u00e9galement avec des marques reconnues afin d\u2019\u00e9largir sa gamme. Pour une offre compl\u00e8te, accessoires pour l\u2019allumage du feu et pour les appareils de chauffage (serviteurs, rangements pour le bois, produits d\u2019entretien pour chemin\u00e9e et po\u00eale&#8230;) sont \u00e9galement disponibles sur notre site de vente en ligne.<\/p>\n<p>Hauteur 1m55 \/ 1m70 \/ 1m80<br \/>\nLargeur 1m20<br \/>\nPoids 700kg<br \/>\nLongueur 1m<br \/>\nHumidit\u00e9 contr\u00f4l\u00e9e inf\u00e9rieur \u00e0 20%<br \/>\nPouvoir calorifique 2000<br \/>\nEssences H\u00eatre, charme, fr\u00eane et ch\u00eane uniquement<br \/>\nLivraison Palette2st<\/p>\n<p>produit<br \/>\n\u00e0 partir de (qt\u00e9)<br \/>\nprix<\/p>\n<p> Ballot de bois de chauffage sec s\u00e9choirs &#8211; pr\u00eat \u00e0 l&#8217;emploi &#8211; m\u00e9lange feuillus<br \/>\n3<br \/>\n 240.00\u20ac (-10.00\u20ac)<\/p>\n<p> Voir l&rsquo;attestation de confiance<br \/>\nAvis soumis \u00e0 un contr\u00f4le<\/p>\n<p> Pour plus d&rsquo;informations sur les caract\u00e9ristiques du contr\u00f4le des avis et la possibilit\u00e9 de contacter l&rsquo;auteur de l&rsquo;avis, merci de consulter nos CGU.<br \/>\n Aucune contrepartie n&rsquo;a \u00e9t\u00e9 fournie en \u00e9change des avis<br \/>\n Les avis sont publi\u00e9s et conserv\u00e9s pendant une dur\u00e9e de cinq ans<br \/>\n Les avis ne sont pas modifiables : si un client souhaite modifier son avis, il doit contacter Avis Verifi\u00e9s afin de supprimer l&rsquo;avis existant, et en publier un nouveau<br \/>\n Les motifs de suppression des avis sont disponibles ici.<\/p>\n<p> 4.8 \/5<\/p>\n<p> Calcul\u00e9 \u00e0 partir de 119 avis client(s)<\/p>\n<p> 1<\/p>\n<p>   0  <\/p>\n<p> 2<\/p>\n<p>   0  <\/p>\n<p> 3<\/p>\n<p>   7  <\/p>\n<p> 4<\/p>\n<p>   14  <\/p>\n<p> 5<\/p>\n<p>   98  <\/p>\n<p> Trier l&rsquo;affichage des avis : &#8212;Les plus r\u00e9centsLes plus anciensNote la plus \u00e9lev\u00e9eNote la plus faibleLes plus utiles <\/p>\n<p> Francine C. publi\u00e9 le 22\/03\/2023 suite \u00e0 une commande du 08\/03\/2023<\/p>\n<p> 5\/5<\/p>\n<p> tout est parfait.<br \/>\n Cet avis vous a-t-il \u00e9t\u00e9 utile ? Oui 0 Non 0<\/p>\n<p> Benoit G. publi\u00e9 le 17\/03\/2023 suite \u00e0 une commande du 28\/02\/2023<\/p>\n<p> 5\/5<\/p>\n<p> Tr\u00e8s bien, utilisable imm\u00e9diatement, s&#8217;empile et se range tr\u00e8s facilement, bonne qualit\u00e9 de bois.<br \/>\n Cet avis vous a-t-il \u00e9t\u00e9 utile ? Oui 0 Non 0<\/p>\n<p> Veronique L. publi\u00e9 le 14\/03\/2023 suite \u00e0 une commande du 03\/03\/2023<\/p>\n<p> 5\/5<\/p>\n<p> Parfait<br \/>\n Cet avis vous a-t-il \u00e9t\u00e9 utile ? Oui 0 Non 0<\/p>\n<p> Pascale R. publi\u00e9 le 10\/03\/2023 suite \u00e0 une commande du 23\/02\/2023<\/p>\n<p> 5\/5<\/p>\n<p> Parfait<br \/>\n Cet avis vous a-t-il \u00e9t\u00e9 utile ? Oui 0 Non 0<\/p>\n<p> Marc H. publi\u00e9 le 10\/03\/2023 suite \u00e0 une commande du 10\/02\/2023<\/p>\n<p> 5\/5<\/p>\n<p> Conforme \u00e0 la commande, bois de tr\u00e8s bonne qualit\u00e9!<br \/>\n Cet avis vous a-t-il \u00e9t\u00e9 utile ? Oui 0 Non 0<\/p>\n<p> Lorena R. publi\u00e9 le 10\/03\/2023 suite \u00e0 une commande du 21\/11\/2022<\/p>\n<p> 5\/5<\/p>\n<p> Bois de super bonne qualit\u00e9, br\u00fble tr\u00e8s bien! Je recommande.<br \/>\n Cet avis vous a-t-il \u00e9t\u00e9 utile ? Oui 0 Non 0<\/p>\n<p> Plus de commentaires&#8230;<\/p>\n<p> \u00d7<\/p>\n<p>Exported using <a href=\"https:\/\/boatscrape.com\/\">BoatScrape<\/a><\/p>","protected":false},"excerpt":{"rendered":"<p>NOUVEAU: Ballot vrac de Bois de chauffage Sec G1H1&nbsp;s\u00e9ch\u00e9 en s\u00e9choirs.<br \/>\nVolume apparent: 33cm = 2100dm3 \/ 25cm = 1860dm3 \/ 40cm = 2280dm3 , \u00e9quivalent \u00e0 2 st\u00e8res empil\u00e9s<br \/>\nHumidit\u00e9 du bois contr\u00f4l\u00e9e lors du s\u00e9chage, garantie inf\u00e9rieure \u00e0 20%, pour un rendement maximum.&nbsp;<br \/>\nBois en vrac sur une palette perdue et film\u00e9e, pratique et \u00e9conomique<br \/>\n  En savoir plus<\/p>","protected":false},"featured_media":4540,"comment_status":"open","ping_status":"closed","template":"","meta":[],"product_brand":[],"product_cat":[590],"product_tag":[],"class_list":{"0":"post-4510","1":"product","2":"type-product","3":"status-publish","4":"has-post-thumbnail","6":"product_cat-bois-de-chauffage","8":"first","9":"instock","10":"shipping-taxable","11":"purchasable","12":"product-type-simple"},"jetpack_sharing_enabled":true,"_links":{"self":[{"href":"https:\/\/vedtilventeren.com\/fr\/wp-json\/wp\/v2\/product\/4510","targetHints":{"allow":["GET"]}}],"collection":[{"href":"https:\/\/vedtilventeren.com\/fr\/wp-json\/wp\/v2\/product"}],"about":[{"href":"https:\/\/vedtilventeren.com\/fr\/wp-json\/wp\/v2\/types\/product"}],"replies":[{"embeddable":true,"href":"https:\/\/vedtilventeren.com\/fr\/wp-json\/wp\/v2\/comments?post=4510"}],"version-history":[{"count":1,"href":"https:\/\/vedtilventeren.com\/fr\/wp-json\/wp\/v2\/product\/4510\/revisions"}],"predecessor-version":[{"id":4541,"href":"https:\/\/vedtilventeren.com\/fr\/wp-json\/wp\/v2\/product\/4510\/revisions\/4541"}],"wp:featuredmedia":[{"embeddable":true,"href":"https:\/\/vedtilventeren.com\/fr\/wp-json\/wp\/v2\/media\/4540"}],"wp:attachment":[{"href":"https:\/\/vedtilventeren.com\/fr\/wp-json\/wp\/v2\/media?parent=4510"}],"wp:term":[{"taxonomy":"product_brand","embeddable":true,"href":"https:\/\/vedtilventeren.com\/fr\/wp-json\/wp\/v2\/product_brand?post=4510"},{"taxonomy":"product_cat","embeddable":true,"href":"https:\/\/vedtilventeren.com\/fr\/wp-json\/wp\/v2\/product_cat?post=4510"},{"taxonomy":"product_tag","embeddable":true,"href":"https:\/\/vedtilventeren.com\/fr\/wp-json\/wp\/v2\/product_tag?post=4510"}],"curies":[{"name":"wp","href":"https:\/\/api.w.org\/{rel}","templated":true}]}}