{"id":4511,"date":"2025-12-07T00:37:53","date_gmt":"2025-12-06T23:37:53","guid":{"rendered":"https:\/\/vedtilventeren.com\/?post_type=product&#038;p=4511"},"modified":"2025-12-07T00:38:07","modified_gmt":"2025-12-06T23:38:07","slug":"bois-de-chauffage-haute-performances-sec-sechoirs-pret-a-lemploi-melange-feullus","status":"publish","type":"product","link":"https:\/\/vedtilventeren.com\/fr\/produit\/bois-de-chauffage-haute-performances-sec-sechoirs-pret-a-lemploi-melange-feullus\/","title":{"rendered":"Bois de chauffage haute performances &#8211; sec s\u00e9choirs &#8211; pr\u00eat \u00e0 l&#8217;emploi &#8211; m\u00e9lange feullus"},"content":{"rendered":"<p>Bois b\u00fbche de qualit\u00e9 sup\u00e9rieure<br \/>\nUn bois b\u00fbche de qualit\u00e9 sup\u00e9rieure pour une utilisation imm\u00e9diate dans l&rsquo;appareil de chauffage, ce qui garanti le meilleur rendement de l&rsquo;appareil de chauffage, sans fum\u00e9es, et un encrassement minimum du conduit de chemin\u00e9e.<br \/>\nLes avantages d&rsquo;un bois pass\u00e9 en s\u00e9choir :<\/p>\n<p>&nbsp;\u00e9corc\u00e9 partiellement par le s\u00e9chage et le tamisage<br \/>\n&nbsp;sans parasites, insectes, champignons<br \/>\n&nbsp;s&rsquo;allume tr\u00e8s facilement<br \/>\n&nbsp;uniquement en quartiers<br \/>\n&nbsp;br\u00fble sans fum\u00e9es<br \/>\n&nbsp;n&rsquo;encrasse pas la chemin\u00e9e<br \/>\n&nbsp;pas de gaspillage de calories<\/p>\n<p>&nbsp;Le m\u00e9lange est uniquement constitu\u00e9 de h\u00eatre, charme, ch\u00eane, et fr\u00eane, les essences les plus calorifiques pour le bois de chauffage.<br \/>\nUn st\u00e8re de bois s\u00e9ch\u00e9 artificiellement repr\u00e9sente 1,3 st\u00e8re de bois mi-sec en terme d&rsquo;\u00e9nergie calorifique d\u00e9gag\u00e9e.<br \/>\nLe volume d&rsquo;un st\u00e8re de bois rang\u00e9 repr\u00e9sente en 33cm, un volume de 0,7m3. Aussi lorsque le bois est coup\u00e9 en longueur de 25cm le volume d&rsquo;un st\u00e8re de bois est de 0,6m3 et enfin lorsqu&rsquo;il est coup\u00e9 en longueur de 40cm, le volume d&rsquo;un st\u00e8re de bois est de 0,74m3.<br \/>\nPlus le bois de chauffage est coup\u00e9 court, mieux il s&#8217;empile et il y a moins de vides entre les b\u00fbches, le volume apparent diminue mais la quantit\u00e9 de bois reste la m\u00eame.<\/p>\n<p>Longueur 25, 33cm ou 40cm +\/- 5%<br \/>\nHumidit\u00e9 contr\u00f4l\u00e9e et garantie inf\u00e9rieure \u00e0 20%.<br \/>\nLivraison en vrac par benne, plus de renseignements dans la section livraison.&nbsp;<\/p>\n<p>Quantit\u00e9 minimum de commande =&nbsp;1 st\u00e8res<br \/>\nLivraison offerte \u00e0 partir de 5 st\u00e8res. Dans le cas \u00e9ch\u00e9ant un forfait livraison de 40\u20ac s&rsquo;applique.<\/p>\n<p>Vente en ligne de bois de chauffage, pellets &amp; bois compress\u00e9<br \/>\nPiskorski bois energie met \u00e0 disposition des solutions de chauffage hautes performances pour tout type d\u2019appareil. Bois b\u00fbche, granul\u00e9s de bois, b\u00fbches densifi\u00e9es &amp; bois pour four \u00e0 bois, les produits propos\u00e9s sur la boutique en ligne sont garantis de qualit\u00e9 et conf\u00e8rent un pouvoir calorifique \u00e9lev\u00e9 pour une chauffe optimale de votre int\u00e9rieur. Exploitant forestier en Lorraine, Piskorski propose du bois de chauffage et pellets issus de son exploitation et travaille \u00e9galement avec des marques reconnues afin d\u2019\u00e9largir sa gamme. Pour une offre compl\u00e8te, accessoires pour l\u2019allumage du feu et pour les appareils de chauffage (serviteurs, rangements pour le bois, produits d\u2019entretien pour chemin\u00e9e et po\u00eale&#8230;) sont \u00e9galement disponibles sur notre site de vente en ligne.<\/p>\n<p>Longueur 25cm, 33cm ou 40cm<br \/>\nHumidit\u00e9 contr\u00f4l\u00e9e ~15-20%<br \/>\nPouvoir calorifique 2000 kWh<br \/>\nEssences H\u00eatre 90% &#8211; Charme, Fr\u00eane et Ch\u00eane<br \/>\nFormat Uniquement en Quartiers<br \/>\nLivraison En vrac, par benne<\/p>\n<p>produit<br \/>\n\u00e0 partir de (qt\u00e9)<br \/>\nprix<\/p>\n<p> Bois de chauffage haute performances &#8211; sec s\u00e9choirs &#8211; pr\u00eat \u00e0 l&#8217;emploi &#8211; m\u00e9lange feullus<br \/>\n15<br \/>\n 98.00\u20ac (-3.00\u20ac)<\/p>\n<p> Voir l&rsquo;attestation de confiance<br \/>\nAvis soumis \u00e0 un contr\u00f4le<\/p>\n<p> Pour plus d&rsquo;informations sur les caract\u00e9ristiques du contr\u00f4le des avis et la possibilit\u00e9 de contacter l&rsquo;auteur de l&rsquo;avis, merci de consulter nos CGU.<br \/>\n Aucune contrepartie n&rsquo;a \u00e9t\u00e9 fournie en \u00e9change des avis<br \/>\n Les avis sont publi\u00e9s et conserv\u00e9s pendant une dur\u00e9e de cinq ans<br \/>\n Les avis ne sont pas modifiables : si un client souhaite modifier son avis, il doit contacter Avis Verifi\u00e9s afin de supprimer l&rsquo;avis existant, et en publier un nouveau<br \/>\n Les motifs de suppression des avis sont disponibles ici.<\/p>\n<p> 4.7 \/5<\/p>\n<p> Calcul\u00e9 \u00e0 partir de 940 avis client(s)<\/p>\n<p> 1<\/p>\n<p>   4  <\/p>\n<p> 2<\/p>\n<p>   9  <\/p>\n<p> 3<\/p>\n<p>   26  <\/p>\n<p> 4<\/p>\n<p>   176  <\/p>\n<p> 5<\/p>\n<p>   726  <\/p>\n<p> Trier l&rsquo;affichage des avis : &#8212;Les plus r\u00e9centsLes plus anciensNote la plus \u00e9lev\u00e9eNote la plus faibleLes plus utiles <\/p>\n<p> Dominique B. publi\u00e9 le 21\/03\/2023 suite \u00e0 une commande du 24\/02\/2023<\/p>\n<p> 5\/5<\/p>\n<p> Conforme au descriptif<br \/>\n Cet avis vous a-t-il \u00e9t\u00e9 utile ? Oui 0 Non 0<\/p>\n<p> Eric B. publi\u00e9 le 12\/03\/2023 suite \u00e0 une commande du 01\/03\/2023<\/p>\n<p> 5\/5<\/p>\n<p> Tr\u00e8s bon produit<br \/>\n Cet avis vous a-t-il \u00e9t\u00e9 utile ? Oui 0 Non 0<\/p>\n<p> Denis S. publi\u00e9 le 12\/03\/2023 suite \u00e0 une commande du 01\/03\/2023<\/p>\n<p> 4\/5<\/p>\n<p> Bois rouge , quelle est son essence ?<br \/>\n Cet avis vous a-t-il \u00e9t\u00e9 utile ? Oui 0 Non 0<\/p>\n<p> Claudine C. publi\u00e9 le 11\/03\/2023 suite \u00e0 une commande du 22\/02\/2023<\/p>\n<p> 5\/5<\/p>\n<p> Tr\u00e8s bien<br \/>\n Cet avis vous a-t-il \u00e9t\u00e9 utile ? Oui 0 Non 0<\/p>\n<p> Pascal P. publi\u00e9 le 10\/03\/2023 suite \u00e0 une commande du 17\/02\/2023<\/p>\n<p> 5\/5<\/p>\n<p> bois de belle qualit\u00e9, mais un peu cher &#8230;..<br \/>\n Cet avis vous a-t-il \u00e9t\u00e9 utile ? Oui 0 Non 0<\/p>\n<p> Bardo D. publi\u00e9 le 10\/03\/2023 suite \u00e0 une commande du 22\/02\/2023<\/p>\n<p> 4\/5<\/p>\n<p> Bois de qualit\u00e9 mais nous avons une pr\u00e9f\u00e9rence pour une coupe en 50cm<br \/>\n Cet avis vous a-t-il \u00e9t\u00e9 utile ? Oui 0 Non 0<\/p>\n<p> Plus de commentaires&#8230;<\/p>\n<p> \u00d7<\/p>\n<p>Exported using <a href=\"https:\/\/boatscrape.com\/\">BoatScrape<\/a><\/p>","protected":false},"excerpt":{"rendered":"<p>Bois de chauffage s\u00e9ch\u00e9 en s\u00e9choirs &#8211; Livr\u00e9 en vrac par benne<br \/>\nEssences pr\u00e9alablement s\u00e9lectionn\u00e9es (h\u00eatre, charme, ch\u00eane et fr\u00eane), \u00e9corc\u00e9 partiellement, et humidit\u00e9 contr\u00f4l\u00e9e durant la phase de s\u00e9chage.<br \/>\nS\u00e9chage des b\u00fbches de bois en s\u00e9choir artificiel pendant 5&nbsp;jours \u00e0 80\u00b0C<br \/>\nBois b\u00fbches hautes performances pour une consommation imm\u00e9diate.<br \/>\n  En savoir plus<\/p>","protected":false},"featured_media":4544,"comment_status":"open","ping_status":"closed","template":"","meta":[],"product_brand":[],"product_cat":[590],"product_tag":[],"class_list":{"0":"post-4511","1":"product","2":"type-product","3":"status-publish","4":"has-post-thumbnail","6":"product_cat-bois-de-chauffage","8":"first","9":"instock","10":"shipping-taxable","11":"purchasable","12":"product-type-simple"},"jetpack_sharing_enabled":true,"_links":{"self":[{"href":"https:\/\/vedtilventeren.com\/fr\/wp-json\/wp\/v2\/product\/4511","targetHints":{"allow":["GET"]}}],"collection":[{"href":"https:\/\/vedtilventeren.com\/fr\/wp-json\/wp\/v2\/product"}],"about":[{"href":"https:\/\/vedtilventeren.com\/fr\/wp-json\/wp\/v2\/types\/product"}],"replies":[{"embeddable":true,"href":"https:\/\/vedtilventeren.com\/fr\/wp-json\/wp\/v2\/comments?post=4511"}],"version-history":[{"count":1,"href":"https:\/\/vedtilventeren.com\/fr\/wp-json\/wp\/v2\/product\/4511\/revisions"}],"predecessor-version":[{"id":4545,"href":"https:\/\/vedtilventeren.com\/fr\/wp-json\/wp\/v2\/product\/4511\/revisions\/4545"}],"wp:featuredmedia":[{"embeddable":true,"href":"https:\/\/vedtilventeren.com\/fr\/wp-json\/wp\/v2\/media\/4544"}],"wp:attachment":[{"href":"https:\/\/vedtilventeren.com\/fr\/wp-json\/wp\/v2\/media?parent=4511"}],"wp:term":[{"taxonomy":"product_brand","embeddable":true,"href":"https:\/\/vedtilventeren.com\/fr\/wp-json\/wp\/v2\/product_brand?post=4511"},{"taxonomy":"product_cat","embeddable":true,"href":"https:\/\/vedtilventeren.com\/fr\/wp-json\/wp\/v2\/product_cat?post=4511"},{"taxonomy":"product_tag","embeddable":true,"href":"https:\/\/vedtilventeren.com\/fr\/wp-json\/wp\/v2\/product_tag?post=4511"}],"curies":[{"name":"wp","href":"https:\/\/api.w.org\/{rel}","templated":true}]}}